{"id":381,"date":"2019-07-30T19:01:16","date_gmt":"2019-07-30T17:01:16","guid":{"rendered":"http:\/\/technofittings.com\/wp\/?post_type=product&#038;p=381"},"modified":"2019-07-30T19:04:55","modified_gmt":"2019-07-30T17:04:55","slug":"separatori-di-flusso-sp","status":"publish","type":"product","link":"https:\/\/technofittings.com\/de\/prodotto\/separatori-di-flusso-sp\/","title":{"rendered":"Separatori di Flusso SP"},"content":{"rendered":"<p><strong>Caratteristiche costruttive<\/strong><br \/>\n<strong>Applicazione<\/strong> diretta o a distanza mediante capillare di comunicazione flessibile (lungh. max. 8 metri)<br \/>\n<strong>Elemento separatore<\/strong> a membrana in acciaio inox AISI 316L, oppure in AISI 316L rivestito in PTFE, oppure &#8211; su richiesta &#8211; di materiali speciali (Hastelloy, titanio, monel&#8230;); disponibile anche a soffietto in acciaio inox AISI 304<\/p>\n","protected":false},"excerpt":{"rendered":"<p>Il separatore di fluido \u00e8 composto da un elemento elastico che isola il materiale di processo dall&#8217;elemento manometrico, trasmettendogli la pressione tramite la compressione del liquido contenuto nella camera di separazione.<br \/>\nE&#8217; indispensabile ricorrere a questo accorgimento laddove siano presenti particolari caratteristiche chimico-fisiche incompatibili con l&#8217;elemento manometrico, ovviando cos\u00ec agli inconvenienti derivabili allo strumento da fluidi in pressione particolarmente aggressivi, da materiali di processo ad alta viscosit\u00e0, oppure con possibilit\u00e0 di cristallizzazione o solidificazione.<br \/>\nIl separatore costituisce parte integrante dello strumento per cui \u00e8 esclusa la possibilit\u00e0 di smontaggio.<br \/>\nI separatori SP sono adattabili agli strumenti delle varie serie.<\/p>\n","protected":false},"featured_media":373,"template":"","meta":{"_acf_changed":false,"_monsterinsights_skip_tracking":false,"_monsterinsights_sitenote_active":false,"_monsterinsights_sitenote_note":"","_monsterinsights_sitenote_category":0},"product_brand":[],"product_cat":[41,40],"product_tag":[],"class_list":{"0":"post-381","1":"product","2":"type-product","3":"status-publish","4":"has-post-thumbnail","6":"product_cat-manometri","7":"product_cat-manometri-e-termometri","9":"first","10":"instock","11":"taxable","12":"shipping-taxable","13":"purchasable","14":"product-type-simple"},"acf":[],"yoast_head":"<!-- This site is optimized with the Yoast SEO plugin v26.9 - https:\/\/yoast.com\/product\/yoast-seo-wordpress\/ -->\n<title>Separatori di Flusso SP - Techno Fittings<\/title>\n<meta name=\"robots\" content=\"index, follow, max-snippet:-1, max-image-preview:large, max-video-preview:-1\" \/>\n<link rel=\"canonical\" href=\"https:\/\/technofittings.com\/prodotto\/separatori-di-flusso-sp\/\" \/>\n<meta property=\"og:locale\" content=\"de_DE\" \/>\n<meta property=\"og:type\" content=\"article\" \/>\n<meta property=\"og:title\" content=\"Separatori di Flusso SP - Techno Fittings\" \/>\n<meta property=\"og:description\" content=\"Il separatore di fluido \u00e8 composto da un elemento elastico che isola il materiale di processo dall&#039;elemento manometrico, trasmettendogli la pressione tramite la compressione del liquido contenuto nella camera di separazione. E&#039; indispensabile ricorrere a questo accorgimento laddove siano presenti particolari caratteristiche chimico-fisiche incompatibili con l&#039;elemento manometrico, ovviando cos\u00ec agli inconvenienti derivabili allo strumento da fluidi in pressione particolarmente aggressivi, da materiali di processo ad alta viscosit\u00e0, oppure con possibilit\u00e0 di cristallizzazione o solidificazione. Il separatore costituisce parte integrante dello strumento per cui \u00e8 esclusa la possibilit\u00e0 di smontaggio. I separatori SP sono adattabili agli strumenti delle varie serie.\" \/>\n<meta property=\"og:url\" content=\"https:\/\/technofittings.com\/prodotto\/separatori-di-flusso-sp\/\" \/>\n<meta property=\"og:site_name\" content=\"Techno Fittings\" \/>\n<meta property=\"article:modified_time\" content=\"2019-07-30T17:04:55+00:00\" \/>\n<meta property=\"og:image\" content=\"https:\/\/technofittings.com\/wp\/wp-content\/uploads\/2019\/07\/sp.jpg\" \/>\n\t<meta property=\"og:image:width\" content=\"113\" \/>\n\t<meta property=\"og:image:height\" content=\"91\" \/>\n\t<meta property=\"og:image:type\" content=\"image\/jpeg\" \/>\n<meta name=\"twitter:card\" content=\"summary_large_image\" \/>\n<script type=\"application\/ld+json\" class=\"yoast-schema-graph\">{\"@context\":\"https:\/\/schema.org\",\"@graph\":[{\"@type\":\"WebPage\",\"@id\":\"https:\/\/technofittings.com\/prodotto\/separatori-di-flusso-sp\/\",\"url\":\"https:\/\/technofittings.com\/prodotto\/separatori-di-flusso-sp\/\",\"name\":\"Separatori di Flusso SP - Techno Fittings\",\"isPartOf\":{\"@id\":\"https:\/\/technofittings.com\/#website\"},\"primaryImageOfPage\":{\"@id\":\"https:\/\/technofittings.com\/prodotto\/separatori-di-flusso-sp\/#primaryimage\"},\"image\":{\"@id\":\"https:\/\/technofittings.com\/prodotto\/separatori-di-flusso-sp\/#primaryimage\"},\"thumbnailUrl\":\"https:\/\/technofittings.com\/wp\/wp-content\/uploads\/2019\/07\/sp.jpg\",\"datePublished\":\"2019-07-30T17:01:16+00:00\",\"dateModified\":\"2019-07-30T17:04:55+00:00\",\"breadcrumb\":{\"@id\":\"https:\/\/technofittings.com\/prodotto\/separatori-di-flusso-sp\/#breadcrumb\"},\"inLanguage\":\"de-DE\",\"potentialAction\":[{\"@type\":\"ReadAction\",\"target\":[\"https:\/\/technofittings.com\/prodotto\/separatori-di-flusso-sp\/\"]}]},{\"@type\":\"ImageObject\",\"inLanguage\":\"de-DE\",\"@id\":\"https:\/\/technofittings.com\/prodotto\/separatori-di-flusso-sp\/#primaryimage\",\"url\":\"https:\/\/technofittings.com\/wp\/wp-content\/uploads\/2019\/07\/sp.jpg\",\"contentUrl\":\"https:\/\/technofittings.com\/wp\/wp-content\/uploads\/2019\/07\/sp.jpg\",\"width\":113,\"height\":91},{\"@type\":\"BreadcrumbList\",\"@id\":\"https:\/\/technofittings.com\/prodotto\/separatori-di-flusso-sp\/#breadcrumb\",\"itemListElement\":[{\"@type\":\"ListItem\",\"position\":1,\"name\":\"Home\",\"item\":\"https:\/\/technofittings.com\/de\/\"},{\"@type\":\"ListItem\",\"position\":2,\"name\":\"Shop\",\"item\":\"https:\/\/technofittings.com\/en\/shop\/\"},{\"@type\":\"ListItem\",\"position\":3,\"name\":\"Separatori di Flusso SP\"}]},{\"@type\":\"WebSite\",\"@id\":\"https:\/\/technofittings.com\/#website\",\"url\":\"https:\/\/technofittings.com\/\",\"name\":\"Techno Fittings\",\"description\":\"Prodotti e Servizi per l&#039;Industria e la Ricerca Scientifica\",\"publisher\":{\"@id\":\"https:\/\/technofittings.com\/#organization\"},\"potentialAction\":[{\"@type\":\"SearchAction\",\"target\":{\"@type\":\"EntryPoint\",\"urlTemplate\":\"https:\/\/technofittings.com\/?s={search_term_string}\"},\"query-input\":{\"@type\":\"PropertyValueSpecification\",\"valueRequired\":true,\"valueName\":\"search_term_string\"}}],\"inLanguage\":\"de-DE\"},{\"@type\":\"Organization\",\"@id\":\"https:\/\/technofittings.com\/#organization\",\"name\":\"Techno Fittings S.r.l.\",\"url\":\"https:\/\/technofittings.com\/\",\"logo\":{\"@type\":\"ImageObject\",\"inLanguage\":\"de-DE\",\"@id\":\"https:\/\/technofittings.com\/#\/schema\/logo\/image\/\",\"url\":\"https:\/\/technofittings.com\/wp\/wp-content\/uploads\/2020\/01\/cropped-ico.png\",\"contentUrl\":\"https:\/\/technofittings.com\/wp\/wp-content\/uploads\/2020\/01\/cropped-ico.png\",\"width\":512,\"height\":512,\"caption\":\"Techno Fittings S.r.l.\"},\"image\":{\"@id\":\"https:\/\/technofittings.com\/#\/schema\/logo\/image\/\"}}]}<\/script>\n<!-- \/ Yoast SEO plugin. -->","yoast_head_json":{"title":"Separatori di Flusso SP - Techno Fittings","robots":{"index":"index","follow":"follow","max-snippet":"max-snippet:-1","max-image-preview":"max-image-preview:large","max-video-preview":"max-video-preview:-1"},"canonical":"https:\/\/technofittings.com\/prodotto\/separatori-di-flusso-sp\/","og_locale":"de_DE","og_type":"article","og_title":"Separatori di Flusso SP - Techno Fittings","og_description":"Il separatore di fluido \u00e8 composto da un elemento elastico che isola il materiale di processo dall'elemento manometrico, trasmettendogli la pressione tramite la compressione del liquido contenuto nella camera di separazione. E' indispensabile ricorrere a questo accorgimento laddove siano presenti particolari caratteristiche chimico-fisiche incompatibili con l'elemento manometrico, ovviando cos\u00ec agli inconvenienti derivabili allo strumento da fluidi in pressione particolarmente aggressivi, da materiali di processo ad alta viscosit\u00e0, oppure con possibilit\u00e0 di cristallizzazione o solidificazione. Il separatore costituisce parte integrante dello strumento per cui \u00e8 esclusa la possibilit\u00e0 di smontaggio. I separatori SP sono adattabili agli strumenti delle varie serie.","og_url":"https:\/\/technofittings.com\/prodotto\/separatori-di-flusso-sp\/","og_site_name":"Techno Fittings","article_modified_time":"2019-07-30T17:04:55+00:00","og_image":[{"width":113,"height":91,"url":"https:\/\/technofittings.com\/wp\/wp-content\/uploads\/2019\/07\/sp.jpg","type":"image\/jpeg"}],"twitter_card":"summary_large_image","schema":{"@context":"https:\/\/schema.org","@graph":[{"@type":"WebPage","@id":"https:\/\/technofittings.com\/prodotto\/separatori-di-flusso-sp\/","url":"https:\/\/technofittings.com\/prodotto\/separatori-di-flusso-sp\/","name":"Separatori di Flusso SP - Techno Fittings","isPartOf":{"@id":"https:\/\/technofittings.com\/#website"},"primaryImageOfPage":{"@id":"https:\/\/technofittings.com\/prodotto\/separatori-di-flusso-sp\/#primaryimage"},"image":{"@id":"https:\/\/technofittings.com\/prodotto\/separatori-di-flusso-sp\/#primaryimage"},"thumbnailUrl":"https:\/\/technofittings.com\/wp\/wp-content\/uploads\/2019\/07\/sp.jpg","datePublished":"2019-07-30T17:01:16+00:00","dateModified":"2019-07-30T17:04:55+00:00","breadcrumb":{"@id":"https:\/\/technofittings.com\/prodotto\/separatori-di-flusso-sp\/#breadcrumb"},"inLanguage":"de-DE","potentialAction":[{"@type":"ReadAction","target":["https:\/\/technofittings.com\/prodotto\/separatori-di-flusso-sp\/"]}]},{"@type":"ImageObject","inLanguage":"de-DE","@id":"https:\/\/technofittings.com\/prodotto\/separatori-di-flusso-sp\/#primaryimage","url":"https:\/\/technofittings.com\/wp\/wp-content\/uploads\/2019\/07\/sp.jpg","contentUrl":"https:\/\/technofittings.com\/wp\/wp-content\/uploads\/2019\/07\/sp.jpg","width":113,"height":91},{"@type":"BreadcrumbList","@id":"https:\/\/technofittings.com\/prodotto\/separatori-di-flusso-sp\/#breadcrumb","itemListElement":[{"@type":"ListItem","position":1,"name":"Home","item":"https:\/\/technofittings.com\/de\/"},{"@type":"ListItem","position":2,"name":"Shop","item":"https:\/\/technofittings.com\/en\/shop\/"},{"@type":"ListItem","position":3,"name":"Separatori di Flusso SP"}]},{"@type":"WebSite","@id":"https:\/\/technofittings.com\/#website","url":"https:\/\/technofittings.com\/","name":"Techno Fittings","description":"Prodotti e Servizi per l&#039;Industria e la Ricerca Scientifica","publisher":{"@id":"https:\/\/technofittings.com\/#organization"},"potentialAction":[{"@type":"SearchAction","target":{"@type":"EntryPoint","urlTemplate":"https:\/\/technofittings.com\/?s={search_term_string}"},"query-input":{"@type":"PropertyValueSpecification","valueRequired":true,"valueName":"search_term_string"}}],"inLanguage":"de-DE"},{"@type":"Organization","@id":"https:\/\/technofittings.com\/#organization","name":"Techno Fittings S.r.l.","url":"https:\/\/technofittings.com\/","logo":{"@type":"ImageObject","inLanguage":"de-DE","@id":"https:\/\/technofittings.com\/#\/schema\/logo\/image\/","url":"https:\/\/technofittings.com\/wp\/wp-content\/uploads\/2020\/01\/cropped-ico.png","contentUrl":"https:\/\/technofittings.com\/wp\/wp-content\/uploads\/2020\/01\/cropped-ico.png","width":512,"height":512,"caption":"Techno Fittings S.r.l."},"image":{"@id":"https:\/\/technofittings.com\/#\/schema\/logo\/image\/"}}]}},"_links":{"self":[{"href":"https:\/\/technofittings.com\/de\/wp-json\/wp\/v2\/product\/381","targetHints":{"allow":["GET"]}}],"collection":[{"href":"https:\/\/technofittings.com\/de\/wp-json\/wp\/v2\/product"}],"about":[{"href":"https:\/\/technofittings.com\/de\/wp-json\/wp\/v2\/types\/product"}],"wp:featuredmedia":[{"embeddable":true,"href":"https:\/\/technofittings.com\/de\/wp-json\/wp\/v2\/media\/373"}],"wp:attachment":[{"href":"https:\/\/technofittings.com\/de\/wp-json\/wp\/v2\/media?parent=381"}],"wp:term":[{"taxonomy":"product_brand","embeddable":true,"href":"https:\/\/technofittings.com\/de\/wp-json\/wp\/v2\/product_brand?post=381"},{"taxonomy":"product_cat","embeddable":true,"href":"https:\/\/technofittings.com\/de\/wp-json\/wp\/v2\/product_cat?post=381"},{"taxonomy":"product_tag","embeddable":true,"href":"https:\/\/technofittings.com\/de\/wp-json\/wp\/v2\/product_tag?post=381"}],"curies":[{"name":"wp","href":"https:\/\/api.w.org\/{rel}","templated":true}]}}