{"id":1989,"date":"2024-02-27T17:10:20","date_gmt":"2024-02-27T16:10:20","guid":{"rendered":"https:\/\/technofittings.com\/?post_type=product&#038;p=1989"},"modified":"2024-02-27T17:36:23","modified_gmt":"2024-02-27T16:36:23","slug":"o-ring-fluorosilicone-blue","status":"publish","type":"product","link":"https:\/\/technofittings.com\/de\/prodotto\/o-ring-fluorosilicone-blue\/","title":{"rendered":"FVMQ &#8211; O-Ring Fluorosilicone"},"content":{"rendered":"<p>FVMQ &#8211; O-Ring Fluorosilicone<\/p>\n","protected":false},"excerpt":{"rendered":"<p><strong>Il fluorosilicone <\/strong>offre una buona stabilit\u00e0 a temperature estreme, simile al silicone, insieme a propriet\u00e0 di resistenza chimica simili ai fluorocarburi.<br \/>\nSpesso specificato per uso aerospaziale, il fluorosilicone \u00e8 un materiale altamente versatile che pu\u00f2 essere utilizzato in un\u2019ampia gamma di applicazioni di tenuta e offre una migliore resistenza al carburante e agli oli minerali, ma una minore resistenza all&#8217;aria calda rispetto al VMQ standard.<br \/>\nOffre buone caratteristiche di compressione e un\u2019elevata resistenza a carburante e solventi.<\/p>\n<p>Gli o-ring in fluorosilicone hanno una bassa resistenza all&#8217;abrasione e sono preferiti per l&#8217;uso in ambienti statici.<\/p>\n<h2>Range di Temperatura:<\/h2>\n<p>Standard Low Temp: -60\u00b0C (-76\u00b0F)<br \/>\nStandard High Temp: 177\u00b0C (350\u00b0F)<\/p>\n","protected":false},"featured_media":1994,"template":"","meta":{"_acf_changed":false,"_monsterinsights_skip_tracking":false,"_monsterinsights_sitenote_active":false,"_monsterinsights_sitenote_note":"","_monsterinsights_sitenote_category":0},"product_brand":[],"product_cat":[123],"product_tag":[],"class_list":{"0":"post-1989","1":"product","2":"type-product","3":"status-publish","4":"has-post-thumbnail","6":"product_cat-guarnizioni_oring","8":"first","9":"instock","10":"taxable","11":"shipping-taxable","12":"product-type-simple"},"acf":[],"yoast_head":"<!-- This site is optimized with the Yoast SEO plugin v26.9 - https:\/\/yoast.com\/product\/yoast-seo-wordpress\/ -->\n<title>FVMQ - O-Ring Fluorosilicone - Techno Fittings<\/title>\n<meta name=\"robots\" content=\"index, follow, max-snippet:-1, max-image-preview:large, max-video-preview:-1\" \/>\n<link rel=\"canonical\" href=\"https:\/\/technofittings.com\/prodotto\/o-ring-fluorosilicone-blue\/\" \/>\n<meta property=\"og:locale\" content=\"de_DE\" \/>\n<meta property=\"og:type\" content=\"article\" \/>\n<meta property=\"og:title\" content=\"FVMQ - O-Ring Fluorosilicone - Techno Fittings\" \/>\n<meta property=\"og:description\" content=\"Il fluorosilicone offre una buona stabilit\u00e0 a temperature estreme, simile al silicone, insieme a propriet\u00e0 di resistenza chimica simili ai fluorocarburi. Spesso specificato per uso aerospaziale, il fluorosilicone \u00e8 un materiale altamente versatile che pu\u00f2 essere utilizzato in un\u2019ampia gamma di applicazioni di tenuta e offre una migliore resistenza al carburante e agli oli minerali, ma una minore resistenza all&#039;aria calda rispetto al VMQ standard. Offre buone caratteristiche di compressione e un\u2019elevata resistenza a carburante e solventi.  Gli o-ring in fluorosilicone hanno una bassa resistenza all&#039;abrasione e sono preferiti per l&#039;uso in ambienti statici. Range di Temperatura: Standard Low Temp: -60\u00b0C (-76\u00b0F) Standard High Temp: 177\u00b0C (350\u00b0F)\" \/>\n<meta property=\"og:url\" content=\"https:\/\/technofittings.com\/prodotto\/o-ring-fluorosilicone-blue\/\" \/>\n<meta property=\"og:site_name\" content=\"Techno Fittings\" \/>\n<meta property=\"article:modified_time\" content=\"2024-02-27T16:36:23+00:00\" \/>\n<meta property=\"og:image\" content=\"https:\/\/technofittings.com\/wp\/wp-content\/uploads\/2024\/02\/fsil2.jpg\" \/>\n\t<meta property=\"og:image:width\" content=\"1027\" \/>\n\t<meta property=\"og:image:height\" content=\"755\" \/>\n\t<meta property=\"og:image:type\" content=\"image\/jpeg\" \/>\n<meta name=\"twitter:card\" content=\"summary_large_image\" \/>\n<script type=\"application\/ld+json\" class=\"yoast-schema-graph\">{\"@context\":\"https:\/\/schema.org\",\"@graph\":[{\"@type\":\"WebPage\",\"@id\":\"https:\/\/technofittings.com\/prodotto\/o-ring-fluorosilicone-blue\/\",\"url\":\"https:\/\/technofittings.com\/prodotto\/o-ring-fluorosilicone-blue\/\",\"name\":\"FVMQ - O-Ring Fluorosilicone - Techno Fittings\",\"isPartOf\":{\"@id\":\"https:\/\/technofittings.com\/#website\"},\"primaryImageOfPage\":{\"@id\":\"https:\/\/technofittings.com\/prodotto\/o-ring-fluorosilicone-blue\/#primaryimage\"},\"image\":{\"@id\":\"https:\/\/technofittings.com\/prodotto\/o-ring-fluorosilicone-blue\/#primaryimage\"},\"thumbnailUrl\":\"https:\/\/technofittings.com\/wp\/wp-content\/uploads\/2024\/02\/fsil2.jpg\",\"datePublished\":\"2024-02-27T16:10:20+00:00\",\"dateModified\":\"2024-02-27T16:36:23+00:00\",\"breadcrumb\":{\"@id\":\"https:\/\/technofittings.com\/prodotto\/o-ring-fluorosilicone-blue\/#breadcrumb\"},\"inLanguage\":\"de-DE\",\"potentialAction\":[{\"@type\":\"ReadAction\",\"target\":[\"https:\/\/technofittings.com\/prodotto\/o-ring-fluorosilicone-blue\/\"]}]},{\"@type\":\"ImageObject\",\"inLanguage\":\"de-DE\",\"@id\":\"https:\/\/technofittings.com\/prodotto\/o-ring-fluorosilicone-blue\/#primaryimage\",\"url\":\"https:\/\/technofittings.com\/wp\/wp-content\/uploads\/2024\/02\/fsil2.jpg\",\"contentUrl\":\"https:\/\/technofittings.com\/wp\/wp-content\/uploads\/2024\/02\/fsil2.jpg\",\"width\":1027,\"height\":755},{\"@type\":\"BreadcrumbList\",\"@id\":\"https:\/\/technofittings.com\/prodotto\/o-ring-fluorosilicone-blue\/#breadcrumb\",\"itemListElement\":[{\"@type\":\"ListItem\",\"position\":1,\"name\":\"Home\",\"item\":\"https:\/\/technofittings.com\/de\/\"},{\"@type\":\"ListItem\",\"position\":2,\"name\":\"Shop\",\"item\":\"https:\/\/technofittings.com\/en\/shop\/\"},{\"@type\":\"ListItem\",\"position\":3,\"name\":\"FVMQ &#8211; O-Ring Fluorosilicone\"}]},{\"@type\":\"WebSite\",\"@id\":\"https:\/\/technofittings.com\/#website\",\"url\":\"https:\/\/technofittings.com\/\",\"name\":\"Techno Fittings\",\"description\":\"Prodotti e Servizi per l&#039;Industria e la Ricerca Scientifica\",\"publisher\":{\"@id\":\"https:\/\/technofittings.com\/#organization\"},\"potentialAction\":[{\"@type\":\"SearchAction\",\"target\":{\"@type\":\"EntryPoint\",\"urlTemplate\":\"https:\/\/technofittings.com\/?s={search_term_string}\"},\"query-input\":{\"@type\":\"PropertyValueSpecification\",\"valueRequired\":true,\"valueName\":\"search_term_string\"}}],\"inLanguage\":\"de-DE\"},{\"@type\":\"Organization\",\"@id\":\"https:\/\/technofittings.com\/#organization\",\"name\":\"Techno Fittings S.r.l.\",\"url\":\"https:\/\/technofittings.com\/\",\"logo\":{\"@type\":\"ImageObject\",\"inLanguage\":\"de-DE\",\"@id\":\"https:\/\/technofittings.com\/#\/schema\/logo\/image\/\",\"url\":\"https:\/\/technofittings.com\/wp\/wp-content\/uploads\/2020\/01\/cropped-ico.png\",\"contentUrl\":\"https:\/\/technofittings.com\/wp\/wp-content\/uploads\/2020\/01\/cropped-ico.png\",\"width\":512,\"height\":512,\"caption\":\"Techno Fittings S.r.l.\"},\"image\":{\"@id\":\"https:\/\/technofittings.com\/#\/schema\/logo\/image\/\"}}]}<\/script>\n<!-- \/ Yoast SEO plugin. -->","yoast_head_json":{"title":"FVMQ - O-Ring Fluorosilicone - Techno Fittings","robots":{"index":"index","follow":"follow","max-snippet":"max-snippet:-1","max-image-preview":"max-image-preview:large","max-video-preview":"max-video-preview:-1"},"canonical":"https:\/\/technofittings.com\/prodotto\/o-ring-fluorosilicone-blue\/","og_locale":"de_DE","og_type":"article","og_title":"FVMQ - O-Ring Fluorosilicone - Techno Fittings","og_description":"Il fluorosilicone offre una buona stabilit\u00e0 a temperature estreme, simile al silicone, insieme a propriet\u00e0 di resistenza chimica simili ai fluorocarburi. Spesso specificato per uso aerospaziale, il fluorosilicone \u00e8 un materiale altamente versatile che pu\u00f2 essere utilizzato in un\u2019ampia gamma di applicazioni di tenuta e offre una migliore resistenza al carburante e agli oli minerali, ma una minore resistenza all'aria calda rispetto al VMQ standard. Offre buone caratteristiche di compressione e un\u2019elevata resistenza a carburante e solventi.  Gli o-ring in fluorosilicone hanno una bassa resistenza all'abrasione e sono preferiti per l'uso in ambienti statici. Range di Temperatura: Standard Low Temp: -60\u00b0C (-76\u00b0F) Standard High Temp: 177\u00b0C (350\u00b0F)","og_url":"https:\/\/technofittings.com\/prodotto\/o-ring-fluorosilicone-blue\/","og_site_name":"Techno Fittings","article_modified_time":"2024-02-27T16:36:23+00:00","og_image":[{"width":1027,"height":755,"url":"https:\/\/technofittings.com\/wp\/wp-content\/uploads\/2024\/02\/fsil2.jpg","type":"image\/jpeg"}],"twitter_card":"summary_large_image","schema":{"@context":"https:\/\/schema.org","@graph":[{"@type":"WebPage","@id":"https:\/\/technofittings.com\/prodotto\/o-ring-fluorosilicone-blue\/","url":"https:\/\/technofittings.com\/prodotto\/o-ring-fluorosilicone-blue\/","name":"FVMQ - O-Ring Fluorosilicone - Techno Fittings","isPartOf":{"@id":"https:\/\/technofittings.com\/#website"},"primaryImageOfPage":{"@id":"https:\/\/technofittings.com\/prodotto\/o-ring-fluorosilicone-blue\/#primaryimage"},"image":{"@id":"https:\/\/technofittings.com\/prodotto\/o-ring-fluorosilicone-blue\/#primaryimage"},"thumbnailUrl":"https:\/\/technofittings.com\/wp\/wp-content\/uploads\/2024\/02\/fsil2.jpg","datePublished":"2024-02-27T16:10:20+00:00","dateModified":"2024-02-27T16:36:23+00:00","breadcrumb":{"@id":"https:\/\/technofittings.com\/prodotto\/o-ring-fluorosilicone-blue\/#breadcrumb"},"inLanguage":"de-DE","potentialAction":[{"@type":"ReadAction","target":["https:\/\/technofittings.com\/prodotto\/o-ring-fluorosilicone-blue\/"]}]},{"@type":"ImageObject","inLanguage":"de-DE","@id":"https:\/\/technofittings.com\/prodotto\/o-ring-fluorosilicone-blue\/#primaryimage","url":"https:\/\/technofittings.com\/wp\/wp-content\/uploads\/2024\/02\/fsil2.jpg","contentUrl":"https:\/\/technofittings.com\/wp\/wp-content\/uploads\/2024\/02\/fsil2.jpg","width":1027,"height":755},{"@type":"BreadcrumbList","@id":"https:\/\/technofittings.com\/prodotto\/o-ring-fluorosilicone-blue\/#breadcrumb","itemListElement":[{"@type":"ListItem","position":1,"name":"Home","item":"https:\/\/technofittings.com\/de\/"},{"@type":"ListItem","position":2,"name":"Shop","item":"https:\/\/technofittings.com\/en\/shop\/"},{"@type":"ListItem","position":3,"name":"FVMQ &#8211; O-Ring Fluorosilicone"}]},{"@type":"WebSite","@id":"https:\/\/technofittings.com\/#website","url":"https:\/\/technofittings.com\/","name":"Techno Fittings","description":"Prodotti e Servizi per l&#039;Industria e la Ricerca Scientifica","publisher":{"@id":"https:\/\/technofittings.com\/#organization"},"potentialAction":[{"@type":"SearchAction","target":{"@type":"EntryPoint","urlTemplate":"https:\/\/technofittings.com\/?s={search_term_string}"},"query-input":{"@type":"PropertyValueSpecification","valueRequired":true,"valueName":"search_term_string"}}],"inLanguage":"de-DE"},{"@type":"Organization","@id":"https:\/\/technofittings.com\/#organization","name":"Techno Fittings S.r.l.","url":"https:\/\/technofittings.com\/","logo":{"@type":"ImageObject","inLanguage":"de-DE","@id":"https:\/\/technofittings.com\/#\/schema\/logo\/image\/","url":"https:\/\/technofittings.com\/wp\/wp-content\/uploads\/2020\/01\/cropped-ico.png","contentUrl":"https:\/\/technofittings.com\/wp\/wp-content\/uploads\/2020\/01\/cropped-ico.png","width":512,"height":512,"caption":"Techno Fittings S.r.l."},"image":{"@id":"https:\/\/technofittings.com\/#\/schema\/logo\/image\/"}}]}},"_links":{"self":[{"href":"https:\/\/technofittings.com\/de\/wp-json\/wp\/v2\/product\/1989","targetHints":{"allow":["GET"]}}],"collection":[{"href":"https:\/\/technofittings.com\/de\/wp-json\/wp\/v2\/product"}],"about":[{"href":"https:\/\/technofittings.com\/de\/wp-json\/wp\/v2\/types\/product"}],"wp:featuredmedia":[{"embeddable":true,"href":"https:\/\/technofittings.com\/de\/wp-json\/wp\/v2\/media\/1994"}],"wp:attachment":[{"href":"https:\/\/technofittings.com\/de\/wp-json\/wp\/v2\/media?parent=1989"}],"wp:term":[{"taxonomy":"product_brand","embeddable":true,"href":"https:\/\/technofittings.com\/de\/wp-json\/wp\/v2\/product_brand?post=1989"},{"taxonomy":"product_cat","embeddable":true,"href":"https:\/\/technofittings.com\/de\/wp-json\/wp\/v2\/product_cat?post=1989"},{"taxonomy":"product_tag","embeddable":true,"href":"https:\/\/technofittings.com\/de\/wp-json\/wp\/v2\/product_tag?post=1989"}],"curies":[{"name":"wp","href":"https:\/\/api.w.org\/{rel}","templated":true}]}}