{"id":1771,"date":"2021-04-26T10:04:11","date_gmt":"2021-04-26T08:04:11","guid":{"rendered":"https:\/\/technofittings.com\/?post_type=product&#038;p=1771"},"modified":"2021-04-26T10:04:12","modified_gmt":"2021-04-26T08:04:12","slug":"tm-serie","status":"publish","type":"product","link":"https:\/\/technofittings.com\/de\/prodotto\/tm-serie\/","title":{"rendered":"TM Serie"},"content":{"rendered":"<p>Die direkt ablesbaren Durchflussmesser der TM-Serie sind Momentan-Durchflussmesser, deren Ableseindex magnetisch mit dem Messelement gekoppelt ist. Die Durchflussrate kann mit ausgezeichneter Pr\u00e4zision auf dem externen Zifferblatt abgelesen werden, das mit der magnetischen Gruppe in einem wasserdichten Geh\u00e4use aus Aluminiumguss in einer Schale enthalten ist. Diese Instrumente eignen sich besonders zur Messung von fl\u00fcssigen und gasf\u00f6rmigen Fl\u00fcssigkeiten unter schwierigen Betriebsbedingungen und finden viele Anwendungen in der chemischen, petrochemischen, pharmazeutischen, Lebensmittel- usw. Industrie.<br \/>\nDie direkt ablesbaren Durchflussmesser der TM-Serie sind f\u00fcr die Montage an vertikalen Rohren mit aufsteigendem Durchfluss ausgelegt. Dar\u00fcber hinaus werden sie auf Anfrage komplett mit elektrischen Entfernungssignalen geliefert.<\/p>\n<p><strong>Eingeschaften<\/strong><\/p>\n<p><b>Pr\u00e4zision\u00a0<\/b>: +\/- 3% V.f.s.<br \/>\n<strong>Ausf\u00fchrungen bis zu <\/strong>: PN 25<br \/>\n<strong>maximale Betriebstemperatur <\/strong>: 150\u00b0C<\/p>\n<p><strong>Zubeh\u00f6r<\/strong><\/p>\n<p>&#8211; Externe K\u00fchlkammer mit Wasserumw\u00e4lzung zur Erweiterung des maximalen Temperaturwertes auf 300 \u00b0 C.<br \/>\n&#8211; N\u00e4herungskonverter<br \/>\n&#8211; Kunststoffstruktur zur Verwendung mit \u00e4tzenden Fl\u00fcssigkeiten<br \/>\n&#8211; Schwebend in\u00a0<strong><em>Hastelloy C<\/em><\/strong>\u00a0oder <b><i>Titan<\/i><\/b><br \/>\n&#8211; 4-20 mA oder 0-10 V Ausgangssignale, proportional zur Durchflussrate<br \/>\n&#8211; Ausf\u00fchrungen bis PN64<\/p>\n<p><strong>Typen und Vollauschlag<\/strong><\/p>\n<table width=\"95%\">\n<tbody>\n<tr>\n<td width=\"18%\"><\/td>\n<td width=\"20%\"><strong>LUFT<\/strong><\/td>\n<td width=\"20%\"><strong>WASSER<\/strong><\/td>\n<td colspan=\"2\" width=\"40%\"><strong>Flansch<\/strong><\/td>\n<\/tr>\n<tr>\n<td width=\"18%\"><strong>TYP<\/strong><\/td>\n<td colspan=\"2\" width=\"41%\"><strong>maximale Kapazit\u00e4t<\/strong><\/td>\n<td><strong>UNI PN 6<br \/>\nPN 64<\/strong><\/td>\n<td><strong>ANSI 150 LB<br \/>\n300 LB<\/strong><\/td>\n<\/tr>\n<tr>\n<td width=\"18%\"><\/td>\n<td width=\"20%\"><strong>mc\/h<\/strong><\/td>\n<td width=\"20%\"><strong>Nmc\/h<\/strong><\/td>\n<td width=\"27%\"><\/td>\n<td width=\"12%\"><\/td>\n<\/tr>\n<tr>\n<td width=\"18%\">TM 15<\/td>\n<td width=\"20%\">1,5<\/td>\n<td width=\"20%\">45<\/td>\n<td width=\"27%\">DN 15<\/td>\n<td width=\"12%\">1\/2&#8243;<\/td>\n<\/tr>\n<tr>\n<td width=\"18%\">TM 20<\/td>\n<td width=\"20%\">2<\/td>\n<td width=\"20%\">55<\/td>\n<td width=\"27%\">DN 20<\/td>\n<td width=\"12%\">3\/4&#8243;<\/td>\n<\/tr>\n<tr>\n<td width=\"18%\">TM 25<\/td>\n<td width=\"20%\">4<\/td>\n<td width=\"20%\">120<\/td>\n<td width=\"27%\">DN 25<\/td>\n<td width=\"12%\">1&#8243;<\/td>\n<\/tr>\n<tr>\n<td width=\"18%\">TM 32<\/td>\n<td width=\"20%\">6<\/td>\n<td width=\"20%\">180<\/td>\n<td width=\"27%\">DN 32<\/td>\n<td width=\"12%\">1.1\/4&#8243;<\/td>\n<\/tr>\n<tr>\n<td width=\"18%\">TM 40<\/td>\n<td width=\"20%\">10<\/td>\n<td width=\"20%\">300<\/td>\n<td width=\"27%\">DN 40<\/td>\n<td width=\"12%\">1.1\/2&#8243;<\/td>\n<\/tr>\n<tr>\n<td width=\"18%\">TM 50<\/td>\n<td width=\"20%\">15<\/td>\n<td width=\"20%\">400<\/td>\n<td width=\"27%\">DN 50<\/td>\n<td width=\"12%\">2&#8243;<\/td>\n<\/tr>\n<tr>\n<td width=\"18%\">TM 65<\/td>\n<td width=\"20%\">25<\/td>\n<td width=\"20%\">750<\/td>\n<td width=\"27%\">DN 65<\/td>\n<td width=\"12%\">2.1\/2&#8243;<\/td>\n<\/tr>\n<tr>\n<td width=\"18%\">TM 80<\/td>\n<td width=\"20%\">40<\/td>\n<td width=\"20%\">1200<\/td>\n<td width=\"27%\">DN 80<\/td>\n<td width=\"12%\">3&#8243;<\/td>\n<\/tr>\n<\/tbody>\n<\/table>\n","protected":false},"excerpt":{"rendered":"<p>Die direkt ablesbaren Durchflussmesser der TM-Serie sind Momentan-Durchflussmesser, deren Ableseindex magnetisch mit dem Messelement gekoppelt ist. Die Durchflussrate kann mit ausgezeichneter Pr\u00e4zision auf dem externen Zifferblatt abgelesen werden, das mit der magnetischen Gruppe in einem wasserdichten Geh\u00e4use aus Aluminiumguss in einer Schale enthalten ist. Diese Instrumente eignen sich besonders zur Messung von fl\u00fcssigen und gasf\u00f6rmigen &hellip; <a href=\"https:\/\/technofittings.com\/de\/prodotto\/tm-serie\/\" class=\"more-link\">Continue reading<span class=\"screen-reader-text\"> &#8220;TM Serie&#8221;<\/span><\/a><\/p>\n","protected":false},"featured_media":1772,"template":"","meta":{"_acf_changed":false,"_monsterinsights_skip_tracking":false,"_monsterinsights_sitenote_active":false,"_monsterinsights_sitenote_note":"","_monsterinsights_sitenote_category":0},"product_brand":[],"product_cat":[82],"product_tag":[],"class_list":{"0":"post-1771","1":"product","2":"type-product","3":"status-publish","4":"has-post-thumbnail","6":"product_cat-durchflussmesser","8":"first","9":"instock","10":"taxable","11":"shipping-taxable","12":"purchasable","13":"product-type-simple"},"acf":[],"yoast_head":"<!-- This site is optimized with the Yoast SEO plugin v26.9 - https:\/\/yoast.com\/product\/yoast-seo-wordpress\/ -->\n<title>TM Serie - Techno Fittings<\/title>\n<meta name=\"robots\" content=\"index, follow, max-snippet:-1, max-image-preview:large, max-video-preview:-1\" \/>\n<link rel=\"canonical\" href=\"https:\/\/technofittings.com\/de\/prodotto\/tm-serie\/\" \/>\n<meta property=\"og:locale\" content=\"de_DE\" \/>\n<meta property=\"og:type\" content=\"article\" \/>\n<meta property=\"og:title\" content=\"TM Serie - Techno Fittings\" \/>\n<meta property=\"og:description\" content=\"Die direkt ablesbaren Durchflussmesser der TM-Serie sind Momentan-Durchflussmesser, deren Ableseindex magnetisch mit dem Messelement gekoppelt ist. Die Durchflussrate kann mit ausgezeichneter Pr\u00e4zision auf dem externen Zifferblatt abgelesen werden, das mit der magnetischen Gruppe in einem wasserdichten Geh\u00e4use aus Aluminiumguss in einer Schale enthalten ist. Diese Instrumente eignen sich besonders zur Messung von fl\u00fcssigen und gasf\u00f6rmigen &hellip; Continue reading &quot;TM Serie&quot;\" \/>\n<meta property=\"og:url\" content=\"https:\/\/technofittings.com\/de\/prodotto\/tm-serie\/\" \/>\n<meta property=\"og:site_name\" content=\"Techno Fittings\" \/>\n<meta property=\"article:modified_time\" content=\"2021-04-26T08:04:12+00:00\" \/>\n<meta property=\"og:image\" content=\"https:\/\/technofittings.com\/wp\/wp-content\/uploads\/2019\/02\/flux_tm.jpg\" \/>\n\t<meta property=\"og:image:width\" content=\"150\" \/>\n\t<meta property=\"og:image:height\" content=\"150\" \/>\n\t<meta property=\"og:image:type\" content=\"image\/jpeg\" \/>\n<meta name=\"twitter:card\" content=\"summary_large_image\" \/>\n<meta name=\"twitter:label1\" content=\"Est. reading time\" \/>\n\t<meta name=\"twitter:data1\" content=\"1 minute\" \/>\n<script type=\"application\/ld+json\" class=\"yoast-schema-graph\">{\"@context\":\"https:\/\/schema.org\",\"@graph\":[{\"@type\":\"WebPage\",\"@id\":\"https:\/\/technofittings.com\/de\/prodotto\/tm-serie\/\",\"url\":\"https:\/\/technofittings.com\/de\/prodotto\/tm-serie\/\",\"name\":\"TM Serie - Techno Fittings\",\"isPartOf\":{\"@id\":\"https:\/\/technofittings.com\/#website\"},\"primaryImageOfPage\":{\"@id\":\"https:\/\/technofittings.com\/de\/prodotto\/tm-serie\/#primaryimage\"},\"image\":{\"@id\":\"https:\/\/technofittings.com\/de\/prodotto\/tm-serie\/#primaryimage\"},\"thumbnailUrl\":\"https:\/\/technofittings.com\/wp\/wp-content\/uploads\/2019\/02\/flux_tm.jpg\",\"datePublished\":\"2021-04-26T08:04:11+00:00\",\"dateModified\":\"2021-04-26T08:04:12+00:00\",\"breadcrumb\":{\"@id\":\"https:\/\/technofittings.com\/de\/prodotto\/tm-serie\/#breadcrumb\"},\"inLanguage\":\"de-DE\",\"potentialAction\":[{\"@type\":\"ReadAction\",\"target\":[\"https:\/\/technofittings.com\/de\/prodotto\/tm-serie\/\"]}]},{\"@type\":\"ImageObject\",\"inLanguage\":\"de-DE\",\"@id\":\"https:\/\/technofittings.com\/de\/prodotto\/tm-serie\/#primaryimage\",\"url\":\"https:\/\/technofittings.com\/wp\/wp-content\/uploads\/2019\/02\/flux_tm.jpg\",\"contentUrl\":\"https:\/\/technofittings.com\/wp\/wp-content\/uploads\/2019\/02\/flux_tm.jpg\",\"width\":150,\"height\":150},{\"@type\":\"BreadcrumbList\",\"@id\":\"https:\/\/technofittings.com\/de\/prodotto\/tm-serie\/#breadcrumb\",\"itemListElement\":[{\"@type\":\"ListItem\",\"position\":1,\"name\":\"Home\",\"item\":\"https:\/\/technofittings.com\/de\/\"},{\"@type\":\"ListItem\",\"position\":2,\"name\":\"Shop\",\"item\":\"https:\/\/technofittings.com\/en\/shop\/\"},{\"@type\":\"ListItem\",\"position\":3,\"name\":\"TM Serie\"}]},{\"@type\":\"WebSite\",\"@id\":\"https:\/\/technofittings.com\/#website\",\"url\":\"https:\/\/technofittings.com\/\",\"name\":\"Techno Fittings\",\"description\":\"Prodotti e Servizi per l&#039;Industria e la Ricerca Scientifica\",\"publisher\":{\"@id\":\"https:\/\/technofittings.com\/#organization\"},\"potentialAction\":[{\"@type\":\"SearchAction\",\"target\":{\"@type\":\"EntryPoint\",\"urlTemplate\":\"https:\/\/technofittings.com\/?s={search_term_string}\"},\"query-input\":{\"@type\":\"PropertyValueSpecification\",\"valueRequired\":true,\"valueName\":\"search_term_string\"}}],\"inLanguage\":\"de-DE\"},{\"@type\":\"Organization\",\"@id\":\"https:\/\/technofittings.com\/#organization\",\"name\":\"Techno Fittings S.r.l.\",\"url\":\"https:\/\/technofittings.com\/\",\"logo\":{\"@type\":\"ImageObject\",\"inLanguage\":\"de-DE\",\"@id\":\"https:\/\/technofittings.com\/#\/schema\/logo\/image\/\",\"url\":\"https:\/\/technofittings.com\/wp\/wp-content\/uploads\/2020\/01\/cropped-ico.png\",\"contentUrl\":\"https:\/\/technofittings.com\/wp\/wp-content\/uploads\/2020\/01\/cropped-ico.png\",\"width\":512,\"height\":512,\"caption\":\"Techno Fittings S.r.l.\"},\"image\":{\"@id\":\"https:\/\/technofittings.com\/#\/schema\/logo\/image\/\"}}]}<\/script>\n<!-- \/ Yoast SEO plugin. -->","yoast_head_json":{"title":"TM Serie - Techno Fittings","robots":{"index":"index","follow":"follow","max-snippet":"max-snippet:-1","max-image-preview":"max-image-preview:large","max-video-preview":"max-video-preview:-1"},"canonical":"https:\/\/technofittings.com\/de\/prodotto\/tm-serie\/","og_locale":"de_DE","og_type":"article","og_title":"TM Serie - Techno Fittings","og_description":"Die direkt ablesbaren Durchflussmesser der TM-Serie sind Momentan-Durchflussmesser, deren Ableseindex magnetisch mit dem Messelement gekoppelt ist. Die Durchflussrate kann mit ausgezeichneter Pr\u00e4zision auf dem externen Zifferblatt abgelesen werden, das mit der magnetischen Gruppe in einem wasserdichten Geh\u00e4use aus Aluminiumguss in einer Schale enthalten ist. Diese Instrumente eignen sich besonders zur Messung von fl\u00fcssigen und gasf\u00f6rmigen &hellip; Continue reading \"TM Serie\"","og_url":"https:\/\/technofittings.com\/de\/prodotto\/tm-serie\/","og_site_name":"Techno Fittings","article_modified_time":"2021-04-26T08:04:12+00:00","og_image":[{"width":150,"height":150,"url":"https:\/\/technofittings.com\/wp\/wp-content\/uploads\/2019\/02\/flux_tm.jpg","type":"image\/jpeg"}],"twitter_card":"summary_large_image","twitter_misc":{"Est. reading time":"1 minute"},"schema":{"@context":"https:\/\/schema.org","@graph":[{"@type":"WebPage","@id":"https:\/\/technofittings.com\/de\/prodotto\/tm-serie\/","url":"https:\/\/technofittings.com\/de\/prodotto\/tm-serie\/","name":"TM Serie - Techno Fittings","isPartOf":{"@id":"https:\/\/technofittings.com\/#website"},"primaryImageOfPage":{"@id":"https:\/\/technofittings.com\/de\/prodotto\/tm-serie\/#primaryimage"},"image":{"@id":"https:\/\/technofittings.com\/de\/prodotto\/tm-serie\/#primaryimage"},"thumbnailUrl":"https:\/\/technofittings.com\/wp\/wp-content\/uploads\/2019\/02\/flux_tm.jpg","datePublished":"2021-04-26T08:04:11+00:00","dateModified":"2021-04-26T08:04:12+00:00","breadcrumb":{"@id":"https:\/\/technofittings.com\/de\/prodotto\/tm-serie\/#breadcrumb"},"inLanguage":"de-DE","potentialAction":[{"@type":"ReadAction","target":["https:\/\/technofittings.com\/de\/prodotto\/tm-serie\/"]}]},{"@type":"ImageObject","inLanguage":"de-DE","@id":"https:\/\/technofittings.com\/de\/prodotto\/tm-serie\/#primaryimage","url":"https:\/\/technofittings.com\/wp\/wp-content\/uploads\/2019\/02\/flux_tm.jpg","contentUrl":"https:\/\/technofittings.com\/wp\/wp-content\/uploads\/2019\/02\/flux_tm.jpg","width":150,"height":150},{"@type":"BreadcrumbList","@id":"https:\/\/technofittings.com\/de\/prodotto\/tm-serie\/#breadcrumb","itemListElement":[{"@type":"ListItem","position":1,"name":"Home","item":"https:\/\/technofittings.com\/de\/"},{"@type":"ListItem","position":2,"name":"Shop","item":"https:\/\/technofittings.com\/en\/shop\/"},{"@type":"ListItem","position":3,"name":"TM Serie"}]},{"@type":"WebSite","@id":"https:\/\/technofittings.com\/#website","url":"https:\/\/technofittings.com\/","name":"Techno Fittings","description":"Prodotti e Servizi per l&#039;Industria e la Ricerca Scientifica","publisher":{"@id":"https:\/\/technofittings.com\/#organization"},"potentialAction":[{"@type":"SearchAction","target":{"@type":"EntryPoint","urlTemplate":"https:\/\/technofittings.com\/?s={search_term_string}"},"query-input":{"@type":"PropertyValueSpecification","valueRequired":true,"valueName":"search_term_string"}}],"inLanguage":"de-DE"},{"@type":"Organization","@id":"https:\/\/technofittings.com\/#organization","name":"Techno Fittings S.r.l.","url":"https:\/\/technofittings.com\/","logo":{"@type":"ImageObject","inLanguage":"de-DE","@id":"https:\/\/technofittings.com\/#\/schema\/logo\/image\/","url":"https:\/\/technofittings.com\/wp\/wp-content\/uploads\/2020\/01\/cropped-ico.png","contentUrl":"https:\/\/technofittings.com\/wp\/wp-content\/uploads\/2020\/01\/cropped-ico.png","width":512,"height":512,"caption":"Techno Fittings S.r.l."},"image":{"@id":"https:\/\/technofittings.com\/#\/schema\/logo\/image\/"}}]}},"_links":{"self":[{"href":"https:\/\/technofittings.com\/de\/wp-json\/wp\/v2\/product\/1771","targetHints":{"allow":["GET"]}}],"collection":[{"href":"https:\/\/technofittings.com\/de\/wp-json\/wp\/v2\/product"}],"about":[{"href":"https:\/\/technofittings.com\/de\/wp-json\/wp\/v2\/types\/product"}],"wp:featuredmedia":[{"embeddable":true,"href":"https:\/\/technofittings.com\/de\/wp-json\/wp\/v2\/media\/1772"}],"wp:attachment":[{"href":"https:\/\/technofittings.com\/de\/wp-json\/wp\/v2\/media?parent=1771"}],"wp:term":[{"taxonomy":"product_brand","embeddable":true,"href":"https:\/\/technofittings.com\/de\/wp-json\/wp\/v2\/product_brand?post=1771"},{"taxonomy":"product_cat","embeddable":true,"href":"https:\/\/technofittings.com\/de\/wp-json\/wp\/v2\/product_cat?post=1771"},{"taxonomy":"product_tag","embeddable":true,"href":"https:\/\/technofittings.com\/de\/wp-json\/wp\/v2\/product_tag?post=1771"}],"curies":[{"name":"wp","href":"https:\/\/api.w.org\/{rel}","templated":true}]}}