{"id":1766,"date":"2021-04-19T11:14:21","date_gmt":"2021-04-19T09:14:21","guid":{"rendered":"https:\/\/technofittings.com\/?post_type=product&#038;p=1766"},"modified":"2021-04-19T11:15:51","modified_gmt":"2021-04-19T09:15:51","slug":"sw-serie","status":"publish","type":"product","link":"https:\/\/technofittings.com\/de\/prodotto\/sw-serie\/","title":{"rendered":"SW Serie"},"content":{"rendered":"<p>Die abgeleiteten Durchflussmesser der SW-Serie sind Sofortdurchflussmesser, die f\u00fcr mittlere und mittlere Durchflussraten von fl\u00fcssigen und gasf\u00f6rmigen Fl\u00fcssigkeiten geeignet sind. Die Messung der Durchflussrate kann mit guter Pr\u00e4zision auf der entsprechend abgestuften Skala abgelesen werden, die auf dem konischen Rohr in JENA-Borosilikatglas siebgedruckt ist. Sie erm\u00f6glichen auch die Installation an horizontalen oder vertikalen Rohren mit aufsteigender oder absteigender Str\u00f6mung oder mit rechter oder linker Str\u00f6mung.<br \/>\nAndere Funktionen sind:<br \/>\n\u2013 M\u00f6glichkeit der Installation des Messger\u00e4ts in einem Abstand von der Ringkammer;<br \/>\n\u2013 Lesegenauigkeit in der Gr\u00f6\u00dfenordnung von 3% auf f.s.<br \/>\n\u2013 Best\u00e4ndigkeit gegen Dr\u00fccke bis 10 kg \/ cmq und Temperaturen bis 200 \u00b0 C.<\/p>\n<p><strong>Eingeschaften<\/strong><\/p>\n<p><strong>Pr\u00e4zision <\/strong>+\/- 5% V.f.s.<\/p>\n<p><b>maximaler Arbeitsdruck<\/b><strong>\u00a0:<\/strong>\u00a010 bar<\/p>\n<p><b> maximale Betriebstemperatur<\/b><strong>\u00a0mit Standarddichtungen: &#8211; <\/strong><i>Metallstruktur<\/i><em>:<\/em>\u00a0120\u00b0C &#8211;\u00a0<em>PVC Struktur:<\/em>\u00a050 \u00b0C &#8211; <i>Polypropylenstruktur<\/i><em>\u00a0:<\/em>\u00a0100 \u00b0C &#8211; Bypass-Wasserh\u00e4hne (pur fur Metallstrukturen) &#8211; Methacrylatschutz auf der Vorderseite \u00a0&#8211;<\/p>\n<p><b>Zubeh\u00f6r<\/b><\/p>\n<p>N\u00e4herungskonverter &#8211; Dichtungen in P.T.F.E.\u00a0&#8211; Separates Messger\u00e4t, das ferngesteuert angeschlossen werden soll &#8211; Version f\u00fcr niedrige Druckverluste<\/p>\n<p><strong>Typen und Vollauschlag<\/strong><\/p>\n<table width=\"80%\">\n<tbody>\n<tr>\n<td width=\"13%\"><\/td>\n<td colspan=\"6\" width=\"87%\"><strong>STRUKTUR: Kohlenstoffstahl und Edelstahl<\/strong><\/td>\n<\/tr>\n<tr>\n<td width=\"13%\"><\/td>\n<td colspan=\"3\" width=\"44%\"><strong>Flansche ANSI 150 LB<\/strong><\/td>\n<td colspan=\"3\" width=\"43%\"><strong>Flansche UNI PN 10<\/strong><\/td>\n<\/tr>\n<tr>\n<td width=\"13%\"><strong>TYP<\/strong><\/td>\n<td width=\"15%\"><strong>DN<\/strong><\/td>\n<td width=\"15%\"><strong>Durchmesser des Messger\u00e4tes<\/strong><\/p>\n<p><strong>(mm)<\/strong><\/td>\n<td width=\"14%\"><strong>Abstand zur Instrumentenmitte Messger\u00e4t \/ Durchflussmesser Mitte (mm)<\/strong><\/td>\n<td width=\"15%\"><strong>DN<\/strong><\/td>\n<td width=\"14%\"><strong> Durchmesser des Messger\u00e4tes<\/strong><\/p>\n<p><strong>(mm)<\/strong><\/td>\n<td width=\"14%\"><strong>Abstand zur Instrumentenmitte Messger\u00e4t \/ Durchflussmesser Mitte (mm)\u00a0<\/strong><\/td>\n<\/tr>\n<tr>\n<td width=\"13%\">SW40<\/td>\n<td width=\"15%\">1.1\/2&#8243;<\/td>\n<td width=\"15%\">83<\/td>\n<td width=\"14%\">131<\/td>\n<td width=\"15%\">40<\/td>\n<td width=\"14%\">92<\/td>\n<td width=\"14%\">127<\/td>\n<\/tr>\n<tr>\n<td width=\"13%\">SW50<\/td>\n<td width=\"15%\">2&#8243;<\/td>\n<td width=\"15%\">102<\/td>\n<td width=\"14%\">138<\/td>\n<td width=\"15%\">50<\/td>\n<td width=\"14%\">107<\/td>\n<td width=\"14%\">136<\/td>\n<\/tr>\n<tr>\n<td width=\"13%\">SW65<\/td>\n<td width=\"15%\">2.1\/2&#8243;<\/td>\n<td width=\"15%\">121<\/td>\n<td width=\"14%\">148<\/td>\n<td width=\"15%\">65<\/td>\n<td width=\"14%\">127<\/td>\n<td width=\"14%\">147<\/td>\n<\/tr>\n<tr>\n<td width=\"13%\">SW80<\/td>\n<td width=\"15%\">3&#8243;<\/td>\n<td width=\"15%\">134<\/td>\n<td width=\"14%\">154<\/td>\n<td width=\"15%\">80<\/td>\n<td width=\"14%\">142<\/td>\n<td width=\"14%\">156<\/td>\n<\/tr>\n<tr>\n<td width=\"13%\">SW100<\/td>\n<td width=\"15%\">4&#8243;<\/td>\n<td width=\"15%\">172<\/td>\n<td width=\"14%\">173<\/td>\n<td width=\"15%\">100<\/td>\n<td width=\"14%\">162<\/td>\n<td width=\"14%\">166<\/td>\n<\/tr>\n<tr>\n<td width=\"13%\">SW125<\/td>\n<td width=\"15%\">5&#8243;<\/td>\n<td width=\"15%\">194<\/td>\n<td width=\"14%\">184<\/td>\n<td width=\"15%\">125<\/td>\n<td width=\"14%\">192<\/td>\n<td width=\"14%\">180<\/td>\n<\/tr>\n<tr>\n<td width=\"13%\">SW150<\/td>\n<td width=\"15%\">6&#8243;<\/td>\n<td width=\"15%\">220<\/td>\n<td width=\"14%\">197<\/td>\n<td width=\"15%\">150<\/td>\n<td width=\"14%\">218<\/td>\n<td width=\"14%\">195<\/td>\n<\/tr>\n<tr>\n<td width=\"13%\">SW200<\/td>\n<td width=\"15%\">8&#8243;<\/td>\n<td width=\"15%\">227<\/td>\n<td width=\"14%\">225<\/td>\n<td width=\"15%\">200<\/td>\n<td width=\"14%\">273<\/td>\n<td width=\"14%\">223<\/td>\n<\/tr>\n<\/tbody>\n<\/table>\n<table width=\"80%\">\n<tbody>\n<tr>\n<td width=\"13%\"><\/td>\n<td colspan=\"6\" width=\"87%\"><strong>STRUKTUR: PVC e Moplen<\/strong><\/td>\n<\/tr>\n<tr>\n<td width=\"13%\"><\/td>\n<td colspan=\"3\" width=\"44%\"><strong>Flanschen ANSI 150 LB<\/strong><\/td>\n<td colspan=\"3\" width=\"43%\"><strong>Flanschen UNI PN 10<\/strong><\/td>\n<\/tr>\n<tr>\n<td width=\"13%\"><strong>TYP<\/strong><\/td>\n<td width=\"15%\"><strong>DN<\/strong><\/td>\n<td width=\"15%\"><strong>Durchmesser des Messger\u00e4tes<\/strong><\/p>\n<p><strong>(mm)<\/strong><\/td>\n<td width=\"14%\"><strong>Abstand zur Instrumentenmitte Messger\u00e4t \/ Durchflussmesser Mitte (mm)<\/strong><\/td>\n<td width=\"15%\"><strong>DN<\/strong><\/td>\n<td width=\"14%\"><strong>Durchmesser des Messger\u00e4tes<\/strong><\/p>\n<p><strong>(mm)<\/strong><\/td>\n<td width=\"14%\"><strong>Abstand zur Instrumentenmitte Messger\u00e4t \/ Durchflussmesser Mitte (mm)<\/strong><\/td>\n<\/tr>\n<tr>\n<td width=\"13%\">SW40<\/td>\n<td width=\"15%\">1.1\/2&#8243;<\/td>\n<td width=\"15%\">111,5<\/td>\n<td width=\"14%\">175,5<\/td>\n<td width=\"15%\">40<\/td>\n<td width=\"14%\">132<\/td>\n<td width=\"14%\">185<\/td>\n<\/tr>\n<tr>\n<td width=\"13%\">SW50<\/td>\n<td width=\"15%\">2&#8243;<\/td>\n<td width=\"15%\">133,5<\/td>\n<td width=\"14%\">188,5<\/td>\n<td width=\"15%\">50<\/td>\n<td width=\"14%\">147<\/td>\n<td width=\"14%\">194<\/td>\n<\/tr>\n<tr>\n<td width=\"13%\">SW65<\/td>\n<td width=\"15%\">2.1\/2&#8243;<\/td>\n<td width=\"15%\">121<\/td>\n<td width=\"14%\">148<\/td>\n<td width=\"15%\">65<\/td>\n<td width=\"14%\">127<\/td>\n<td width=\"14%\">147<\/td>\n<\/tr>\n<tr>\n<td width=\"13%\">SW80<\/td>\n<td width=\"15%\">3&#8243;<\/td>\n<td width=\"15%\">134<\/td>\n<td width=\"14%\">154<\/td>\n<td width=\"15%\">80<\/td>\n<td width=\"14%\">142<\/td>\n<td width=\"14%\">156<\/td>\n<\/tr>\n<tr>\n<td width=\"13%\">SW100<\/td>\n<td width=\"15%\">4&#8243;<\/td>\n<td width=\"15%\">172<\/td>\n<td width=\"14%\">173<\/td>\n<td width=\"15%\">100<\/td>\n<td width=\"14%\">162<\/td>\n<td width=\"14%\">166<\/td>\n<\/tr>\n<tr>\n<td width=\"13%\">SW125<\/td>\n<td width=\"15%\">5&#8243;<\/td>\n<td width=\"15%\">194<\/td>\n<td width=\"14%\">184<\/td>\n<td width=\"15%\">125<\/td>\n<td width=\"14%\">192<\/td>\n<td width=\"14%\">180<\/td>\n<\/tr>\n<tr>\n<td width=\"13%\">SW150<\/td>\n<td width=\"15%\">6&#8243;<\/td>\n<td width=\"15%\">220<\/td>\n<td width=\"14%\">197<\/td>\n<td width=\"15%\">150<\/td>\n<td width=\"14%\">218<\/td>\n<td width=\"14%\">195<\/td>\n<\/tr>\n<tr>\n<td width=\"13%\">SW200<\/td>\n<td width=\"15%\">8&#8243;<\/td>\n<td width=\"15%\">227<\/td>\n<td width=\"14%\">225<\/td>\n<td width=\"15%\">200<\/td>\n<td width=\"14%\">273<\/td>\n<td width=\"14%\">223<\/td>\n<\/tr>\n<\/tbody>\n<\/table>\n<p>&nbsp;<\/p>\n","protected":false},"excerpt":{"rendered":"<p>Die abgeleiteten Durchflussmesser der SW-Serie sind Sofortdurchflussmesser, die f\u00fcr mittlere und mittlere Durchflussraten von fl\u00fcssigen und gasf\u00f6rmigen Fl\u00fcssigkeiten geeignet sind. Die Messung der Durchflussrate kann mit guter Pr\u00e4zision auf der entsprechend abgestuften Skala abgelesen werden, die auf dem konischen Rohr in JENA-Borosilikatglas siebgedruckt ist. Sie erm\u00f6glichen auch die Installation an horizontalen oder vertikalen Rohren mit &hellip; <a href=\"https:\/\/technofittings.com\/de\/prodotto\/sw-serie\/\" class=\"more-link\">Continue reading<span class=\"screen-reader-text\"> &#8220;SW Serie&#8221;<\/span><\/a><\/p>\n","protected":false},"featured_media":1767,"template":"","meta":{"_acf_changed":false,"_monsterinsights_skip_tracking":false,"_monsterinsights_sitenote_active":false,"_monsterinsights_sitenote_note":"","_monsterinsights_sitenote_category":0},"product_brand":[],"product_cat":[82],"product_tag":[],"class_list":{"0":"post-1766","1":"product","2":"type-product","3":"status-publish","4":"has-post-thumbnail","6":"product_cat-durchflussmesser","8":"first","9":"instock","10":"taxable","11":"shipping-taxable","12":"purchasable","13":"product-type-simple"},"acf":[],"yoast_head":"<!-- This site is optimized with the Yoast SEO plugin v26.9 - https:\/\/yoast.com\/product\/yoast-seo-wordpress\/ -->\n<title>SW Serie - Techno Fittings<\/title>\n<meta name=\"robots\" content=\"index, follow, max-snippet:-1, max-image-preview:large, max-video-preview:-1\" \/>\n<link rel=\"canonical\" href=\"https:\/\/technofittings.com\/de\/prodotto\/sw-serie\/\" \/>\n<meta property=\"og:locale\" content=\"de_DE\" \/>\n<meta property=\"og:type\" content=\"article\" \/>\n<meta property=\"og:title\" content=\"SW Serie - Techno Fittings\" \/>\n<meta property=\"og:description\" content=\"Die abgeleiteten Durchflussmesser der SW-Serie sind Sofortdurchflussmesser, die f\u00fcr mittlere und mittlere Durchflussraten von fl\u00fcssigen und gasf\u00f6rmigen Fl\u00fcssigkeiten geeignet sind. Die Messung der Durchflussrate kann mit guter Pr\u00e4zision auf der entsprechend abgestuften Skala abgelesen werden, die auf dem konischen Rohr in JENA-Borosilikatglas siebgedruckt ist. Sie erm\u00f6glichen auch die Installation an horizontalen oder vertikalen Rohren mit &hellip; Continue reading &quot;SW Serie&quot;\" \/>\n<meta property=\"og:url\" content=\"https:\/\/technofittings.com\/de\/prodotto\/sw-serie\/\" \/>\n<meta property=\"og:site_name\" content=\"Techno Fittings\" \/>\n<meta property=\"article:modified_time\" content=\"2021-04-19T09:15:51+00:00\" \/>\n<meta property=\"og:image\" content=\"https:\/\/technofittings.com\/wp\/wp-content\/uploads\/2019\/02\/flux_sw.jpg\" \/>\n\t<meta property=\"og:image:width\" content=\"187\" \/>\n\t<meta property=\"og:image:height\" content=\"400\" \/>\n\t<meta property=\"og:image:type\" content=\"image\/jpeg\" \/>\n<meta name=\"twitter:card\" content=\"summary_large_image\" \/>\n<meta name=\"twitter:label1\" content=\"Est. reading time\" \/>\n\t<meta name=\"twitter:data1\" content=\"2 minutes\" \/>\n<script type=\"application\/ld+json\" class=\"yoast-schema-graph\">{\"@context\":\"https:\/\/schema.org\",\"@graph\":[{\"@type\":\"WebPage\",\"@id\":\"https:\/\/technofittings.com\/de\/prodotto\/sw-serie\/\",\"url\":\"https:\/\/technofittings.com\/de\/prodotto\/sw-serie\/\",\"name\":\"SW Serie - Techno Fittings\",\"isPartOf\":{\"@id\":\"https:\/\/technofittings.com\/#website\"},\"primaryImageOfPage\":{\"@id\":\"https:\/\/technofittings.com\/de\/prodotto\/sw-serie\/#primaryimage\"},\"image\":{\"@id\":\"https:\/\/technofittings.com\/de\/prodotto\/sw-serie\/#primaryimage\"},\"thumbnailUrl\":\"https:\/\/technofittings.com\/wp\/wp-content\/uploads\/2019\/02\/flux_sw.jpg\",\"datePublished\":\"2021-04-19T09:14:21+00:00\",\"dateModified\":\"2021-04-19T09:15:51+00:00\",\"breadcrumb\":{\"@id\":\"https:\/\/technofittings.com\/de\/prodotto\/sw-serie\/#breadcrumb\"},\"inLanguage\":\"de-DE\",\"potentialAction\":[{\"@type\":\"ReadAction\",\"target\":[\"https:\/\/technofittings.com\/de\/prodotto\/sw-serie\/\"]}]},{\"@type\":\"ImageObject\",\"inLanguage\":\"de-DE\",\"@id\":\"https:\/\/technofittings.com\/de\/prodotto\/sw-serie\/#primaryimage\",\"url\":\"https:\/\/technofittings.com\/wp\/wp-content\/uploads\/2019\/02\/flux_sw.jpg\",\"contentUrl\":\"https:\/\/technofittings.com\/wp\/wp-content\/uploads\/2019\/02\/flux_sw.jpg\",\"width\":187,\"height\":400},{\"@type\":\"BreadcrumbList\",\"@id\":\"https:\/\/technofittings.com\/de\/prodotto\/sw-serie\/#breadcrumb\",\"itemListElement\":[{\"@type\":\"ListItem\",\"position\":1,\"name\":\"Home\",\"item\":\"https:\/\/technofittings.com\/de\/\"},{\"@type\":\"ListItem\",\"position\":2,\"name\":\"Shop\",\"item\":\"https:\/\/technofittings.com\/en\/shop\/\"},{\"@type\":\"ListItem\",\"position\":3,\"name\":\"SW Serie\"}]},{\"@type\":\"WebSite\",\"@id\":\"https:\/\/technofittings.com\/#website\",\"url\":\"https:\/\/technofittings.com\/\",\"name\":\"Techno Fittings\",\"description\":\"Prodotti e Servizi per l&#039;Industria e la Ricerca Scientifica\",\"publisher\":{\"@id\":\"https:\/\/technofittings.com\/#organization\"},\"potentialAction\":[{\"@type\":\"SearchAction\",\"target\":{\"@type\":\"EntryPoint\",\"urlTemplate\":\"https:\/\/technofittings.com\/?s={search_term_string}\"},\"query-input\":{\"@type\":\"PropertyValueSpecification\",\"valueRequired\":true,\"valueName\":\"search_term_string\"}}],\"inLanguage\":\"de-DE\"},{\"@type\":\"Organization\",\"@id\":\"https:\/\/technofittings.com\/#organization\",\"name\":\"Techno Fittings S.r.l.\",\"url\":\"https:\/\/technofittings.com\/\",\"logo\":{\"@type\":\"ImageObject\",\"inLanguage\":\"de-DE\",\"@id\":\"https:\/\/technofittings.com\/#\/schema\/logo\/image\/\",\"url\":\"https:\/\/technofittings.com\/wp\/wp-content\/uploads\/2020\/01\/cropped-ico.png\",\"contentUrl\":\"https:\/\/technofittings.com\/wp\/wp-content\/uploads\/2020\/01\/cropped-ico.png\",\"width\":512,\"height\":512,\"caption\":\"Techno Fittings S.r.l.\"},\"image\":{\"@id\":\"https:\/\/technofittings.com\/#\/schema\/logo\/image\/\"}}]}<\/script>\n<!-- \/ Yoast SEO plugin. -->","yoast_head_json":{"title":"SW Serie - Techno Fittings","robots":{"index":"index","follow":"follow","max-snippet":"max-snippet:-1","max-image-preview":"max-image-preview:large","max-video-preview":"max-video-preview:-1"},"canonical":"https:\/\/technofittings.com\/de\/prodotto\/sw-serie\/","og_locale":"de_DE","og_type":"article","og_title":"SW Serie - Techno Fittings","og_description":"Die abgeleiteten Durchflussmesser der SW-Serie sind Sofortdurchflussmesser, die f\u00fcr mittlere und mittlere Durchflussraten von fl\u00fcssigen und gasf\u00f6rmigen Fl\u00fcssigkeiten geeignet sind. Die Messung der Durchflussrate kann mit guter Pr\u00e4zision auf der entsprechend abgestuften Skala abgelesen werden, die auf dem konischen Rohr in JENA-Borosilikatglas siebgedruckt ist. Sie erm\u00f6glichen auch die Installation an horizontalen oder vertikalen Rohren mit &hellip; Continue reading \"SW Serie\"","og_url":"https:\/\/technofittings.com\/de\/prodotto\/sw-serie\/","og_site_name":"Techno Fittings","article_modified_time":"2021-04-19T09:15:51+00:00","og_image":[{"width":187,"height":400,"url":"https:\/\/technofittings.com\/wp\/wp-content\/uploads\/2019\/02\/flux_sw.jpg","type":"image\/jpeg"}],"twitter_card":"summary_large_image","twitter_misc":{"Est. reading time":"2 minutes"},"schema":{"@context":"https:\/\/schema.org","@graph":[{"@type":"WebPage","@id":"https:\/\/technofittings.com\/de\/prodotto\/sw-serie\/","url":"https:\/\/technofittings.com\/de\/prodotto\/sw-serie\/","name":"SW Serie - Techno Fittings","isPartOf":{"@id":"https:\/\/technofittings.com\/#website"},"primaryImageOfPage":{"@id":"https:\/\/technofittings.com\/de\/prodotto\/sw-serie\/#primaryimage"},"image":{"@id":"https:\/\/technofittings.com\/de\/prodotto\/sw-serie\/#primaryimage"},"thumbnailUrl":"https:\/\/technofittings.com\/wp\/wp-content\/uploads\/2019\/02\/flux_sw.jpg","datePublished":"2021-04-19T09:14:21+00:00","dateModified":"2021-04-19T09:15:51+00:00","breadcrumb":{"@id":"https:\/\/technofittings.com\/de\/prodotto\/sw-serie\/#breadcrumb"},"inLanguage":"de-DE","potentialAction":[{"@type":"ReadAction","target":["https:\/\/technofittings.com\/de\/prodotto\/sw-serie\/"]}]},{"@type":"ImageObject","inLanguage":"de-DE","@id":"https:\/\/technofittings.com\/de\/prodotto\/sw-serie\/#primaryimage","url":"https:\/\/technofittings.com\/wp\/wp-content\/uploads\/2019\/02\/flux_sw.jpg","contentUrl":"https:\/\/technofittings.com\/wp\/wp-content\/uploads\/2019\/02\/flux_sw.jpg","width":187,"height":400},{"@type":"BreadcrumbList","@id":"https:\/\/technofittings.com\/de\/prodotto\/sw-serie\/#breadcrumb","itemListElement":[{"@type":"ListItem","position":1,"name":"Home","item":"https:\/\/technofittings.com\/de\/"},{"@type":"ListItem","position":2,"name":"Shop","item":"https:\/\/technofittings.com\/en\/shop\/"},{"@type":"ListItem","position":3,"name":"SW Serie"}]},{"@type":"WebSite","@id":"https:\/\/technofittings.com\/#website","url":"https:\/\/technofittings.com\/","name":"Techno Fittings","description":"Prodotti e Servizi per l&#039;Industria e la Ricerca Scientifica","publisher":{"@id":"https:\/\/technofittings.com\/#organization"},"potentialAction":[{"@type":"SearchAction","target":{"@type":"EntryPoint","urlTemplate":"https:\/\/technofittings.com\/?s={search_term_string}"},"query-input":{"@type":"PropertyValueSpecification","valueRequired":true,"valueName":"search_term_string"}}],"inLanguage":"de-DE"},{"@type":"Organization","@id":"https:\/\/technofittings.com\/#organization","name":"Techno Fittings S.r.l.","url":"https:\/\/technofittings.com\/","logo":{"@type":"ImageObject","inLanguage":"de-DE","@id":"https:\/\/technofittings.com\/#\/schema\/logo\/image\/","url":"https:\/\/technofittings.com\/wp\/wp-content\/uploads\/2020\/01\/cropped-ico.png","contentUrl":"https:\/\/technofittings.com\/wp\/wp-content\/uploads\/2020\/01\/cropped-ico.png","width":512,"height":512,"caption":"Techno Fittings S.r.l."},"image":{"@id":"https:\/\/technofittings.com\/#\/schema\/logo\/image\/"}}]}},"_links":{"self":[{"href":"https:\/\/technofittings.com\/de\/wp-json\/wp\/v2\/product\/1766","targetHints":{"allow":["GET"]}}],"collection":[{"href":"https:\/\/technofittings.com\/de\/wp-json\/wp\/v2\/product"}],"about":[{"href":"https:\/\/technofittings.com\/de\/wp-json\/wp\/v2\/types\/product"}],"wp:featuredmedia":[{"embeddable":true,"href":"https:\/\/technofittings.com\/de\/wp-json\/wp\/v2\/media\/1767"}],"wp:attachment":[{"href":"https:\/\/technofittings.com\/de\/wp-json\/wp\/v2\/media?parent=1766"}],"wp:term":[{"taxonomy":"product_brand","embeddable":true,"href":"https:\/\/technofittings.com\/de\/wp-json\/wp\/v2\/product_brand?post=1766"},{"taxonomy":"product_cat","embeddable":true,"href":"https:\/\/technofittings.com\/de\/wp-json\/wp\/v2\/product_cat?post=1766"},{"taxonomy":"product_tag","embeddable":true,"href":"https:\/\/technofittings.com\/de\/wp-json\/wp\/v2\/product_tag?post=1766"}],"curies":[{"name":"wp","href":"https:\/\/api.w.org\/{rel}","templated":true}]}}