{"id":1763,"date":"2021-04-19T10:24:16","date_gmt":"2021-04-19T08:24:16","guid":{"rendered":"https:\/\/technofittings.com\/?post_type=product&#038;p=1763"},"modified":"2021-04-19T10:24:17","modified_gmt":"2021-04-19T08:24:17","slug":"rm-serie","status":"publish","type":"product","link":"https:\/\/technofittings.com\/de\/prodotto\/rm-serie\/","title":{"rendered":"RM Serie"},"content":{"rendered":"<p>Die direkt ablesbaren Durchflussmesser der RM-Serie sind Sofortdurchflussmesser, die zur Messung kleiner Durchflussraten von fl\u00fcssigen und gasf\u00f6rmigen Fl\u00fcssigkeiten geeignet sind.<br \/>\nDer Messkegel wird direkt im Acrylk\u00f6rper des Messger\u00e4ts erhalten.\u00a0Sie werden in drei verschiedenen Ausf\u00fchrungen hergestellt: mit abgewinkelten Anschl\u00fcssen f\u00fcr die Schalttafelmontage, mit oder ohne Nadelventil, mit seitlichen oder vorderen Anschl\u00fcssen, mit Nadelventil.<br \/>\nDie Durchflussmesser der RM-Serie sind \u00e4u\u00dferst einfach zu bedienen und eignen sich besonders f\u00fcr die Verwendung in der Gastherapie, bei Sp\u00fclungen, Analysen und F\u00fcllstandsmessungen.<\/p>\n<p>Weitere Funktionen sind:<br \/>\n&#8211; Armaturen und Regelventil aus Messing oder Edelstahl AISI 304<br \/>\n&#8211; Strukturen unterschiedlicher Gr\u00f6\u00dfe f\u00fcr eine Vielzahl von Anwendungen<\/p>\n<p><strong>Eigenschaften<\/strong><\/p>\n<p><strong>Pr\u00e4zision:<\/strong>\u00a0+\/- 5% V.F.S.<br \/>\n<strong>maximaler Arbeitsdruck <\/strong>: 10 Kg cm<sup>2<\/sup><br \/>\n<strong>maximale Betriebstemperatur <\/strong>: 50\u00b0C<\/p>\n<p><b>Zubeh\u00f6r<\/b><br \/>\n&#8211; Differenzdruckregler<br \/>\n&#8211; Anschl\u00fcsse zur Schlauchd\u00fcse<br \/>\n&#8211; Anschl\u00fcsse an die Schlauchd\u00fcse (nur Ausf\u00fchrungsart &#8220;1&#8221;)<\/p>\n<p><b>Typen und Vollauschlag<\/b><\/p>\n<table>\n<tbody>\n<tr>\n<td width=\"10%\"><strong>TYP<\/strong><\/td>\n<td width=\"8%\"><strong>L\u00e4nge<br \/>\n(mm)<\/strong><\/td>\n<td width=\"8%\"><strong>Tiefe<br \/>\n(mm)<\/strong><\/td>\n<td colspan=\"2\" width=\"24%\"><strong>Wasser<br \/>\nLt\/h<\/strong><\/td>\n<td colspan=\"2\" width=\"24%\"><strong>Luft<br \/>\nNlt\/h<\/strong><\/td>\n<td width=\"19%\"><strong>Angriffe verarbeiten<\/strong><\/td>\n<td width=\"8%\"><strong>Einbau \/ Einbauabstand (mm)<\/strong><\/td>\n<\/tr>\n<tr>\n<td width=\"10%\"><\/td>\n<td width=\"8%\"><\/td>\n<td width=\"8%\"><\/td>\n<td width=\"12%\">Min<\/td>\n<td width=\"12%\">Max<\/td>\n<td width=\"12%\">Min<\/td>\n<td width=\"12%\">Max<\/td>\n<td width=\"19%\"><\/td>\n<td width=\"8%\"><\/td>\n<\/tr>\n<tr>\n<td width=\"10%\">RM95<\/td>\n<td width=\"8%\">95<\/td>\n<td width=\"8%\">26<\/td>\n<td width=\"12%\">5<\/td>\n<td width=\"12%\">50<\/td>\n<td width=\"12%\">18<\/td>\n<td width=\"12%\">900<\/td>\n<td width=\"19%\">1\/4&#8243;-3\/8&#8243; GAS<\/td>\n<td width=\"8%\">65<\/td>\n<\/tr>\n<tr>\n<td width=\"10%\">RM100<\/td>\n<td width=\"8%\">100<\/td>\n<td width=\"8%\">26<\/td>\n<td width=\"12%\">5<\/td>\n<td width=\"12%\">50<\/td>\n<td width=\"12%\">18<\/td>\n<td width=\"12%\">1200<\/td>\n<td width=\"19%\">1\/4&#8243;-3\/8&#8243; GAS<\/td>\n<td width=\"8%\">70<\/td>\n<\/tr>\n<tr>\n<td width=\"10%\">RM105<\/td>\n<td width=\"8%\">105<\/td>\n<td width=\"8%\">30<\/td>\n<td width=\"12%\">5<\/td>\n<td width=\"12%\">80<\/td>\n<td width=\"12%\">18<\/td>\n<td width=\"12%\">1800<\/td>\n<td width=\"19%\">1\/4&#8243;-3\/8&#8243; GAS<\/td>\n<td width=\"8%\">75<\/td>\n<\/tr>\n<tr>\n<td width=\"10%\">RM120<\/td>\n<td width=\"8%\">120<\/td>\n<td width=\"8%\">30<\/td>\n<td width=\"12%\">6<\/td>\n<td width=\"12%\">120<\/td>\n<td width=\"12%\">18<\/td>\n<td width=\"12%\">3000<\/td>\n<td width=\"19%\">1\/4&#8243;-3\/8&#8243; GAS<\/td>\n<td width=\"8%\">90<\/td>\n<\/tr>\n<tr>\n<td width=\"10%\">RM145<\/td>\n<td width=\"8%\">145<\/td>\n<td width=\"8%\">30<\/td>\n<td width=\"12%\">10<\/td>\n<td width=\"12%\">120<\/td>\n<td width=\"12%\">90<\/td>\n<td width=\"12%\">6000<\/td>\n<td width=\"19%\">1\/4&#8243;-3\/8&#8243; GAS<\/td>\n<td width=\"8%\">115<\/td>\n<\/tr>\n<tr>\n<td width=\"10%\">RM185<\/td>\n<td width=\"8%\">185<\/td>\n<td width=\"8%\">30<\/td>\n<td width=\"12%\">50<\/td>\n<td width=\"12%\">200<\/td>\n<td width=\"12%\">300<\/td>\n<td width=\"12%\">6000<\/td>\n<td width=\"19%\">1\/4&#8243;-3\/8&#8243; GAS<\/td>\n<td width=\"8%\">155<\/td>\n<\/tr>\n<tr>\n<td width=\"10%\">RM205<\/td>\n<td width=\"8%\">205<\/td>\n<td width=\"8%\">30<\/td>\n<td width=\"12%\">200<\/td>\n<td width=\"12%\">450<\/td>\n<td width=\"12%\">300<\/td>\n<td width=\"12%\">6000<\/td>\n<td width=\"19%\">1\/4&#8243;-3\/8&#8243; GAS<\/td>\n<td width=\"8%\">175<\/td>\n<\/tr>\n<tr>\n<td width=\"10%\">RM-V<\/td>\n<td width=\"8%\">120<\/td>\n<td width=\"8%\">30<\/td>\n<td width=\"12%\">\\<\/td>\n<td width=\"12%\">\\<\/td>\n<td width=\"12%\">1<\/td>\n<td width=\"12%\">20<\/td>\n<td width=\"19%\">1\/4&#8243;-3\/8&#8243; GAS<\/td>\n<td width=\"8%\">90<\/td>\n<\/tr>\n<\/tbody>\n<\/table>\n","protected":false},"excerpt":{"rendered":"<p>Die direkt ablesbaren Durchflussmesser der RM-Serie sind Sofortdurchflussmesser, die zur Messung kleiner Durchflussraten von fl\u00fcssigen und gasf\u00f6rmigen Fl\u00fcssigkeiten geeignet sind. Der Messkegel wird direkt im Acrylk\u00f6rper des Messger\u00e4ts erhalten.\u00a0Sie werden in drei verschiedenen Ausf\u00fchrungen hergestellt: mit abgewinkelten Anschl\u00fcssen f\u00fcr die Schalttafelmontage, mit oder ohne Nadelventil, mit seitlichen oder vorderen Anschl\u00fcssen, mit Nadelventil. Die Durchflussmesser der &hellip; <a href=\"https:\/\/technofittings.com\/de\/prodotto\/rm-serie\/\" class=\"more-link\">Continue reading<span class=\"screen-reader-text\"> &#8220;RM Serie&#8221;<\/span><\/a><\/p>\n","protected":false},"featured_media":1764,"template":"","meta":{"_acf_changed":false,"_monsterinsights_skip_tracking":false,"_monsterinsights_sitenote_active":false,"_monsterinsights_sitenote_note":"","_monsterinsights_sitenote_category":0},"product_brand":[],"product_cat":[82],"product_tag":[],"class_list":{"0":"post-1763","1":"product","2":"type-product","3":"status-publish","4":"has-post-thumbnail","6":"product_cat-durchflussmesser","8":"first","9":"instock","10":"taxable","11":"shipping-taxable","12":"purchasable","13":"product-type-simple"},"acf":[],"yoast_head":"<!-- This site is optimized with the Yoast SEO plugin v26.9 - https:\/\/yoast.com\/product\/yoast-seo-wordpress\/ -->\n<title>RM Serie - Techno Fittings<\/title>\n<meta name=\"robots\" content=\"index, follow, max-snippet:-1, max-image-preview:large, max-video-preview:-1\" \/>\n<link rel=\"canonical\" href=\"https:\/\/technofittings.com\/de\/prodotto\/rm-serie\/\" \/>\n<meta property=\"og:locale\" content=\"de_DE\" \/>\n<meta property=\"og:type\" content=\"article\" \/>\n<meta property=\"og:title\" content=\"RM Serie - Techno Fittings\" \/>\n<meta property=\"og:description\" content=\"Die direkt ablesbaren Durchflussmesser der RM-Serie sind Sofortdurchflussmesser, die zur Messung kleiner Durchflussraten von fl\u00fcssigen und gasf\u00f6rmigen Fl\u00fcssigkeiten geeignet sind. Der Messkegel wird direkt im Acrylk\u00f6rper des Messger\u00e4ts erhalten.\u00a0Sie werden in drei verschiedenen Ausf\u00fchrungen hergestellt: mit abgewinkelten Anschl\u00fcssen f\u00fcr die Schalttafelmontage, mit oder ohne Nadelventil, mit seitlichen oder vorderen Anschl\u00fcssen, mit Nadelventil. Die Durchflussmesser der &hellip; Continue reading &quot;RM Serie&quot;\" \/>\n<meta property=\"og:url\" content=\"https:\/\/technofittings.com\/de\/prodotto\/rm-serie\/\" \/>\n<meta property=\"og:site_name\" content=\"Techno Fittings\" \/>\n<meta property=\"article:modified_time\" content=\"2021-04-19T08:24:17+00:00\" \/>\n<meta property=\"og:image\" content=\"https:\/\/technofittings.com\/wp\/wp-content\/uploads\/2019\/02\/flux_rm.jpg\" \/>\n\t<meta property=\"og:image:width\" content=\"222\" \/>\n\t<meta property=\"og:image:height\" content=\"400\" \/>\n\t<meta property=\"og:image:type\" content=\"image\/jpeg\" \/>\n<meta name=\"twitter:card\" content=\"summary_large_image\" \/>\n<meta name=\"twitter:label1\" content=\"Est. reading time\" \/>\n\t<meta name=\"twitter:data1\" content=\"1 minute\" \/>\n<script type=\"application\/ld+json\" class=\"yoast-schema-graph\">{\"@context\":\"https:\/\/schema.org\",\"@graph\":[{\"@type\":\"WebPage\",\"@id\":\"https:\/\/technofittings.com\/de\/prodotto\/rm-serie\/\",\"url\":\"https:\/\/technofittings.com\/de\/prodotto\/rm-serie\/\",\"name\":\"RM Serie - Techno Fittings\",\"isPartOf\":{\"@id\":\"https:\/\/technofittings.com\/#website\"},\"primaryImageOfPage\":{\"@id\":\"https:\/\/technofittings.com\/de\/prodotto\/rm-serie\/#primaryimage\"},\"image\":{\"@id\":\"https:\/\/technofittings.com\/de\/prodotto\/rm-serie\/#primaryimage\"},\"thumbnailUrl\":\"https:\/\/technofittings.com\/wp\/wp-content\/uploads\/2019\/02\/flux_rm.jpg\",\"datePublished\":\"2021-04-19T08:24:16+00:00\",\"dateModified\":\"2021-04-19T08:24:17+00:00\",\"breadcrumb\":{\"@id\":\"https:\/\/technofittings.com\/de\/prodotto\/rm-serie\/#breadcrumb\"},\"inLanguage\":\"de-DE\",\"potentialAction\":[{\"@type\":\"ReadAction\",\"target\":[\"https:\/\/technofittings.com\/de\/prodotto\/rm-serie\/\"]}]},{\"@type\":\"ImageObject\",\"inLanguage\":\"de-DE\",\"@id\":\"https:\/\/technofittings.com\/de\/prodotto\/rm-serie\/#primaryimage\",\"url\":\"https:\/\/technofittings.com\/wp\/wp-content\/uploads\/2019\/02\/flux_rm.jpg\",\"contentUrl\":\"https:\/\/technofittings.com\/wp\/wp-content\/uploads\/2019\/02\/flux_rm.jpg\",\"width\":222,\"height\":400},{\"@type\":\"BreadcrumbList\",\"@id\":\"https:\/\/technofittings.com\/de\/prodotto\/rm-serie\/#breadcrumb\",\"itemListElement\":[{\"@type\":\"ListItem\",\"position\":1,\"name\":\"Home\",\"item\":\"https:\/\/technofittings.com\/de\/\"},{\"@type\":\"ListItem\",\"position\":2,\"name\":\"Shop\",\"item\":\"https:\/\/technofittings.com\/en\/shop\/\"},{\"@type\":\"ListItem\",\"position\":3,\"name\":\"RM Serie\"}]},{\"@type\":\"WebSite\",\"@id\":\"https:\/\/technofittings.com\/#website\",\"url\":\"https:\/\/technofittings.com\/\",\"name\":\"Techno Fittings\",\"description\":\"Prodotti e Servizi per l&#039;Industria e la Ricerca Scientifica\",\"publisher\":{\"@id\":\"https:\/\/technofittings.com\/#organization\"},\"potentialAction\":[{\"@type\":\"SearchAction\",\"target\":{\"@type\":\"EntryPoint\",\"urlTemplate\":\"https:\/\/technofittings.com\/?s={search_term_string}\"},\"query-input\":{\"@type\":\"PropertyValueSpecification\",\"valueRequired\":true,\"valueName\":\"search_term_string\"}}],\"inLanguage\":\"de-DE\"},{\"@type\":\"Organization\",\"@id\":\"https:\/\/technofittings.com\/#organization\",\"name\":\"Techno Fittings S.r.l.\",\"url\":\"https:\/\/technofittings.com\/\",\"logo\":{\"@type\":\"ImageObject\",\"inLanguage\":\"de-DE\",\"@id\":\"https:\/\/technofittings.com\/#\/schema\/logo\/image\/\",\"url\":\"https:\/\/technofittings.com\/wp\/wp-content\/uploads\/2020\/01\/cropped-ico.png\",\"contentUrl\":\"https:\/\/technofittings.com\/wp\/wp-content\/uploads\/2020\/01\/cropped-ico.png\",\"width\":512,\"height\":512,\"caption\":\"Techno Fittings S.r.l.\"},\"image\":{\"@id\":\"https:\/\/technofittings.com\/#\/schema\/logo\/image\/\"}}]}<\/script>\n<!-- \/ Yoast SEO plugin. -->","yoast_head_json":{"title":"RM Serie - Techno Fittings","robots":{"index":"index","follow":"follow","max-snippet":"max-snippet:-1","max-image-preview":"max-image-preview:large","max-video-preview":"max-video-preview:-1"},"canonical":"https:\/\/technofittings.com\/de\/prodotto\/rm-serie\/","og_locale":"de_DE","og_type":"article","og_title":"RM Serie - Techno Fittings","og_description":"Die direkt ablesbaren Durchflussmesser der RM-Serie sind Sofortdurchflussmesser, die zur Messung kleiner Durchflussraten von fl\u00fcssigen und gasf\u00f6rmigen Fl\u00fcssigkeiten geeignet sind. Der Messkegel wird direkt im Acrylk\u00f6rper des Messger\u00e4ts erhalten.\u00a0Sie werden in drei verschiedenen Ausf\u00fchrungen hergestellt: mit abgewinkelten Anschl\u00fcssen f\u00fcr die Schalttafelmontage, mit oder ohne Nadelventil, mit seitlichen oder vorderen Anschl\u00fcssen, mit Nadelventil. Die Durchflussmesser der &hellip; Continue reading \"RM Serie\"","og_url":"https:\/\/technofittings.com\/de\/prodotto\/rm-serie\/","og_site_name":"Techno Fittings","article_modified_time":"2021-04-19T08:24:17+00:00","og_image":[{"width":222,"height":400,"url":"https:\/\/technofittings.com\/wp\/wp-content\/uploads\/2019\/02\/flux_rm.jpg","type":"image\/jpeg"}],"twitter_card":"summary_large_image","twitter_misc":{"Est. reading time":"1 minute"},"schema":{"@context":"https:\/\/schema.org","@graph":[{"@type":"WebPage","@id":"https:\/\/technofittings.com\/de\/prodotto\/rm-serie\/","url":"https:\/\/technofittings.com\/de\/prodotto\/rm-serie\/","name":"RM Serie - Techno Fittings","isPartOf":{"@id":"https:\/\/technofittings.com\/#website"},"primaryImageOfPage":{"@id":"https:\/\/technofittings.com\/de\/prodotto\/rm-serie\/#primaryimage"},"image":{"@id":"https:\/\/technofittings.com\/de\/prodotto\/rm-serie\/#primaryimage"},"thumbnailUrl":"https:\/\/technofittings.com\/wp\/wp-content\/uploads\/2019\/02\/flux_rm.jpg","datePublished":"2021-04-19T08:24:16+00:00","dateModified":"2021-04-19T08:24:17+00:00","breadcrumb":{"@id":"https:\/\/technofittings.com\/de\/prodotto\/rm-serie\/#breadcrumb"},"inLanguage":"de-DE","potentialAction":[{"@type":"ReadAction","target":["https:\/\/technofittings.com\/de\/prodotto\/rm-serie\/"]}]},{"@type":"ImageObject","inLanguage":"de-DE","@id":"https:\/\/technofittings.com\/de\/prodotto\/rm-serie\/#primaryimage","url":"https:\/\/technofittings.com\/wp\/wp-content\/uploads\/2019\/02\/flux_rm.jpg","contentUrl":"https:\/\/technofittings.com\/wp\/wp-content\/uploads\/2019\/02\/flux_rm.jpg","width":222,"height":400},{"@type":"BreadcrumbList","@id":"https:\/\/technofittings.com\/de\/prodotto\/rm-serie\/#breadcrumb","itemListElement":[{"@type":"ListItem","position":1,"name":"Home","item":"https:\/\/technofittings.com\/de\/"},{"@type":"ListItem","position":2,"name":"Shop","item":"https:\/\/technofittings.com\/en\/shop\/"},{"@type":"ListItem","position":3,"name":"RM Serie"}]},{"@type":"WebSite","@id":"https:\/\/technofittings.com\/#website","url":"https:\/\/technofittings.com\/","name":"Techno Fittings","description":"Prodotti e Servizi per l&#039;Industria e la Ricerca Scientifica","publisher":{"@id":"https:\/\/technofittings.com\/#organization"},"potentialAction":[{"@type":"SearchAction","target":{"@type":"EntryPoint","urlTemplate":"https:\/\/technofittings.com\/?s={search_term_string}"},"query-input":{"@type":"PropertyValueSpecification","valueRequired":true,"valueName":"search_term_string"}}],"inLanguage":"de-DE"},{"@type":"Organization","@id":"https:\/\/technofittings.com\/#organization","name":"Techno Fittings S.r.l.","url":"https:\/\/technofittings.com\/","logo":{"@type":"ImageObject","inLanguage":"de-DE","@id":"https:\/\/technofittings.com\/#\/schema\/logo\/image\/","url":"https:\/\/technofittings.com\/wp\/wp-content\/uploads\/2020\/01\/cropped-ico.png","contentUrl":"https:\/\/technofittings.com\/wp\/wp-content\/uploads\/2020\/01\/cropped-ico.png","width":512,"height":512,"caption":"Techno Fittings S.r.l."},"image":{"@id":"https:\/\/technofittings.com\/#\/schema\/logo\/image\/"}}]}},"_links":{"self":[{"href":"https:\/\/technofittings.com\/de\/wp-json\/wp\/v2\/product\/1763","targetHints":{"allow":["GET"]}}],"collection":[{"href":"https:\/\/technofittings.com\/de\/wp-json\/wp\/v2\/product"}],"about":[{"href":"https:\/\/technofittings.com\/de\/wp-json\/wp\/v2\/types\/product"}],"wp:featuredmedia":[{"embeddable":true,"href":"https:\/\/technofittings.com\/de\/wp-json\/wp\/v2\/media\/1764"}],"wp:attachment":[{"href":"https:\/\/technofittings.com\/de\/wp-json\/wp\/v2\/media?parent=1763"}],"wp:term":[{"taxonomy":"product_brand","embeddable":true,"href":"https:\/\/technofittings.com\/de\/wp-json\/wp\/v2\/product_brand?post=1763"},{"taxonomy":"product_cat","embeddable":true,"href":"https:\/\/technofittings.com\/de\/wp-json\/wp\/v2\/product_cat?post=1763"},{"taxonomy":"product_tag","embeddable":true,"href":"https:\/\/technofittings.com\/de\/wp-json\/wp\/v2\/product_tag?post=1763"}],"curies":[{"name":"wp","href":"https:\/\/api.w.org\/{rel}","templated":true}]}}