{"id":1760,"date":"2021-04-13T12:05:52","date_gmt":"2021-04-13T10:05:52","guid":{"rendered":"https:\/\/technofittings.com\/?post_type=product&#038;p=1760"},"modified":"2021-04-13T12:05:54","modified_gmt":"2021-04-13T10:05:54","slug":"rg-s-rg-r-serie","status":"publish","type":"product","link":"https:\/\/technofittings.com\/de\/prodotto\/rg-s-rg-r-serie\/","title":{"rendered":"RG\/S &#8211; RG\/R Serie"},"content":{"rendered":"<p><strong>Eingeschaften\u00a0<\/strong><\/p>\n<p><b>Pr\u00e4zision<\/b>: +\/- 10% V.F.S.<br \/>\n<strong>maximaler Arbeitsdruck<\/strong>: 10 bar<br \/>\n<strong>maximale Betriebstemperatur <\/strong>: 50 \u00b0C<br \/>\n<b>Armaturen aus verchromtem Messing oder\u00a0AISI 304<\/b><\/p>\n<p><b>Zubeh\u00f6r<\/b><br \/>\n&#8211; Nadelventil (RG1\/L\/R)<br \/>\n&#8211; Anschl\u00fcsse zur Schlauchd\u00fcse<\/p>\n<p><strong>Typen und Vollausschlag<\/strong><\/p>\n<table width=\"95%\">\n<tbody>\n<tr>\n<td width=\"14%\"><\/td>\n<td width=\"16%\"><strong>LUFT<\/strong><\/td>\n<td width=\"16%\"><strong>WASSER<\/strong><\/td>\n<td width=\"22%\"><\/td>\n<td width=\"10%\"><\/td>\n<td width=\"10%\"><\/td>\n<td width=\"10%\"><\/td>\n<\/tr>\n<tr>\n<td width=\"14%\"><strong>TYP<\/strong><\/td>\n<td colspan=\"2\" width=\"33%\">max. Kapazit\u00e4t<\/td>\n<td width=\"22%\"><strong>Fil. A<\/strong><\/td>\n<td width=\"10%\"><strong>Lange<br \/>\n(mm)<\/strong><\/td>\n<td width=\"10%\"><strong>Tiefe\u00a0<\/strong><strong>(mm)<\/strong><\/td>\n<td width=\"10%\"><b>Radstand<\/b><\/td>\n<\/tr>\n<tr>\n<td width=\"14%\"><\/td>\n<td width=\"16%\"><strong>Nlt\/h<\/strong><\/td>\n<td width=\"16%\"><strong>Lt\/h<\/strong><\/td>\n<td width=\"22%\"><\/td>\n<td width=\"10%\"><\/td>\n<td width=\"10%\"><\/td>\n<td width=\"10%\"><\/td>\n<\/tr>\n<tr>\n<td width=\"14%\">RG1\/S<\/td>\n<td width=\"16%\">10<\/td>\n<td width=\"16%\">600<\/td>\n<td width=\"22%\">3\/8&#8243;-1\/2&#8243;<\/td>\n<td width=\"10%\">133<\/td>\n<td width=\"10%\">35<\/td>\n<td width=\"10%\">95<\/td>\n<\/tr>\n<tr>\n<td width=\"14%\">RG1\/L\/S<\/td>\n<td width=\"16%\">10<\/td>\n<td width=\"16%\">600<\/td>\n<td width=\"22%\">3\/8&#8243;-1\/2&#8243;<\/td>\n<td width=\"10%\">200<\/td>\n<td width=\"10%\">40<\/td>\n<td width=\"10%\">140<\/td>\n<\/tr>\n<tr>\n<td width=\"14%\">RG2\/S<\/td>\n<td width=\"16%\">25<\/td>\n<td width=\"16%\">2000<\/td>\n<td width=\"22%\">1\/2&#8243;-3\/4&#8243;-1&#8243;<\/td>\n<td width=\"10%\">160<\/td>\n<td width=\"10%\">40<\/td>\n<td width=\"10%\">117<\/td>\n<\/tr>\n<tr>\n<td width=\"14%\">RG3\/S<\/td>\n<td width=\"16%\">40<\/td>\n<td width=\"16%\">4000<\/td>\n<td width=\"22%\">3\/4&#8243;-1&#8243;-1.1\/4&#8243;<\/td>\n<td width=\"10%\">190<\/td>\n<td width=\"10%\">45<\/td>\n<td width=\"10%\">120<\/td>\n<\/tr>\n<tr>\n<td width=\"14%\">RG3\/L\/S<\/td>\n<td width=\"16%\">40<\/td>\n<td width=\"16%\">4000<\/td>\n<td width=\"22%\">3\/4&#8243;-1&#8243;-1.1\/4&#8243;<\/td>\n<td width=\"10%\">219<\/td>\n<td width=\"10%\">60<\/td>\n<td width=\"10%\">161<\/td>\n<\/tr>\n<tr>\n<td width=\"14%\">RG1\/R<\/td>\n<td width=\"16%\">10<\/td>\n<td width=\"16%\">600<\/td>\n<td width=\"22%\">3\/8&#8243;-1\/2&#8243;<\/td>\n<td width=\"10%\">145<\/td>\n<td width=\"10%\">35<\/td>\n<td width=\"10%\">110<\/td>\n<\/tr>\n<tr>\n<td width=\"14%\">RG1\/L\/R<\/td>\n<td width=\"16%\">10<\/td>\n<td width=\"16%\">600<\/td>\n<td width=\"22%\">3\/8&#8243;-1\/2&#8243;<\/td>\n<td width=\"10%\">200<\/td>\n<td width=\"10%\">40<\/td>\n<td width=\"10%\">154<\/td>\n<\/tr>\n<tr>\n<td width=\"14%\">RG2\/R<\/td>\n<td width=\"16%\">25<\/td>\n<td width=\"16%\">2000<\/td>\n<td width=\"22%\">3\/8&#8243;-1\/2&#8243;-3\/4&#8243;<\/td>\n<td width=\"10%\">160<\/td>\n<td width=\"10%\">45<\/td>\n<td width=\"10%\">121<\/td>\n<\/tr>\n<\/tbody>\n<\/table>\n","protected":false},"excerpt":{"rendered":"<p>Die Durchflussmesser der Serie RG \/ S-RG \/ R sind Sofortdurchflussmesser, die f\u00fcr kleine und mittlere Durchflussraten von fl\u00fcssigen und gasf\u00f6rmigen Fl\u00fcssigkeiten geeignet sind.<br \/>\nDie Messung der Durchflussrate kann mit guter Pr\u00e4zision auf der entsprechend abgestuften Skala abgelesen werden, die am K\u00f6rper des Instruments siebgedruckt wird, und der Messkegel wird direkt in der Struktur erhalten.<br \/>\nSie k\u00f6nnen in Ausf\u00fchrung mit Gewinde- oder Flansch-, Axial- oder Winkelverbindungen mit oder ohne Einstellnadelventil hergestellt werden.<br \/>\nEine weitere Besonderheit zus\u00e4tzlich zu den bereits erw\u00e4hnten ist die M\u00f6glichkeit, das Instrument an jedem Punkt in der Rohrleitung zu installieren, ohne dass gerade Abschnitte oder Durchflussanschl\u00fcsse erforderlich sind.<\/p>\n","protected":false},"featured_media":1761,"template":"","meta":{"_acf_changed":false,"_monsterinsights_skip_tracking":false,"_monsterinsights_sitenote_active":false,"_monsterinsights_sitenote_note":"","_monsterinsights_sitenote_category":0},"product_brand":[],"product_cat":[82],"product_tag":[],"class_list":{"0":"post-1760","1":"product","2":"type-product","3":"status-publish","4":"has-post-thumbnail","6":"product_cat-durchflussmesser","8":"first","9":"instock","10":"taxable","11":"shipping-taxable","12":"purchasable","13":"product-type-simple"},"acf":[],"yoast_head":"<!-- This site is optimized with the Yoast SEO plugin v26.9 - https:\/\/yoast.com\/product\/yoast-seo-wordpress\/ -->\n<title>RG\/S - RG\/R Serie - Techno Fittings<\/title>\n<meta name=\"robots\" content=\"index, follow, max-snippet:-1, max-image-preview:large, max-video-preview:-1\" \/>\n<link rel=\"canonical\" href=\"https:\/\/technofittings.com\/de\/prodotto\/rg-s-rg-r-serie\/\" \/>\n<meta property=\"og:locale\" content=\"de_DE\" \/>\n<meta property=\"og:type\" content=\"article\" \/>\n<meta property=\"og:title\" content=\"RG\/S - RG\/R Serie - Techno Fittings\" \/>\n<meta property=\"og:description\" content=\"Die Durchflussmesser der Serie RG \/ S-RG \/ R sind Sofortdurchflussmesser, die f\u00fcr kleine und mittlere Durchflussraten von fl\u00fcssigen und gasf\u00f6rmigen Fl\u00fcssigkeiten geeignet sind. Die Messung der Durchflussrate kann mit guter Pr\u00e4zision auf der entsprechend abgestuften Skala abgelesen werden, die am K\u00f6rper des Instruments siebgedruckt wird, und der Messkegel wird direkt in der Struktur erhalten. Sie k\u00f6nnen in Ausf\u00fchrung mit Gewinde- oder Flansch-, Axial- oder Winkelverbindungen mit oder ohne Einstellnadelventil hergestellt werden. Eine weitere Besonderheit zus\u00e4tzlich zu den bereits erw\u00e4hnten ist die M\u00f6glichkeit, das Instrument an jedem Punkt in der Rohrleitung zu installieren, ohne dass gerade Abschnitte oder Durchflussanschl\u00fcsse erforderlich sind.\" \/>\n<meta property=\"og:url\" content=\"https:\/\/technofittings.com\/de\/prodotto\/rg-s-rg-r-serie\/\" \/>\n<meta property=\"og:site_name\" content=\"Techno Fittings\" \/>\n<meta property=\"article:modified_time\" content=\"2021-04-13T10:05:54+00:00\" \/>\n<meta property=\"og:image\" content=\"https:\/\/technofittings.com\/wp\/wp-content\/uploads\/2019\/02\/flux_rgs.jpg\" \/>\n\t<meta property=\"og:image:width\" content=\"190\" \/>\n\t<meta property=\"og:image:height\" content=\"400\" \/>\n\t<meta property=\"og:image:type\" content=\"image\/jpeg\" \/>\n<meta name=\"twitter:card\" content=\"summary_large_image\" \/>\n<meta name=\"twitter:label1\" content=\"Est. reading time\" \/>\n\t<meta name=\"twitter:data1\" content=\"1 minute\" \/>\n<script type=\"application\/ld+json\" class=\"yoast-schema-graph\">{\"@context\":\"https:\/\/schema.org\",\"@graph\":[{\"@type\":\"WebPage\",\"@id\":\"https:\/\/technofittings.com\/de\/prodotto\/rg-s-rg-r-serie\/\",\"url\":\"https:\/\/technofittings.com\/de\/prodotto\/rg-s-rg-r-serie\/\",\"name\":\"RG\/S - RG\/R Serie - Techno Fittings\",\"isPartOf\":{\"@id\":\"https:\/\/technofittings.com\/#website\"},\"primaryImageOfPage\":{\"@id\":\"https:\/\/technofittings.com\/de\/prodotto\/rg-s-rg-r-serie\/#primaryimage\"},\"image\":{\"@id\":\"https:\/\/technofittings.com\/de\/prodotto\/rg-s-rg-r-serie\/#primaryimage\"},\"thumbnailUrl\":\"https:\/\/technofittings.com\/wp\/wp-content\/uploads\/2019\/02\/flux_rgs.jpg\",\"datePublished\":\"2021-04-13T10:05:52+00:00\",\"dateModified\":\"2021-04-13T10:05:54+00:00\",\"breadcrumb\":{\"@id\":\"https:\/\/technofittings.com\/de\/prodotto\/rg-s-rg-r-serie\/#breadcrumb\"},\"inLanguage\":\"de-DE\",\"potentialAction\":[{\"@type\":\"ReadAction\",\"target\":[\"https:\/\/technofittings.com\/de\/prodotto\/rg-s-rg-r-serie\/\"]}]},{\"@type\":\"ImageObject\",\"inLanguage\":\"de-DE\",\"@id\":\"https:\/\/technofittings.com\/de\/prodotto\/rg-s-rg-r-serie\/#primaryimage\",\"url\":\"https:\/\/technofittings.com\/wp\/wp-content\/uploads\/2019\/02\/flux_rgs.jpg\",\"contentUrl\":\"https:\/\/technofittings.com\/wp\/wp-content\/uploads\/2019\/02\/flux_rgs.jpg\",\"width\":190,\"height\":400},{\"@type\":\"BreadcrumbList\",\"@id\":\"https:\/\/technofittings.com\/de\/prodotto\/rg-s-rg-r-serie\/#breadcrumb\",\"itemListElement\":[{\"@type\":\"ListItem\",\"position\":1,\"name\":\"Home\",\"item\":\"https:\/\/technofittings.com\/de\/\"},{\"@type\":\"ListItem\",\"position\":2,\"name\":\"Shop\",\"item\":\"https:\/\/technofittings.com\/en\/shop\/\"},{\"@type\":\"ListItem\",\"position\":3,\"name\":\"RG\/S &#8211; RG\/R Serie\"}]},{\"@type\":\"WebSite\",\"@id\":\"https:\/\/technofittings.com\/#website\",\"url\":\"https:\/\/technofittings.com\/\",\"name\":\"Techno Fittings\",\"description\":\"Prodotti e Servizi per l&#039;Industria e la Ricerca Scientifica\",\"publisher\":{\"@id\":\"https:\/\/technofittings.com\/#organization\"},\"potentialAction\":[{\"@type\":\"SearchAction\",\"target\":{\"@type\":\"EntryPoint\",\"urlTemplate\":\"https:\/\/technofittings.com\/?s={search_term_string}\"},\"query-input\":{\"@type\":\"PropertyValueSpecification\",\"valueRequired\":true,\"valueName\":\"search_term_string\"}}],\"inLanguage\":\"de-DE\"},{\"@type\":\"Organization\",\"@id\":\"https:\/\/technofittings.com\/#organization\",\"name\":\"Techno Fittings S.r.l.\",\"url\":\"https:\/\/technofittings.com\/\",\"logo\":{\"@type\":\"ImageObject\",\"inLanguage\":\"de-DE\",\"@id\":\"https:\/\/technofittings.com\/#\/schema\/logo\/image\/\",\"url\":\"https:\/\/technofittings.com\/wp\/wp-content\/uploads\/2020\/01\/cropped-ico.png\",\"contentUrl\":\"https:\/\/technofittings.com\/wp\/wp-content\/uploads\/2020\/01\/cropped-ico.png\",\"width\":512,\"height\":512,\"caption\":\"Techno Fittings S.r.l.\"},\"image\":{\"@id\":\"https:\/\/technofittings.com\/#\/schema\/logo\/image\/\"}}]}<\/script>\n<!-- \/ Yoast SEO plugin. -->","yoast_head_json":{"title":"RG\/S - RG\/R Serie - Techno Fittings","robots":{"index":"index","follow":"follow","max-snippet":"max-snippet:-1","max-image-preview":"max-image-preview:large","max-video-preview":"max-video-preview:-1"},"canonical":"https:\/\/technofittings.com\/de\/prodotto\/rg-s-rg-r-serie\/","og_locale":"de_DE","og_type":"article","og_title":"RG\/S - RG\/R Serie - Techno Fittings","og_description":"Die Durchflussmesser der Serie RG \/ S-RG \/ R sind Sofortdurchflussmesser, die f\u00fcr kleine und mittlere Durchflussraten von fl\u00fcssigen und gasf\u00f6rmigen Fl\u00fcssigkeiten geeignet sind. Die Messung der Durchflussrate kann mit guter Pr\u00e4zision auf der entsprechend abgestuften Skala abgelesen werden, die am K\u00f6rper des Instruments siebgedruckt wird, und der Messkegel wird direkt in der Struktur erhalten. Sie k\u00f6nnen in Ausf\u00fchrung mit Gewinde- oder Flansch-, Axial- oder Winkelverbindungen mit oder ohne Einstellnadelventil hergestellt werden. Eine weitere Besonderheit zus\u00e4tzlich zu den bereits erw\u00e4hnten ist die M\u00f6glichkeit, das Instrument an jedem Punkt in der Rohrleitung zu installieren, ohne dass gerade Abschnitte oder Durchflussanschl\u00fcsse erforderlich sind.","og_url":"https:\/\/technofittings.com\/de\/prodotto\/rg-s-rg-r-serie\/","og_site_name":"Techno Fittings","article_modified_time":"2021-04-13T10:05:54+00:00","og_image":[{"width":190,"height":400,"url":"https:\/\/technofittings.com\/wp\/wp-content\/uploads\/2019\/02\/flux_rgs.jpg","type":"image\/jpeg"}],"twitter_card":"summary_large_image","twitter_misc":{"Est. reading time":"1 minute"},"schema":{"@context":"https:\/\/schema.org","@graph":[{"@type":"WebPage","@id":"https:\/\/technofittings.com\/de\/prodotto\/rg-s-rg-r-serie\/","url":"https:\/\/technofittings.com\/de\/prodotto\/rg-s-rg-r-serie\/","name":"RG\/S - RG\/R Serie - Techno Fittings","isPartOf":{"@id":"https:\/\/technofittings.com\/#website"},"primaryImageOfPage":{"@id":"https:\/\/technofittings.com\/de\/prodotto\/rg-s-rg-r-serie\/#primaryimage"},"image":{"@id":"https:\/\/technofittings.com\/de\/prodotto\/rg-s-rg-r-serie\/#primaryimage"},"thumbnailUrl":"https:\/\/technofittings.com\/wp\/wp-content\/uploads\/2019\/02\/flux_rgs.jpg","datePublished":"2021-04-13T10:05:52+00:00","dateModified":"2021-04-13T10:05:54+00:00","breadcrumb":{"@id":"https:\/\/technofittings.com\/de\/prodotto\/rg-s-rg-r-serie\/#breadcrumb"},"inLanguage":"de-DE","potentialAction":[{"@type":"ReadAction","target":["https:\/\/technofittings.com\/de\/prodotto\/rg-s-rg-r-serie\/"]}]},{"@type":"ImageObject","inLanguage":"de-DE","@id":"https:\/\/technofittings.com\/de\/prodotto\/rg-s-rg-r-serie\/#primaryimage","url":"https:\/\/technofittings.com\/wp\/wp-content\/uploads\/2019\/02\/flux_rgs.jpg","contentUrl":"https:\/\/technofittings.com\/wp\/wp-content\/uploads\/2019\/02\/flux_rgs.jpg","width":190,"height":400},{"@type":"BreadcrumbList","@id":"https:\/\/technofittings.com\/de\/prodotto\/rg-s-rg-r-serie\/#breadcrumb","itemListElement":[{"@type":"ListItem","position":1,"name":"Home","item":"https:\/\/technofittings.com\/de\/"},{"@type":"ListItem","position":2,"name":"Shop","item":"https:\/\/technofittings.com\/en\/shop\/"},{"@type":"ListItem","position":3,"name":"RG\/S &#8211; RG\/R Serie"}]},{"@type":"WebSite","@id":"https:\/\/technofittings.com\/#website","url":"https:\/\/technofittings.com\/","name":"Techno Fittings","description":"Prodotti e Servizi per l&#039;Industria e la Ricerca Scientifica","publisher":{"@id":"https:\/\/technofittings.com\/#organization"},"potentialAction":[{"@type":"SearchAction","target":{"@type":"EntryPoint","urlTemplate":"https:\/\/technofittings.com\/?s={search_term_string}"},"query-input":{"@type":"PropertyValueSpecification","valueRequired":true,"valueName":"search_term_string"}}],"inLanguage":"de-DE"},{"@type":"Organization","@id":"https:\/\/technofittings.com\/#organization","name":"Techno Fittings S.r.l.","url":"https:\/\/technofittings.com\/","logo":{"@type":"ImageObject","inLanguage":"de-DE","@id":"https:\/\/technofittings.com\/#\/schema\/logo\/image\/","url":"https:\/\/technofittings.com\/wp\/wp-content\/uploads\/2020\/01\/cropped-ico.png","contentUrl":"https:\/\/technofittings.com\/wp\/wp-content\/uploads\/2020\/01\/cropped-ico.png","width":512,"height":512,"caption":"Techno Fittings S.r.l."},"image":{"@id":"https:\/\/technofittings.com\/#\/schema\/logo\/image\/"}}]}},"_links":{"self":[{"href":"https:\/\/technofittings.com\/de\/wp-json\/wp\/v2\/product\/1760","targetHints":{"allow":["GET"]}}],"collection":[{"href":"https:\/\/technofittings.com\/de\/wp-json\/wp\/v2\/product"}],"about":[{"href":"https:\/\/technofittings.com\/de\/wp-json\/wp\/v2\/types\/product"}],"wp:featuredmedia":[{"embeddable":true,"href":"https:\/\/technofittings.com\/de\/wp-json\/wp\/v2\/media\/1761"}],"wp:attachment":[{"href":"https:\/\/technofittings.com\/de\/wp-json\/wp\/v2\/media?parent=1760"}],"wp:term":[{"taxonomy":"product_brand","embeddable":true,"href":"https:\/\/technofittings.com\/de\/wp-json\/wp\/v2\/product_brand?post=1760"},{"taxonomy":"product_cat","embeddable":true,"href":"https:\/\/technofittings.com\/de\/wp-json\/wp\/v2\/product_cat?post=1760"},{"taxonomy":"product_tag","embeddable":true,"href":"https:\/\/technofittings.com\/de\/wp-json\/wp\/v2\/product_tag?post=1760"}],"curies":[{"name":"wp","href":"https:\/\/api.w.org\/{rel}","templated":true}]}}