{"id":1747,"date":"2021-04-07T10:15:59","date_gmt":"2021-04-07T08:15:59","guid":{"rendered":"https:\/\/technofittings.com\/?post_type=product&#038;p=1747"},"modified":"2021-04-07T10:17:11","modified_gmt":"2021-04-07T08:17:11","slug":"lb-serie","status":"publish","type":"product","link":"https:\/\/technofittings.com\/de\/prodotto\/lb-serie\/","title":{"rendered":"LB Serie"},"content":{"rendered":"<p>Die Durchflussmesser der LB-Serie sind Sofortdurchflussmesser, die f\u00fcr kleine Durchflussraten von fl\u00fcssigen und gasf\u00f6rmigen Fl\u00fcssigkeiten geeignet sind.<br \/>\nDie Messung der Durchflussrate kann mit guter Genauigkeit auf der nach hinten befestigten Messskala abgelesen oder direkt auf dem konischen Rohr in JENA-Borosilikatglas siebgedruckt werden.<br \/>\nDie Strukturen k\u00f6nnen abgewinkelte Verbindungen f\u00fcr die Plattenmontage mit oder ohne Nadelventil oder axial ohne Einstellventil aufweisen.<\/p>\n<p>Andere Vorrechte sind:<br \/>\n\u2013 Hinterer Metallschutz;<br \/>\n\u2013 Best\u00e4ndigkeit gegen signifikante thermische Ver\u00e4nderungen;<\/p>\n<p><strong>Eingeschaften\u00a0<\/strong><br \/>\n<b>Pr\u00e4zision<\/b>: +\/- 3% V.F.S.<br \/>\n<strong>Maximaler Arbeitsdruck<\/strong>: 8 Kg cm<sup>2<\/sup><br \/>\n<strong>Maximale Betriebstemperatur<\/strong>: 200\u00b0C<\/p>\n<p><b>Zubeh\u00f6r<\/b><br \/>\n&#8211; Positionierbare Durchflussalarm-Fotozelle<br \/>\n&#8211; Plexiglas Frontschutz\u00a0&#8211; Silikondichtungen<br \/>\n&#8211; Differenzdruckregler<\/p>\n<p><strong>Typen und Vollausschlag\u00a0<\/strong><\/p>\n<table width=\"98%\">\n<tbody>\n<tr>\n<td width=\"10%\"><\/td>\n<td width=\"14%\"><strong>LUFT<\/strong><\/td>\n<td width=\"14%\"><strong>WASSER<\/strong><\/td>\n<td width=\"21%\"><\/td>\n<td width=\"9%\"><\/td>\n<td width=\"8%\"><\/td>\n<td width=\"20%\"><\/td>\n<\/tr>\n<tr>\n<td width=\"10%\"><strong>TYP<\/strong><\/td>\n<td colspan=\"2\" width=\"29%\"><b>Max. Kapazit\u00e4t<\/b><\/td>\n<td width=\"21%\"><strong>Angriffe verarbeiten\u00a0<\/strong><\/td>\n<td width=\"9%\"><strong>Radstand<br \/>\n(mm)<\/strong><\/td>\n<td width=\"8%\"><strong>L\u00e4nge<\/strong><strong>(mm)<\/strong><\/td>\n<td width=\"20%\"><strong>Glasrohr\u00a0<\/strong><\/td>\n<\/tr>\n<tr>\n<td width=\"10%\"><\/td>\n<td width=\"14%\"><strong>Nlt\/h<\/strong><\/td>\n<td width=\"14%\"><strong>Lt\/h<\/strong><\/td>\n<td width=\"21%\"><\/td>\n<td width=\"9%\"><\/td>\n<td width=\"8%\"><\/td>\n<td width=\"20%\"><\/td>\n<\/tr>\n<tr>\n<td width=\"10%\">LB1<\/td>\n<td width=\"14%\">12<\/td>\n<td width=\"14%\">0,4<\/td>\n<td width=\"21%\">1\/4&#8243;-3\/8&#8243; GAS<\/td>\n<td width=\"9%\">214<\/td>\n<td width=\"8%\">240<\/td>\n<td width=\"20%\">2,4X2,7X190<\/td>\n<\/tr>\n<tr>\n<td width=\"10%\">LB2<\/td>\n<td width=\"14%\">40<\/td>\n<td width=\"14%\">1,5<\/td>\n<td width=\"21%\">1\/4&#8243;-3\/8&#8243; GAS<\/td>\n<td width=\"9%\">324<\/td>\n<td width=\"8%\">350<\/td>\n<td width=\"20%\">3X3,5X300<\/td>\n<\/tr>\n<tr>\n<td width=\"10%\">LB3<\/td>\n<td width=\"14%\">200<\/td>\n<td width=\"14%\">7<\/td>\n<td width=\"21%\">1\/4&#8243;-3\/8&#8243; GAS<\/td>\n<td width=\"9%\">324<\/td>\n<td width=\"8%\">350<\/td>\n<td width=\"20%\">3X4X300<\/td>\n<\/tr>\n<tr>\n<td width=\"10%\">LB4<\/td>\n<td width=\"14%\">350<\/td>\n<td width=\"14%\">12<\/td>\n<td width=\"21%\">1\/4&#8243;-3\/8&#8243; GAS<\/td>\n<td width=\"9%\">324<\/td>\n<td width=\"8%\">350<\/td>\n<td width=\"20%\">4X5X300<\/td>\n<\/tr>\n<tr>\n<td width=\"10%\">LB5<\/td>\n<td width=\"14%\">450<\/td>\n<td width=\"14%\">15<\/td>\n<td width=\"21%\">1\/4&#8243;-3\/8&#8243; GAS<\/td>\n<td width=\"9%\">324<\/td>\n<td width=\"8%\">350<\/td>\n<td width=\"20%\">6X7X300<\/td>\n<\/tr>\n<tr>\n<td width=\"10%\">LB6<\/td>\n<td width=\"14%\">1000<\/td>\n<td width=\"14%\">35<\/td>\n<td width=\"21%\">1\/4&#8243;-3\/8&#8243; GAS<\/td>\n<td width=\"9%\">324<\/td>\n<td width=\"8%\">350<\/td>\n<td width=\"20%\">8X9X300<\/td>\n<\/tr>\n<tr>\n<td width=\"10%\">LB7<\/td>\n<td width=\"14%\">3000<\/td>\n<td width=\"14%\">100<\/td>\n<td width=\"21%\">1\/4&#8243;-3\/8&#8243; GAS<\/td>\n<td width=\"9%\">324<\/td>\n<td width=\"8%\">350<\/td>\n<td width=\"20%\">10X12X300<\/td>\n<\/tr>\n<tr>\n<td width=\"10%\">LB8<\/td>\n<td width=\"14%\">4000<\/td>\n<td width=\"14%\">140<\/td>\n<td width=\"21%\">1\/4&#8243;-3\/8&#8243; GAS<\/td>\n<td width=\"9%\">324<\/td>\n<td width=\"8%\">350<\/td>\n<td width=\"20%\">12X14X300<\/td>\n<\/tr>\n<\/tbody>\n<\/table>\n","protected":false},"excerpt":{"rendered":"<p>Die Durchflussmesser der LB-Serie sind Sofortdurchflussmesser, die f\u00fcr kleine Durchflussraten von fl\u00fcssigen und gasf\u00f6rmigen Fl\u00fcssigkeiten geeignet sind. Die Messung der Durchflussrate kann mit guter Genauigkeit auf der nach hinten befestigten Messskala abgelesen oder direkt auf dem konischen Rohr in JENA-Borosilikatglas siebgedruckt werden. Die Strukturen k\u00f6nnen abgewinkelte Verbindungen f\u00fcr die Plattenmontage mit oder ohne Nadelventil oder &hellip; <a href=\"https:\/\/technofittings.com\/de\/prodotto\/lb-serie\/\" class=\"more-link\">Continue reading<span class=\"screen-reader-text\"> &#8220;LB Serie&#8221;<\/span><\/a><\/p>\n","protected":false},"featured_media":1748,"template":"","meta":{"_acf_changed":false,"_monsterinsights_skip_tracking":false,"_monsterinsights_sitenote_active":false,"_monsterinsights_sitenote_note":"","_monsterinsights_sitenote_category":0},"product_brand":[],"product_cat":[82],"product_tag":[],"class_list":{"0":"post-1747","1":"product","2":"type-product","3":"status-publish","4":"has-post-thumbnail","6":"product_cat-durchflussmesser","8":"first","9":"instock","10":"taxable","11":"shipping-taxable","12":"purchasable","13":"product-type-simple"},"acf":[],"yoast_head":"<!-- This site is optimized with the Yoast SEO plugin v26.9 - https:\/\/yoast.com\/product\/yoast-seo-wordpress\/ -->\n<title>LB Serie - Techno Fittings<\/title>\n<meta name=\"robots\" content=\"index, follow, max-snippet:-1, max-image-preview:large, max-video-preview:-1\" \/>\n<link rel=\"canonical\" href=\"https:\/\/technofittings.com\/de\/prodotto\/lb-serie\/\" \/>\n<meta property=\"og:locale\" content=\"de_DE\" \/>\n<meta property=\"og:type\" content=\"article\" \/>\n<meta property=\"og:title\" content=\"LB Serie - Techno Fittings\" \/>\n<meta property=\"og:description\" content=\"Die Durchflussmesser der LB-Serie sind Sofortdurchflussmesser, die f\u00fcr kleine Durchflussraten von fl\u00fcssigen und gasf\u00f6rmigen Fl\u00fcssigkeiten geeignet sind. Die Messung der Durchflussrate kann mit guter Genauigkeit auf der nach hinten befestigten Messskala abgelesen oder direkt auf dem konischen Rohr in JENA-Borosilikatglas siebgedruckt werden. Die Strukturen k\u00f6nnen abgewinkelte Verbindungen f\u00fcr die Plattenmontage mit oder ohne Nadelventil oder &hellip; Continue reading &quot;LB Serie&quot;\" \/>\n<meta property=\"og:url\" content=\"https:\/\/technofittings.com\/de\/prodotto\/lb-serie\/\" \/>\n<meta property=\"og:site_name\" content=\"Techno Fittings\" \/>\n<meta property=\"article:modified_time\" content=\"2021-04-07T08:17:11+00:00\" \/>\n<meta property=\"og:image\" content=\"https:\/\/technofittings.com\/wp\/wp-content\/uploads\/2019\/02\/flux_lb.jpg\" \/>\n\t<meta property=\"og:image:width\" content=\"167\" \/>\n\t<meta property=\"og:image:height\" content=\"400\" \/>\n\t<meta property=\"og:image:type\" content=\"image\/jpeg\" \/>\n<meta name=\"twitter:card\" content=\"summary_large_image\" \/>\n<meta name=\"twitter:label1\" content=\"Est. reading time\" \/>\n\t<meta name=\"twitter:data1\" content=\"1 minute\" \/>\n<script type=\"application\/ld+json\" class=\"yoast-schema-graph\">{\"@context\":\"https:\/\/schema.org\",\"@graph\":[{\"@type\":\"WebPage\",\"@id\":\"https:\/\/technofittings.com\/de\/prodotto\/lb-serie\/\",\"url\":\"https:\/\/technofittings.com\/de\/prodotto\/lb-serie\/\",\"name\":\"LB Serie - Techno Fittings\",\"isPartOf\":{\"@id\":\"https:\/\/technofittings.com\/#website\"},\"primaryImageOfPage\":{\"@id\":\"https:\/\/technofittings.com\/de\/prodotto\/lb-serie\/#primaryimage\"},\"image\":{\"@id\":\"https:\/\/technofittings.com\/de\/prodotto\/lb-serie\/#primaryimage\"},\"thumbnailUrl\":\"https:\/\/technofittings.com\/wp\/wp-content\/uploads\/2019\/02\/flux_lb.jpg\",\"datePublished\":\"2021-04-07T08:15:59+00:00\",\"dateModified\":\"2021-04-07T08:17:11+00:00\",\"breadcrumb\":{\"@id\":\"https:\/\/technofittings.com\/de\/prodotto\/lb-serie\/#breadcrumb\"},\"inLanguage\":\"de-DE\",\"potentialAction\":[{\"@type\":\"ReadAction\",\"target\":[\"https:\/\/technofittings.com\/de\/prodotto\/lb-serie\/\"]}]},{\"@type\":\"ImageObject\",\"inLanguage\":\"de-DE\",\"@id\":\"https:\/\/technofittings.com\/de\/prodotto\/lb-serie\/#primaryimage\",\"url\":\"https:\/\/technofittings.com\/wp\/wp-content\/uploads\/2019\/02\/flux_lb.jpg\",\"contentUrl\":\"https:\/\/technofittings.com\/wp\/wp-content\/uploads\/2019\/02\/flux_lb.jpg\",\"width\":167,\"height\":400},{\"@type\":\"BreadcrumbList\",\"@id\":\"https:\/\/technofittings.com\/de\/prodotto\/lb-serie\/#breadcrumb\",\"itemListElement\":[{\"@type\":\"ListItem\",\"position\":1,\"name\":\"Home\",\"item\":\"https:\/\/technofittings.com\/de\/\"},{\"@type\":\"ListItem\",\"position\":2,\"name\":\"Shop\",\"item\":\"https:\/\/technofittings.com\/en\/shop\/\"},{\"@type\":\"ListItem\",\"position\":3,\"name\":\"LB Serie\"}]},{\"@type\":\"WebSite\",\"@id\":\"https:\/\/technofittings.com\/#website\",\"url\":\"https:\/\/technofittings.com\/\",\"name\":\"Techno Fittings\",\"description\":\"Prodotti e Servizi per l&#039;Industria e la Ricerca Scientifica\",\"publisher\":{\"@id\":\"https:\/\/technofittings.com\/#organization\"},\"potentialAction\":[{\"@type\":\"SearchAction\",\"target\":{\"@type\":\"EntryPoint\",\"urlTemplate\":\"https:\/\/technofittings.com\/?s={search_term_string}\"},\"query-input\":{\"@type\":\"PropertyValueSpecification\",\"valueRequired\":true,\"valueName\":\"search_term_string\"}}],\"inLanguage\":\"de-DE\"},{\"@type\":\"Organization\",\"@id\":\"https:\/\/technofittings.com\/#organization\",\"name\":\"Techno Fittings S.r.l.\",\"url\":\"https:\/\/technofittings.com\/\",\"logo\":{\"@type\":\"ImageObject\",\"inLanguage\":\"de-DE\",\"@id\":\"https:\/\/technofittings.com\/#\/schema\/logo\/image\/\",\"url\":\"https:\/\/technofittings.com\/wp\/wp-content\/uploads\/2020\/01\/cropped-ico.png\",\"contentUrl\":\"https:\/\/technofittings.com\/wp\/wp-content\/uploads\/2020\/01\/cropped-ico.png\",\"width\":512,\"height\":512,\"caption\":\"Techno Fittings S.r.l.\"},\"image\":{\"@id\":\"https:\/\/technofittings.com\/#\/schema\/logo\/image\/\"}}]}<\/script>\n<!-- \/ Yoast SEO plugin. -->","yoast_head_json":{"title":"LB Serie - Techno Fittings","robots":{"index":"index","follow":"follow","max-snippet":"max-snippet:-1","max-image-preview":"max-image-preview:large","max-video-preview":"max-video-preview:-1"},"canonical":"https:\/\/technofittings.com\/de\/prodotto\/lb-serie\/","og_locale":"de_DE","og_type":"article","og_title":"LB Serie - Techno Fittings","og_description":"Die Durchflussmesser der LB-Serie sind Sofortdurchflussmesser, die f\u00fcr kleine Durchflussraten von fl\u00fcssigen und gasf\u00f6rmigen Fl\u00fcssigkeiten geeignet sind. Die Messung der Durchflussrate kann mit guter Genauigkeit auf der nach hinten befestigten Messskala abgelesen oder direkt auf dem konischen Rohr in JENA-Borosilikatglas siebgedruckt werden. Die Strukturen k\u00f6nnen abgewinkelte Verbindungen f\u00fcr die Plattenmontage mit oder ohne Nadelventil oder &hellip; Continue reading \"LB Serie\"","og_url":"https:\/\/technofittings.com\/de\/prodotto\/lb-serie\/","og_site_name":"Techno Fittings","article_modified_time":"2021-04-07T08:17:11+00:00","og_image":[{"width":167,"height":400,"url":"https:\/\/technofittings.com\/wp\/wp-content\/uploads\/2019\/02\/flux_lb.jpg","type":"image\/jpeg"}],"twitter_card":"summary_large_image","twitter_misc":{"Est. reading time":"1 minute"},"schema":{"@context":"https:\/\/schema.org","@graph":[{"@type":"WebPage","@id":"https:\/\/technofittings.com\/de\/prodotto\/lb-serie\/","url":"https:\/\/technofittings.com\/de\/prodotto\/lb-serie\/","name":"LB Serie - Techno Fittings","isPartOf":{"@id":"https:\/\/technofittings.com\/#website"},"primaryImageOfPage":{"@id":"https:\/\/technofittings.com\/de\/prodotto\/lb-serie\/#primaryimage"},"image":{"@id":"https:\/\/technofittings.com\/de\/prodotto\/lb-serie\/#primaryimage"},"thumbnailUrl":"https:\/\/technofittings.com\/wp\/wp-content\/uploads\/2019\/02\/flux_lb.jpg","datePublished":"2021-04-07T08:15:59+00:00","dateModified":"2021-04-07T08:17:11+00:00","breadcrumb":{"@id":"https:\/\/technofittings.com\/de\/prodotto\/lb-serie\/#breadcrumb"},"inLanguage":"de-DE","potentialAction":[{"@type":"ReadAction","target":["https:\/\/technofittings.com\/de\/prodotto\/lb-serie\/"]}]},{"@type":"ImageObject","inLanguage":"de-DE","@id":"https:\/\/technofittings.com\/de\/prodotto\/lb-serie\/#primaryimage","url":"https:\/\/technofittings.com\/wp\/wp-content\/uploads\/2019\/02\/flux_lb.jpg","contentUrl":"https:\/\/technofittings.com\/wp\/wp-content\/uploads\/2019\/02\/flux_lb.jpg","width":167,"height":400},{"@type":"BreadcrumbList","@id":"https:\/\/technofittings.com\/de\/prodotto\/lb-serie\/#breadcrumb","itemListElement":[{"@type":"ListItem","position":1,"name":"Home","item":"https:\/\/technofittings.com\/de\/"},{"@type":"ListItem","position":2,"name":"Shop","item":"https:\/\/technofittings.com\/en\/shop\/"},{"@type":"ListItem","position":3,"name":"LB Serie"}]},{"@type":"WebSite","@id":"https:\/\/technofittings.com\/#website","url":"https:\/\/technofittings.com\/","name":"Techno Fittings","description":"Prodotti e Servizi per l&#039;Industria e la Ricerca Scientifica","publisher":{"@id":"https:\/\/technofittings.com\/#organization"},"potentialAction":[{"@type":"SearchAction","target":{"@type":"EntryPoint","urlTemplate":"https:\/\/technofittings.com\/?s={search_term_string}"},"query-input":{"@type":"PropertyValueSpecification","valueRequired":true,"valueName":"search_term_string"}}],"inLanguage":"de-DE"},{"@type":"Organization","@id":"https:\/\/technofittings.com\/#organization","name":"Techno Fittings S.r.l.","url":"https:\/\/technofittings.com\/","logo":{"@type":"ImageObject","inLanguage":"de-DE","@id":"https:\/\/technofittings.com\/#\/schema\/logo\/image\/","url":"https:\/\/technofittings.com\/wp\/wp-content\/uploads\/2020\/01\/cropped-ico.png","contentUrl":"https:\/\/technofittings.com\/wp\/wp-content\/uploads\/2020\/01\/cropped-ico.png","width":512,"height":512,"caption":"Techno Fittings S.r.l."},"image":{"@id":"https:\/\/technofittings.com\/#\/schema\/logo\/image\/"}}]}},"_links":{"self":[{"href":"https:\/\/technofittings.com\/de\/wp-json\/wp\/v2\/product\/1747","targetHints":{"allow":["GET"]}}],"collection":[{"href":"https:\/\/technofittings.com\/de\/wp-json\/wp\/v2\/product"}],"about":[{"href":"https:\/\/technofittings.com\/de\/wp-json\/wp\/v2\/types\/product"}],"wp:featuredmedia":[{"embeddable":true,"href":"https:\/\/technofittings.com\/de\/wp-json\/wp\/v2\/media\/1748"}],"wp:attachment":[{"href":"https:\/\/technofittings.com\/de\/wp-json\/wp\/v2\/media?parent=1747"}],"wp:term":[{"taxonomy":"product_brand","embeddable":true,"href":"https:\/\/technofittings.com\/de\/wp-json\/wp\/v2\/product_brand?post=1747"},{"taxonomy":"product_cat","embeddable":true,"href":"https:\/\/technofittings.com\/de\/wp-json\/wp\/v2\/product_cat?post=1747"},{"taxonomy":"product_tag","embeddable":true,"href":"https:\/\/technofittings.com\/de\/wp-json\/wp\/v2\/product_tag?post=1747"}],"curies":[{"name":"wp","href":"https:\/\/api.w.org\/{rel}","templated":true}]}}