{"id":1743,"date":"2021-03-30T11:11:49","date_gmt":"2021-03-30T09:11:49","guid":{"rendered":"https:\/\/technofittings.com\/?post_type=product&#038;p=1743"},"modified":"2021-04-07T10:38:29","modified_gmt":"2021-04-07T08:38:29","slug":"serie-kd-kd-z","status":"publish","type":"product","link":"https:\/\/technofittings.com\/de\/prodotto\/serie-kd-kd-z\/","title":{"rendered":"KD &#8211; KD\/Z Serie"},"content":{"rendered":"<p>Die Durchflussmesser der Serie KD-KD \/ Z sind Sofortdurchflussmesser, die f\u00fcr kleine und mittlere Durchflussraten von fl\u00fcssigen und gasf\u00f6rmigen Fl\u00fcssigkeiten geeignet sind.<br \/>\nDie Messung der Durchflussrate kann mit ausgezeichneter Pr\u00e4zision auf der entsprechend abgestuften Skala abgelesen werden, die auf dem konischen Rohr in JENA-Borosilikatglas siebgedruckt ist. Die Strukturen k\u00f6nnen angeflanschte oder mit Gewinde versehene Ausf\u00fchrungen mit axialen oder abgewinkelten Verbindungen mit oder ohne \u00e4u\u00dferen Schutz aufweisen.<br \/>\nWeitere Vorrechte zus\u00e4tzlich zu den bereits erw\u00e4hnten sind:<br \/>\n&#8211; M\u00f6glichkeit, das Instrument an einem beliebigen Punkt der Rohrleitung zu installieren, ohne dass gerade Abschnitte oder Durchflusskorrekturen erforderlich sind.<br \/>\n&#8211; Lesegenauigkeit in der Gr\u00f6\u00dfenordnung von +\/- 3% VFS<br \/>\n&#8211; Best\u00e4ndigkeit gegen Dr\u00fccke bis 10 bar und gegen erhebliche thermische Ver\u00e4nderungen.<\/p>\n<p><strong>Technische Infos<\/strong><br \/>\n<strong>Pr\u00e4zision:\u00a0<\/strong>+\/- 3% v.f.s.<br \/>\n<strong>maximaler Arbeitsdruck:<\/strong>\u00a010 bar<br \/>\n<strong>maximale Betriebstemperatur mit Standarddichtungen:<\/strong><br \/>\n&#8211;\u00a0Metallrahmen: 120\u00b0C<br \/>\n&#8211; PVC Struktur:\u00a050\u00b0C<br \/>\n&#8211; Polypropylenstruktur : 100\u00b0C<\/p>\n<p><b>Zubeh\u00f6r<\/b><br \/>\n&#8211; N\u00e4herungswandler<br \/>\n&#8211; \u00e4u\u00dferer Schutz<br \/>\n&#8211; Dichtungen in P.T.F.E.<br \/>\n&#8211; Kariertangriffe<\/p>\n<p><strong>Typen und Vollausschlag\u00a0<\/strong><\/p>\n<table style=\"height: 1176px;\" width=\"1132\">\n<tbody>\n<tr>\n<td width=\"13%\"><\/td>\n<td width=\"12%\"><\/td>\n<td width=\"12%\"><\/td>\n<td colspan=\"3\" width=\"33%\"><b>Gewindanschlusse<\/b><\/td>\n<td colspan=\"3\" width=\"30%\"><strong>Flanschverbindungen\u00a0<\/strong><\/td>\n<\/tr>\n<tr>\n<td width=\"13%\">\u00a0\u00a0<strong>Typ<\/strong><\/td>\n<td width=\"12%\"><b>LUFT<\/b><strong>\u00a0\u00a0<\/strong><strong>maximale Kapazit\u00e4t(Nmc\/h)<\/strong><\/td>\n<td width=\"12%\"><b>WASSER<\/b><strong> maximale Kapazit\u00e4t(Lt\/h)<\/strong><\/td>\n<td width=\"10%\"><strong>Metall L\u00e4nge<\/strong><strong>.<br \/>\n(mm)<\/strong><\/td>\n<td width=\"10%\"><strong>PVC<br \/>\nL\u00e4nge\u00a0<\/strong><strong>(mm)<\/strong><\/td>\n<td width=\"13%\"><strong>Gewinde<br \/>\nGAS F.<\/strong><\/td>\n<td width=\"10%\"><strong>Metall<br \/>\nL\u00e4nge.<br \/>\n(mm)<\/strong><\/td>\n<td width=\"10%\"><strong>PVC<br \/>\nL\u00e4nge<br \/>\n(mm)<\/strong><\/td>\n<td width=\"10%\"><strong>DN<br \/>\nGAS F.<\/strong><\/td>\n<\/tr>\n<tr>\n<td width=\"13%\">KD\/2<\/td>\n<td width=\"12%\">2,5<\/td>\n<td width=\"12%\">100<br \/>\n120<\/td>\n<td width=\"10%\">360<\/td>\n<td width=\"10%\">418<\/td>\n<td width=\"13%\">3\/8&#8243;-1\/2&#8243;<\/td>\n<td width=\"10%\">500<\/td>\n<td width=\"10%\">526<\/td>\n<td width=\"10%\">10 .. 15<\/td>\n<\/tr>\n<tr>\n<td width=\"13%\">KD\/2b<\/td>\n<td width=\"12%\">5<\/td>\n<td width=\"12%\">200<\/td>\n<td width=\"10%\">376<\/td>\n<td width=\"10%\">418<\/td>\n<td width=\"13%\">3\/8&#8243;-1\/2&#8243;<\/td>\n<td width=\"10%\">508<\/td>\n<td width=\"10%\">526<\/td>\n<td width=\"10%\">15<\/td>\n<\/tr>\n<tr>\n<td width=\"13%\">KD\/3<\/td>\n<td width=\"12%\">15<\/td>\n<td width=\"12%\">300<br \/>\n400<br \/>\n500<br \/>\n620<br \/>\n800<\/td>\n<td width=\"10%\">382<\/td>\n<td width=\"10%\">418<\/td>\n<td width=\"13%\">1\/2&#8243;-3\/4&#8243;<\/td>\n<td width=\"10%\">506<\/td>\n<td width=\"10%\">526<\/td>\n<td width=\"10%\">15 .. 20<\/td>\n<\/tr>\n<tr>\n<td width=\"13%\">KD\/3b<\/td>\n<td width=\"12%\">20<\/td>\n<td width=\"12%\">1.200<br \/>\n1.500<\/td>\n<td width=\"10%\">382<\/td>\n<td width=\"10%\">418<\/td>\n<td width=\"13%\">3\/4&#8243;-1&#8243;<\/td>\n<td width=\"10%\">506<\/td>\n<td width=\"10%\">526<\/td>\n<td width=\"10%\">15 .. 20<\/td>\n<\/tr>\n<tr>\n<td width=\"13%\">KD\/4<\/td>\n<td width=\"12%\">50<\/td>\n<td width=\"12%\">2.000<br \/>\n2.500<br \/>\n3.500<\/td>\n<td width=\"10%\">394<\/td>\n<td width=\"10%\">426<\/td>\n<td width=\"13%\">3\/4&#8243;-1&#8243;<\/td>\n<td width=\"10%\">510<\/td>\n<td width=\"10%\">530<\/td>\n<td width=\"10%\">20 .. 25<\/td>\n<\/tr>\n<tr>\n<td width=\"13%\">KD\/5<\/td>\n<td width=\"12%\">60<\/td>\n<td width=\"12%\">3.000<br \/>\n4.000<\/td>\n<td width=\"10%\">400<\/td>\n<td width=\"10%\">426<\/td>\n<td width=\"13%\">1&#8243;-1.1\/4&#8243;<\/td>\n<td width=\"10%\">512<\/td>\n<td width=\"10%\">550<\/td>\n<td width=\"10%\">25 .. 32<\/td>\n<\/tr>\n<tr>\n<td width=\"13%\">KD\/5b<\/td>\n<td width=\"12%\">80<\/td>\n<td width=\"12%\">5.000<br \/>\n6.000<\/td>\n<td width=\"10%\">406<\/td>\n<td width=\"10%\">426<\/td>\n<td width=\"13%\">1.1\/4&#8243;-1.1\/2&#8243;<\/td>\n<td width=\"10%\">546<\/td>\n<td width=\"10%\">562<\/td>\n<td width=\"10%\">32 .. 40<\/td>\n<\/tr>\n<tr>\n<td width=\"13%\">KD\/6<\/td>\n<td width=\"12%\">80<\/td>\n<td width=\"12%\">6.000<br \/>\n8.000<\/td>\n<td width=\"10%\">406<\/td>\n<td width=\"10%\">426<\/td>\n<td width=\"13%\">1.1\/4&#8243;-1.1\/2&#8243;<\/td>\n<td width=\"10%\">546<\/td>\n<td width=\"10%\">562<\/td>\n<td width=\"10%\">32 .. 40<\/td>\n<\/tr>\n<tr>\n<td width=\"13%\">KD\/Z1<\/td>\n<td width=\"12%\">80<\/td>\n<td width=\"12%\">5.000<br \/>\n6.000<br \/>\n8.000<\/td>\n<td width=\"10%\">511<\/td>\n<td width=\"10%\">531<\/td>\n<td width=\"13%\">1.1\/4&#8243;-1.1\/2&#8243;<\/td>\n<td width=\"10%\">623<\/td>\n<td width=\"10%\">655<\/td>\n<td width=\"10%\">32 .. 40<\/td>\n<\/tr>\n<tr>\n<td width=\"13%\">KD\/Z2<\/td>\n<td width=\"12%\">150<\/td>\n<td width=\"12%\">10.000<br \/>\n12.000<br \/>\n15.000<\/td>\n<td width=\"10%\">523<\/td>\n<td width=\"10%\">555<\/td>\n<td width=\"13%\">1.1\/2&#8243;-2&#8243;<\/td>\n<td width=\"10%\">627<\/td>\n<td width=\"10%\">667<\/td>\n<td width=\"10%\">40 .. 50<\/td>\n<\/tr>\n<tr>\n<td width=\"13%\">KD\/Z3<\/td>\n<td width=\"12%\">500<\/td>\n<td width=\"12%\">20.000<br \/>\n25.000<br \/>\n30.000<br \/>\n40.000<br \/>\n50.000<\/td>\n<td width=\"10%\">525<\/td>\n<td width=\"10%\">567<\/td>\n<td width=\"13%\">2&#8243;-2.1\/2&#8243;<\/td>\n<td width=\"10%\">637<\/td>\n<td width=\"10%\">667<\/td>\n<td width=\"10%\">50 .. 65<\/td>\n<\/tr>\n<\/tbody>\n<\/table>\n<p>&nbsp;<\/p>\n","protected":false},"excerpt":{"rendered":"<p>Die Durchflussmesser der Serie KD-KD \/ Z sind Sofortdurchflussmesser, die f\u00fcr kleine und mittlere Durchflussraten von fl\u00fcssigen und gasf\u00f6rmigen Fl\u00fcssigkeiten geeignet sind. Die Messung der Durchflussrate kann mit ausgezeichneter Pr\u00e4zision auf der entsprechend abgestuften Skala abgelesen werden, die auf dem konischen Rohr in JENA-Borosilikatglas siebgedruckt ist. Die Strukturen k\u00f6nnen angeflanschte oder mit Gewinde versehene Ausf\u00fchrungen &hellip; <a href=\"https:\/\/technofittings.com\/de\/prodotto\/serie-kd-kd-z\/\" class=\"more-link\">Continue reading<span class=\"screen-reader-text\"> &#8220;KD &#8211; KD\/Z Serie&#8221;<\/span><\/a><\/p>\n","protected":false},"featured_media":1744,"template":"","meta":{"_acf_changed":false,"_monsterinsights_skip_tracking":false,"_monsterinsights_sitenote_active":false,"_monsterinsights_sitenote_note":"","_monsterinsights_sitenote_category":0},"product_brand":[],"product_cat":[82],"product_tag":[],"class_list":{"0":"post-1743","1":"product","2":"type-product","3":"status-publish","4":"has-post-thumbnail","6":"product_cat-durchflussmesser","8":"first","9":"instock","10":"taxable","11":"shipping-taxable","12":"purchasable","13":"product-type-simple"},"acf":[],"yoast_head":"<!-- This site is optimized with the Yoast SEO plugin v26.9 - https:\/\/yoast.com\/product\/yoast-seo-wordpress\/ -->\n<title>KD - KD\/Z Serie - Techno Fittings<\/title>\n<meta name=\"robots\" content=\"index, follow, max-snippet:-1, max-image-preview:large, max-video-preview:-1\" \/>\n<link rel=\"canonical\" href=\"https:\/\/technofittings.com\/de\/prodotto\/serie-kd-kd-z\/\" \/>\n<meta property=\"og:locale\" content=\"de_DE\" \/>\n<meta property=\"og:type\" content=\"article\" \/>\n<meta property=\"og:title\" content=\"KD - KD\/Z Serie - Techno Fittings\" \/>\n<meta property=\"og:description\" content=\"Die Durchflussmesser der Serie KD-KD \/ Z sind Sofortdurchflussmesser, die f\u00fcr kleine und mittlere Durchflussraten von fl\u00fcssigen und gasf\u00f6rmigen Fl\u00fcssigkeiten geeignet sind. Die Messung der Durchflussrate kann mit ausgezeichneter Pr\u00e4zision auf der entsprechend abgestuften Skala abgelesen werden, die auf dem konischen Rohr in JENA-Borosilikatglas siebgedruckt ist. Die Strukturen k\u00f6nnen angeflanschte oder mit Gewinde versehene Ausf\u00fchrungen &hellip; Continue reading &quot;KD &#8211; KD\/Z Serie&quot;\" \/>\n<meta property=\"og:url\" content=\"https:\/\/technofittings.com\/de\/prodotto\/serie-kd-kd-z\/\" \/>\n<meta property=\"og:site_name\" content=\"Techno Fittings\" \/>\n<meta property=\"article:modified_time\" content=\"2021-04-07T08:38:29+00:00\" \/>\n<meta property=\"og:image\" content=\"https:\/\/technofittings.com\/wp\/wp-content\/uploads\/2019\/02\/flux_kd.jpg\" \/>\n\t<meta property=\"og:image:width\" content=\"233\" \/>\n\t<meta property=\"og:image:height\" content=\"400\" \/>\n\t<meta property=\"og:image:type\" content=\"image\/jpeg\" \/>\n<meta name=\"twitter:card\" content=\"summary_large_image\" \/>\n<meta name=\"twitter:label1\" content=\"Est. reading time\" \/>\n\t<meta name=\"twitter:data1\" content=\"1 minute\" \/>\n<script type=\"application\/ld+json\" class=\"yoast-schema-graph\">{\"@context\":\"https:\/\/schema.org\",\"@graph\":[{\"@type\":\"WebPage\",\"@id\":\"https:\/\/technofittings.com\/de\/prodotto\/serie-kd-kd-z\/\",\"url\":\"https:\/\/technofittings.com\/de\/prodotto\/serie-kd-kd-z\/\",\"name\":\"KD - KD\/Z Serie - Techno Fittings\",\"isPartOf\":{\"@id\":\"https:\/\/technofittings.com\/#website\"},\"primaryImageOfPage\":{\"@id\":\"https:\/\/technofittings.com\/de\/prodotto\/serie-kd-kd-z\/#primaryimage\"},\"image\":{\"@id\":\"https:\/\/technofittings.com\/de\/prodotto\/serie-kd-kd-z\/#primaryimage\"},\"thumbnailUrl\":\"https:\/\/technofittings.com\/wp\/wp-content\/uploads\/2019\/02\/flux_kd.jpg\",\"datePublished\":\"2021-03-30T09:11:49+00:00\",\"dateModified\":\"2021-04-07T08:38:29+00:00\",\"breadcrumb\":{\"@id\":\"https:\/\/technofittings.com\/de\/prodotto\/serie-kd-kd-z\/#breadcrumb\"},\"inLanguage\":\"de-DE\",\"potentialAction\":[{\"@type\":\"ReadAction\",\"target\":[\"https:\/\/technofittings.com\/de\/prodotto\/serie-kd-kd-z\/\"]}]},{\"@type\":\"ImageObject\",\"inLanguage\":\"de-DE\",\"@id\":\"https:\/\/technofittings.com\/de\/prodotto\/serie-kd-kd-z\/#primaryimage\",\"url\":\"https:\/\/technofittings.com\/wp\/wp-content\/uploads\/2019\/02\/flux_kd.jpg\",\"contentUrl\":\"https:\/\/technofittings.com\/wp\/wp-content\/uploads\/2019\/02\/flux_kd.jpg\",\"width\":233,\"height\":400},{\"@type\":\"BreadcrumbList\",\"@id\":\"https:\/\/technofittings.com\/de\/prodotto\/serie-kd-kd-z\/#breadcrumb\",\"itemListElement\":[{\"@type\":\"ListItem\",\"position\":1,\"name\":\"Home\",\"item\":\"https:\/\/technofittings.com\/de\/\"},{\"@type\":\"ListItem\",\"position\":2,\"name\":\"Shop\",\"item\":\"https:\/\/technofittings.com\/en\/shop\/\"},{\"@type\":\"ListItem\",\"position\":3,\"name\":\"KD &#8211; KD\/Z Serie\"}]},{\"@type\":\"WebSite\",\"@id\":\"https:\/\/technofittings.com\/#website\",\"url\":\"https:\/\/technofittings.com\/\",\"name\":\"Techno Fittings\",\"description\":\"Prodotti e Servizi per l&#039;Industria e la Ricerca Scientifica\",\"publisher\":{\"@id\":\"https:\/\/technofittings.com\/#organization\"},\"potentialAction\":[{\"@type\":\"SearchAction\",\"target\":{\"@type\":\"EntryPoint\",\"urlTemplate\":\"https:\/\/technofittings.com\/?s={search_term_string}\"},\"query-input\":{\"@type\":\"PropertyValueSpecification\",\"valueRequired\":true,\"valueName\":\"search_term_string\"}}],\"inLanguage\":\"de-DE\"},{\"@type\":\"Organization\",\"@id\":\"https:\/\/technofittings.com\/#organization\",\"name\":\"Techno Fittings S.r.l.\",\"url\":\"https:\/\/technofittings.com\/\",\"logo\":{\"@type\":\"ImageObject\",\"inLanguage\":\"de-DE\",\"@id\":\"https:\/\/technofittings.com\/#\/schema\/logo\/image\/\",\"url\":\"https:\/\/technofittings.com\/wp\/wp-content\/uploads\/2020\/01\/cropped-ico.png\",\"contentUrl\":\"https:\/\/technofittings.com\/wp\/wp-content\/uploads\/2020\/01\/cropped-ico.png\",\"width\":512,\"height\":512,\"caption\":\"Techno Fittings S.r.l.\"},\"image\":{\"@id\":\"https:\/\/technofittings.com\/#\/schema\/logo\/image\/\"}}]}<\/script>\n<!-- \/ Yoast SEO plugin. -->","yoast_head_json":{"title":"KD - KD\/Z Serie - Techno Fittings","robots":{"index":"index","follow":"follow","max-snippet":"max-snippet:-1","max-image-preview":"max-image-preview:large","max-video-preview":"max-video-preview:-1"},"canonical":"https:\/\/technofittings.com\/de\/prodotto\/serie-kd-kd-z\/","og_locale":"de_DE","og_type":"article","og_title":"KD - KD\/Z Serie - Techno Fittings","og_description":"Die Durchflussmesser der Serie KD-KD \/ Z sind Sofortdurchflussmesser, die f\u00fcr kleine und mittlere Durchflussraten von fl\u00fcssigen und gasf\u00f6rmigen Fl\u00fcssigkeiten geeignet sind. Die Messung der Durchflussrate kann mit ausgezeichneter Pr\u00e4zision auf der entsprechend abgestuften Skala abgelesen werden, die auf dem konischen Rohr in JENA-Borosilikatglas siebgedruckt ist. Die Strukturen k\u00f6nnen angeflanschte oder mit Gewinde versehene Ausf\u00fchrungen &hellip; Continue reading \"KD &#8211; KD\/Z Serie\"","og_url":"https:\/\/technofittings.com\/de\/prodotto\/serie-kd-kd-z\/","og_site_name":"Techno Fittings","article_modified_time":"2021-04-07T08:38:29+00:00","og_image":[{"width":233,"height":400,"url":"https:\/\/technofittings.com\/wp\/wp-content\/uploads\/2019\/02\/flux_kd.jpg","type":"image\/jpeg"}],"twitter_card":"summary_large_image","twitter_misc":{"Est. reading time":"1 minute"},"schema":{"@context":"https:\/\/schema.org","@graph":[{"@type":"WebPage","@id":"https:\/\/technofittings.com\/de\/prodotto\/serie-kd-kd-z\/","url":"https:\/\/technofittings.com\/de\/prodotto\/serie-kd-kd-z\/","name":"KD - KD\/Z Serie - Techno Fittings","isPartOf":{"@id":"https:\/\/technofittings.com\/#website"},"primaryImageOfPage":{"@id":"https:\/\/technofittings.com\/de\/prodotto\/serie-kd-kd-z\/#primaryimage"},"image":{"@id":"https:\/\/technofittings.com\/de\/prodotto\/serie-kd-kd-z\/#primaryimage"},"thumbnailUrl":"https:\/\/technofittings.com\/wp\/wp-content\/uploads\/2019\/02\/flux_kd.jpg","datePublished":"2021-03-30T09:11:49+00:00","dateModified":"2021-04-07T08:38:29+00:00","breadcrumb":{"@id":"https:\/\/technofittings.com\/de\/prodotto\/serie-kd-kd-z\/#breadcrumb"},"inLanguage":"de-DE","potentialAction":[{"@type":"ReadAction","target":["https:\/\/technofittings.com\/de\/prodotto\/serie-kd-kd-z\/"]}]},{"@type":"ImageObject","inLanguage":"de-DE","@id":"https:\/\/technofittings.com\/de\/prodotto\/serie-kd-kd-z\/#primaryimage","url":"https:\/\/technofittings.com\/wp\/wp-content\/uploads\/2019\/02\/flux_kd.jpg","contentUrl":"https:\/\/technofittings.com\/wp\/wp-content\/uploads\/2019\/02\/flux_kd.jpg","width":233,"height":400},{"@type":"BreadcrumbList","@id":"https:\/\/technofittings.com\/de\/prodotto\/serie-kd-kd-z\/#breadcrumb","itemListElement":[{"@type":"ListItem","position":1,"name":"Home","item":"https:\/\/technofittings.com\/de\/"},{"@type":"ListItem","position":2,"name":"Shop","item":"https:\/\/technofittings.com\/en\/shop\/"},{"@type":"ListItem","position":3,"name":"KD &#8211; KD\/Z Serie"}]},{"@type":"WebSite","@id":"https:\/\/technofittings.com\/#website","url":"https:\/\/technofittings.com\/","name":"Techno Fittings","description":"Prodotti e Servizi per l&#039;Industria e la Ricerca Scientifica","publisher":{"@id":"https:\/\/technofittings.com\/#organization"},"potentialAction":[{"@type":"SearchAction","target":{"@type":"EntryPoint","urlTemplate":"https:\/\/technofittings.com\/?s={search_term_string}"},"query-input":{"@type":"PropertyValueSpecification","valueRequired":true,"valueName":"search_term_string"}}],"inLanguage":"de-DE"},{"@type":"Organization","@id":"https:\/\/technofittings.com\/#organization","name":"Techno Fittings S.r.l.","url":"https:\/\/technofittings.com\/","logo":{"@type":"ImageObject","inLanguage":"de-DE","@id":"https:\/\/technofittings.com\/#\/schema\/logo\/image\/","url":"https:\/\/technofittings.com\/wp\/wp-content\/uploads\/2020\/01\/cropped-ico.png","contentUrl":"https:\/\/technofittings.com\/wp\/wp-content\/uploads\/2020\/01\/cropped-ico.png","width":512,"height":512,"caption":"Techno Fittings S.r.l."},"image":{"@id":"https:\/\/technofittings.com\/#\/schema\/logo\/image\/"}}]}},"_links":{"self":[{"href":"https:\/\/technofittings.com\/de\/wp-json\/wp\/v2\/product\/1743","targetHints":{"allow":["GET"]}}],"collection":[{"href":"https:\/\/technofittings.com\/de\/wp-json\/wp\/v2\/product"}],"about":[{"href":"https:\/\/technofittings.com\/de\/wp-json\/wp\/v2\/types\/product"}],"wp:featuredmedia":[{"embeddable":true,"href":"https:\/\/technofittings.com\/de\/wp-json\/wp\/v2\/media\/1744"}],"wp:attachment":[{"href":"https:\/\/technofittings.com\/de\/wp-json\/wp\/v2\/media?parent=1743"}],"wp:term":[{"taxonomy":"product_brand","embeddable":true,"href":"https:\/\/technofittings.com\/de\/wp-json\/wp\/v2\/product_brand?post=1743"},{"taxonomy":"product_cat","embeddable":true,"href":"https:\/\/technofittings.com\/de\/wp-json\/wp\/v2\/product_cat?post=1743"},{"taxonomy":"product_tag","embeddable":true,"href":"https:\/\/technofittings.com\/de\/wp-json\/wp\/v2\/product_tag?post=1743"}],"curies":[{"name":"wp","href":"https:\/\/api.w.org\/{rel}","templated":true}]}}