{"id":1740,"date":"2021-03-30T10:56:11","date_gmt":"2021-03-30T08:56:11","guid":{"rendered":"https:\/\/technofittings.com\/?post_type=product&#038;p=1740"},"modified":"2021-03-30T10:56:11","modified_gmt":"2021-03-30T08:56:11","slug":"elektrische-kontakte-typ-a","status":"publish","type":"product","link":"https:\/\/technofittings.com\/de\/prodotto\/elektrische-kontakte-typ-a\/","title":{"rendered":"Elektrische Kontakte Typ A"},"content":{"rendered":"<p>Die elektrischen Kontakte der Serie &#8220;A&#8221; garantieren, in Verbindung mit den Durchflussmessern der Serien KD-KD \/ Z, SW, LB, TM und TMW, Durchflussalarme, die entlang der gesamten Messskala des Messger\u00e4ts frei positioniert werden k\u00f6nnen.\u00a0Die Netzteile werden in einem wasserdichten Geh\u00e4use mit elektrischem Schutz IP65 f\u00fcr die Modelle KD-KD \/ Z, SW, LB montiert, w\u00e4hrend sie f\u00fcr die Serien TM und TMW direkt in das Geh\u00e4use eingesetzt werden, das f\u00fcr die Magnet\u00fcbertragungseinheit vorbereitet ist, die auch Schutz bietet elektrische IP65.<\/p>\n<p><strong>Technische Eigenschaften <\/strong><strong><br \/>\n<\/strong><\/p>\n<table width=\"98%\">\n<tbody>\n<tr>\n<td><strong>Typ<\/strong><\/td>\n<td><strong>Sensoren<\/strong><\/td>\n<td><b>Elektrische Kontakte<\/b><\/td>\n<td><b>Elektrische Werte der Kontakte<\/b><\/td>\n<td><strong>Gueltig\u00a0<\/strong><b>f\u00fcr<\/b><\/td>\n<\/tr>\n<tr>\n<td>A 10<\/td>\n<td>Nr. 1 Induktiver N\u00e4herungswandler<\/td>\n<td>Nr. 1 SPDT<\/td>\n<td>250 V 5A 50 Hz<\/td>\n<td>KD-KD\/Z, SW, TM, TMW<\/td>\n<\/tr>\n<tr>\n<td>A 20<\/td>\n<td>Nr. 2\u00a0Wandler von<br \/>\ninduktive N\u00e4he<\/td>\n<td>Nr. 2 SPDT<\/td>\n<td>250 V 5A 50 Hz<\/td>\n<td>KD-KD\/Z, SW, TM, TMW<\/td>\n<\/tr>\n<tr>\n<td>A 30 S BIS<\/td>\n<td>Nr. 1 Induktiver N\u00e4herungswandler<\/td>\n<td>Nr. 1 SPDT mit bistabilem Kontakt<\/td>\n<td>250 V 5A 50 Hz<\/td>\n<td>KD-KD\/Z, SW, TM, TMW<\/td>\n<\/tr>\n<tr>\n<td>A 30 SN<\/td>\n<td>Nr. 1 Induktiver N\u00e4herungswandler\u00a0NAMUR<\/td>\n<td>Nr. 1 SPDT<\/td>\n<td>250 V 5A 50 Hz<\/td>\n<td>KD-KD\/Z, SW<\/td>\n<\/tr>\n<tr>\n<td>A 30 SN BIS<\/td>\n<td>Nr. 1 Induktiver N\u00e4herungswandler\u00a0NAMUR<\/td>\n<td>Nr. 1 SPDT\u00a0mit bistabilem Kontakt<\/td>\n<td>250 V 5A 50 Hz<\/td>\n<td>KD-KD\/Z, SW<\/td>\n<\/tr>\n<tr>\n<td>A 30 AF<\/td>\n<td>Nr. 1 Fotozelle mit Infrarotbarriere<\/td>\n<td>Nr. 1 SPDT mit programmierbaren Zeiten<\/td>\n<td>250 V 5A 50 Hz<\/td>\n<td>KD-KD\/Z, SW, LB<\/td>\n<\/tr>\n<\/tbody>\n<\/table>\n","protected":false},"excerpt":{"rendered":"<p>Die elektrischen Kontakte der Serie &#8220;A&#8221; garantieren, in Verbindung mit den Durchflussmessern der Serien KD-KD \/ Z, SW, LB, TM und TMW, Durchflussalarme, die entlang der gesamten Messskala des Messger\u00e4ts frei positioniert werden k\u00f6nnen.\u00a0Die Netzteile werden in einem wasserdichten Geh\u00e4use mit elektrischem Schutz IP65 f\u00fcr die Modelle KD-KD \/ Z, SW, LB montiert, w\u00e4hrend sie &hellip; <a href=\"https:\/\/technofittings.com\/de\/prodotto\/elektrische-kontakte-typ-a\/\" class=\"more-link\">Continue reading<span class=\"screen-reader-text\"> &#8220;Elektrische Kontakte Typ A&#8221;<\/span><\/a><\/p>\n","protected":false},"featured_media":1741,"template":"","meta":{"_acf_changed":false,"_monsterinsights_skip_tracking":false,"_monsterinsights_sitenote_active":false,"_monsterinsights_sitenote_note":"","_monsterinsights_sitenote_category":0},"product_brand":[],"product_cat":[82],"product_tag":[],"class_list":{"0":"post-1740","1":"product","2":"type-product","3":"status-publish","4":"has-post-thumbnail","6":"product_cat-durchflussmesser","8":"first","9":"instock","10":"taxable","11":"shipping-taxable","12":"purchasable","13":"product-type-simple"},"acf":[],"yoast_head":"<!-- This site is optimized with the Yoast SEO plugin v26.9 - https:\/\/yoast.com\/product\/yoast-seo-wordpress\/ -->\n<title>Elektrische Kontakte Typ A - Techno Fittings<\/title>\n<meta name=\"robots\" content=\"index, follow, max-snippet:-1, max-image-preview:large, max-video-preview:-1\" \/>\n<link rel=\"canonical\" href=\"https:\/\/technofittings.com\/de\/prodotto\/elektrische-kontakte-typ-a\/\" \/>\n<meta property=\"og:locale\" content=\"de_DE\" \/>\n<meta property=\"og:type\" content=\"article\" \/>\n<meta property=\"og:title\" content=\"Elektrische Kontakte Typ A - Techno Fittings\" \/>\n<meta property=\"og:description\" content=\"Die elektrischen Kontakte der Serie &#8220;A&#8221; garantieren, in Verbindung mit den Durchflussmessern der Serien KD-KD \/ Z, SW, LB, TM und TMW, Durchflussalarme, die entlang der gesamten Messskala des Messger\u00e4ts frei positioniert werden k\u00f6nnen.\u00a0Die Netzteile werden in einem wasserdichten Geh\u00e4use mit elektrischem Schutz IP65 f\u00fcr die Modelle KD-KD \/ Z, SW, LB montiert, w\u00e4hrend sie &hellip; Continue reading &quot;Elektrische Kontakte Typ A&quot;\" \/>\n<meta property=\"og:url\" content=\"https:\/\/technofittings.com\/de\/prodotto\/elektrische-kontakte-typ-a\/\" \/>\n<meta property=\"og:site_name\" content=\"Techno Fittings\" \/>\n<meta property=\"og:image\" content=\"https:\/\/technofittings.com\/wp\/wp-content\/uploads\/2019\/02\/flux_ce.jpg\" \/>\n\t<meta property=\"og:image:width\" content=\"400\" \/>\n\t<meta property=\"og:image:height\" content=\"283\" \/>\n\t<meta property=\"og:image:type\" content=\"image\/jpeg\" \/>\n<meta name=\"twitter:card\" content=\"summary_large_image\" \/>\n<meta name=\"twitter:label1\" content=\"Est. reading time\" \/>\n\t<meta name=\"twitter:data1\" content=\"1 minute\" \/>\n<script type=\"application\/ld+json\" class=\"yoast-schema-graph\">{\"@context\":\"https:\/\/schema.org\",\"@graph\":[{\"@type\":\"WebPage\",\"@id\":\"https:\/\/technofittings.com\/de\/prodotto\/elektrische-kontakte-typ-a\/\",\"url\":\"https:\/\/technofittings.com\/de\/prodotto\/elektrische-kontakte-typ-a\/\",\"name\":\"Elektrische Kontakte Typ A - Techno Fittings\",\"isPartOf\":{\"@id\":\"https:\/\/technofittings.com\/#website\"},\"primaryImageOfPage\":{\"@id\":\"https:\/\/technofittings.com\/de\/prodotto\/elektrische-kontakte-typ-a\/#primaryimage\"},\"image\":{\"@id\":\"https:\/\/technofittings.com\/de\/prodotto\/elektrische-kontakte-typ-a\/#primaryimage\"},\"thumbnailUrl\":\"https:\/\/technofittings.com\/wp\/wp-content\/uploads\/2019\/02\/flux_ce.jpg\",\"datePublished\":\"2021-03-30T08:56:11+00:00\",\"breadcrumb\":{\"@id\":\"https:\/\/technofittings.com\/de\/prodotto\/elektrische-kontakte-typ-a\/#breadcrumb\"},\"inLanguage\":\"de-DE\",\"potentialAction\":[{\"@type\":\"ReadAction\",\"target\":[\"https:\/\/technofittings.com\/de\/prodotto\/elektrische-kontakte-typ-a\/\"]}]},{\"@type\":\"ImageObject\",\"inLanguage\":\"de-DE\",\"@id\":\"https:\/\/technofittings.com\/de\/prodotto\/elektrische-kontakte-typ-a\/#primaryimage\",\"url\":\"https:\/\/technofittings.com\/wp\/wp-content\/uploads\/2019\/02\/flux_ce.jpg\",\"contentUrl\":\"https:\/\/technofittings.com\/wp\/wp-content\/uploads\/2019\/02\/flux_ce.jpg\",\"width\":400,\"height\":283},{\"@type\":\"BreadcrumbList\",\"@id\":\"https:\/\/technofittings.com\/de\/prodotto\/elektrische-kontakte-typ-a\/#breadcrumb\",\"itemListElement\":[{\"@type\":\"ListItem\",\"position\":1,\"name\":\"Home\",\"item\":\"https:\/\/technofittings.com\/de\/\"},{\"@type\":\"ListItem\",\"position\":2,\"name\":\"Shop\",\"item\":\"https:\/\/technofittings.com\/en\/shop\/\"},{\"@type\":\"ListItem\",\"position\":3,\"name\":\"Elektrische Kontakte Typ A\"}]},{\"@type\":\"WebSite\",\"@id\":\"https:\/\/technofittings.com\/#website\",\"url\":\"https:\/\/technofittings.com\/\",\"name\":\"Techno Fittings\",\"description\":\"Prodotti e Servizi per l&#039;Industria e la Ricerca Scientifica\",\"publisher\":{\"@id\":\"https:\/\/technofittings.com\/#organization\"},\"potentialAction\":[{\"@type\":\"SearchAction\",\"target\":{\"@type\":\"EntryPoint\",\"urlTemplate\":\"https:\/\/technofittings.com\/?s={search_term_string}\"},\"query-input\":{\"@type\":\"PropertyValueSpecification\",\"valueRequired\":true,\"valueName\":\"search_term_string\"}}],\"inLanguage\":\"de-DE\"},{\"@type\":\"Organization\",\"@id\":\"https:\/\/technofittings.com\/#organization\",\"name\":\"Techno Fittings S.r.l.\",\"url\":\"https:\/\/technofittings.com\/\",\"logo\":{\"@type\":\"ImageObject\",\"inLanguage\":\"de-DE\",\"@id\":\"https:\/\/technofittings.com\/#\/schema\/logo\/image\/\",\"url\":\"https:\/\/technofittings.com\/wp\/wp-content\/uploads\/2020\/01\/cropped-ico.png\",\"contentUrl\":\"https:\/\/technofittings.com\/wp\/wp-content\/uploads\/2020\/01\/cropped-ico.png\",\"width\":512,\"height\":512,\"caption\":\"Techno Fittings S.r.l.\"},\"image\":{\"@id\":\"https:\/\/technofittings.com\/#\/schema\/logo\/image\/\"}}]}<\/script>\n<!-- \/ Yoast SEO plugin. -->","yoast_head_json":{"title":"Elektrische Kontakte Typ A - Techno Fittings","robots":{"index":"index","follow":"follow","max-snippet":"max-snippet:-1","max-image-preview":"max-image-preview:large","max-video-preview":"max-video-preview:-1"},"canonical":"https:\/\/technofittings.com\/de\/prodotto\/elektrische-kontakte-typ-a\/","og_locale":"de_DE","og_type":"article","og_title":"Elektrische Kontakte Typ A - Techno Fittings","og_description":"Die elektrischen Kontakte der Serie &#8220;A&#8221; garantieren, in Verbindung mit den Durchflussmessern der Serien KD-KD \/ Z, SW, LB, TM und TMW, Durchflussalarme, die entlang der gesamten Messskala des Messger\u00e4ts frei positioniert werden k\u00f6nnen.\u00a0Die Netzteile werden in einem wasserdichten Geh\u00e4use mit elektrischem Schutz IP65 f\u00fcr die Modelle KD-KD \/ Z, SW, LB montiert, w\u00e4hrend sie &hellip; Continue reading \"Elektrische Kontakte Typ A\"","og_url":"https:\/\/technofittings.com\/de\/prodotto\/elektrische-kontakte-typ-a\/","og_site_name":"Techno Fittings","og_image":[{"width":400,"height":283,"url":"https:\/\/technofittings.com\/wp\/wp-content\/uploads\/2019\/02\/flux_ce.jpg","type":"image\/jpeg"}],"twitter_card":"summary_large_image","twitter_misc":{"Est. reading time":"1 minute"},"schema":{"@context":"https:\/\/schema.org","@graph":[{"@type":"WebPage","@id":"https:\/\/technofittings.com\/de\/prodotto\/elektrische-kontakte-typ-a\/","url":"https:\/\/technofittings.com\/de\/prodotto\/elektrische-kontakte-typ-a\/","name":"Elektrische Kontakte Typ A - Techno Fittings","isPartOf":{"@id":"https:\/\/technofittings.com\/#website"},"primaryImageOfPage":{"@id":"https:\/\/technofittings.com\/de\/prodotto\/elektrische-kontakte-typ-a\/#primaryimage"},"image":{"@id":"https:\/\/technofittings.com\/de\/prodotto\/elektrische-kontakte-typ-a\/#primaryimage"},"thumbnailUrl":"https:\/\/technofittings.com\/wp\/wp-content\/uploads\/2019\/02\/flux_ce.jpg","datePublished":"2021-03-30T08:56:11+00:00","breadcrumb":{"@id":"https:\/\/technofittings.com\/de\/prodotto\/elektrische-kontakte-typ-a\/#breadcrumb"},"inLanguage":"de-DE","potentialAction":[{"@type":"ReadAction","target":["https:\/\/technofittings.com\/de\/prodotto\/elektrische-kontakte-typ-a\/"]}]},{"@type":"ImageObject","inLanguage":"de-DE","@id":"https:\/\/technofittings.com\/de\/prodotto\/elektrische-kontakte-typ-a\/#primaryimage","url":"https:\/\/technofittings.com\/wp\/wp-content\/uploads\/2019\/02\/flux_ce.jpg","contentUrl":"https:\/\/technofittings.com\/wp\/wp-content\/uploads\/2019\/02\/flux_ce.jpg","width":400,"height":283},{"@type":"BreadcrumbList","@id":"https:\/\/technofittings.com\/de\/prodotto\/elektrische-kontakte-typ-a\/#breadcrumb","itemListElement":[{"@type":"ListItem","position":1,"name":"Home","item":"https:\/\/technofittings.com\/de\/"},{"@type":"ListItem","position":2,"name":"Shop","item":"https:\/\/technofittings.com\/en\/shop\/"},{"@type":"ListItem","position":3,"name":"Elektrische Kontakte Typ A"}]},{"@type":"WebSite","@id":"https:\/\/technofittings.com\/#website","url":"https:\/\/technofittings.com\/","name":"Techno Fittings","description":"Prodotti e Servizi per l&#039;Industria e la Ricerca Scientifica","publisher":{"@id":"https:\/\/technofittings.com\/#organization"},"potentialAction":[{"@type":"SearchAction","target":{"@type":"EntryPoint","urlTemplate":"https:\/\/technofittings.com\/?s={search_term_string}"},"query-input":{"@type":"PropertyValueSpecification","valueRequired":true,"valueName":"search_term_string"}}],"inLanguage":"de-DE"},{"@type":"Organization","@id":"https:\/\/technofittings.com\/#organization","name":"Techno Fittings S.r.l.","url":"https:\/\/technofittings.com\/","logo":{"@type":"ImageObject","inLanguage":"de-DE","@id":"https:\/\/technofittings.com\/#\/schema\/logo\/image\/","url":"https:\/\/technofittings.com\/wp\/wp-content\/uploads\/2020\/01\/cropped-ico.png","contentUrl":"https:\/\/technofittings.com\/wp\/wp-content\/uploads\/2020\/01\/cropped-ico.png","width":512,"height":512,"caption":"Techno Fittings S.r.l."},"image":{"@id":"https:\/\/technofittings.com\/#\/schema\/logo\/image\/"}}]}},"_links":{"self":[{"href":"https:\/\/technofittings.com\/de\/wp-json\/wp\/v2\/product\/1740","targetHints":{"allow":["GET"]}}],"collection":[{"href":"https:\/\/technofittings.com\/de\/wp-json\/wp\/v2\/product"}],"about":[{"href":"https:\/\/technofittings.com\/de\/wp-json\/wp\/v2\/types\/product"}],"wp:featuredmedia":[{"embeddable":true,"href":"https:\/\/technofittings.com\/de\/wp-json\/wp\/v2\/media\/1741"}],"wp:attachment":[{"href":"https:\/\/technofittings.com\/de\/wp-json\/wp\/v2\/media?parent=1740"}],"wp:term":[{"taxonomy":"product_brand","embeddable":true,"href":"https:\/\/technofittings.com\/de\/wp-json\/wp\/v2\/product_brand?post=1740"},{"taxonomy":"product_cat","embeddable":true,"href":"https:\/\/technofittings.com\/de\/wp-json\/wp\/v2\/product_cat?post=1740"},{"taxonomy":"product_tag","embeddable":true,"href":"https:\/\/technofittings.com\/de\/wp-json\/wp\/v2\/product_tag?post=1740"}],"curies":[{"name":"wp","href":"https:\/\/api.w.org\/{rel}","templated":true}]}}