{"id":1731,"date":"2021-03-23T10:58:20","date_gmt":"2021-03-23T09:58:20","guid":{"rendered":"https:\/\/technofittings.com\/?post_type=product&#038;p=1731"},"modified":"2021-03-23T10:58:21","modified_gmt":"2021-03-23T09:58:21","slug":"criterion-d500-druckunempfindliches-massendurchflussmodul","status":"publish","type":"product","link":"https:\/\/technofittings.com\/de\/prodotto\/criterion-d500-druckunempfindliches-massendurchflussmodul\/","title":{"rendered":"CRITERION D500 | Druckunempfindliches Massendurchflussmodul"},"content":{"rendered":"","protected":false},"excerpt":{"rendered":"<p>Dieses druckunempfindliche Massendurchflussmodul an der Vorderkante ist mit einer Differenzdruckerkennung und einem Piezoaktuatorventil ausgestattet.<br \/>\nDie hohe Leistung des CRITERION D500 stellt sicher, dass er f\u00fcr eine Reihe fortschrittlicher Halbleiterfertigungsprozesse verwendet werden kann. druckunempfindlich, Multi-Range \/ Multi-Gas \/ Multi-Pressure, G-LIFE (Gasgesetzpr\u00fcfung der Gleichung f\u00fcr integrierte Durchflussbegrenzer) Selbstdiagnosefunktion, hohe Genauigkeit, schnelle Reaktion, gro\u00dfe Reichweite und Ganzmetall.<\/p>\n<p><a href=\"https:\/\/technofittings.com\/wp\/wp-content\/uploads\/2019\/05\/D500.pdf\" target=\"_blank\" rel=\"noopener noreferrer\"><img loading=\"lazy\" decoding=\"async\" class=\"alignnone wp-image-1784 size-medium\" src=\"https:\/\/technofittings.com\/wp\/wp-content\/uploads\/pdf.png\" alt=\"\" width=\"24\" height=\"29\" \/>\u00a0Scarica Datasheet<\/a><\/p>\n","protected":false},"featured_media":1732,"template":"","meta":{"_acf_changed":false,"_monsterinsights_skip_tracking":false,"_monsterinsights_sitenote_active":false,"_monsterinsights_sitenote_note":"","_monsterinsights_sitenote_category":0},"product_brand":[],"product_cat":[87,91],"product_tag":[],"class_list":{"0":"post-1731","1":"product","2":"type-product","3":"status-publish","4":"has-post-thumbnail","6":"product_cat-messgerate-mass-flow-controller","7":"product_cat-pressure-insensitive-de","9":"first","10":"instock","11":"taxable","12":"shipping-taxable","13":"purchasable","14":"product-type-simple"},"acf":[],"yoast_head":"<!-- This site is optimized with the Yoast SEO plugin v26.9 - https:\/\/yoast.com\/product\/yoast-seo-wordpress\/ -->\n<title>CRITERION D500 | Druckunempfindliches Massendurchflussmodul - Techno Fittings<\/title>\n<meta name=\"robots\" content=\"index, follow, max-snippet:-1, max-image-preview:large, max-video-preview:-1\" \/>\n<link rel=\"canonical\" href=\"https:\/\/technofittings.com\/de\/prodotto\/criterion-d500-druckunempfindliches-massendurchflussmodul\/\" \/>\n<meta property=\"og:locale\" content=\"de_DE\" \/>\n<meta property=\"og:type\" content=\"article\" \/>\n<meta property=\"og:title\" content=\"CRITERION D500 | Druckunempfindliches Massendurchflussmodul - Techno Fittings\" \/>\n<meta property=\"og:description\" content=\"Dieses druckunempfindliche Massendurchflussmodul an der Vorderkante ist mit einer Differenzdruckerkennung und einem Piezoaktuatorventil ausgestattet. Die hohe Leistung des CRITERION D500 stellt sicher, dass er f\u00fcr eine Reihe fortschrittlicher Halbleiterfertigungsprozesse verwendet werden kann. druckunempfindlich, Multi-Range \/ Multi-Gas \/ Multi-Pressure, G-LIFE (Gasgesetzpr\u00fcfung der Gleichung f\u00fcr integrierte Durchflussbegrenzer) Selbstdiagnosefunktion, hohe Genauigkeit, schnelle Reaktion, gro\u00dfe Reichweite und Ganzmetall.  \u00a0Scarica Datasheet\" \/>\n<meta property=\"og:url\" content=\"https:\/\/technofittings.com\/de\/prodotto\/criterion-d500-druckunempfindliches-massendurchflussmodul\/\" \/>\n<meta property=\"og:site_name\" content=\"Techno Fittings\" \/>\n<meta property=\"article:modified_time\" content=\"2021-03-23T09:58:21+00:00\" \/>\n<meta property=\"og:image\" content=\"https:\/\/technofittings.com\/wp\/wp-content\/uploads\/2019\/05\/d500.jpg\" \/>\n\t<meta property=\"og:image:width\" content=\"463\" \/>\n\t<meta property=\"og:image:height\" content=\"600\" \/>\n\t<meta property=\"og:image:type\" content=\"image\/jpeg\" \/>\n<meta name=\"twitter:card\" content=\"summary_large_image\" \/>\n<script type=\"application\/ld+json\" class=\"yoast-schema-graph\">{\"@context\":\"https:\/\/schema.org\",\"@graph\":[{\"@type\":\"WebPage\",\"@id\":\"https:\/\/technofittings.com\/de\/prodotto\/criterion-d500-druckunempfindliches-massendurchflussmodul\/\",\"url\":\"https:\/\/technofittings.com\/de\/prodotto\/criterion-d500-druckunempfindliches-massendurchflussmodul\/\",\"name\":\"CRITERION D500 | Druckunempfindliches Massendurchflussmodul - Techno Fittings\",\"isPartOf\":{\"@id\":\"https:\/\/technofittings.com\/#website\"},\"primaryImageOfPage\":{\"@id\":\"https:\/\/technofittings.com\/de\/prodotto\/criterion-d500-druckunempfindliches-massendurchflussmodul\/#primaryimage\"},\"image\":{\"@id\":\"https:\/\/technofittings.com\/de\/prodotto\/criterion-d500-druckunempfindliches-massendurchflussmodul\/#primaryimage\"},\"thumbnailUrl\":\"https:\/\/technofittings.com\/wp\/wp-content\/uploads\/2019\/05\/d500.jpg\",\"datePublished\":\"2021-03-23T09:58:20+00:00\",\"dateModified\":\"2021-03-23T09:58:21+00:00\",\"breadcrumb\":{\"@id\":\"https:\/\/technofittings.com\/de\/prodotto\/criterion-d500-druckunempfindliches-massendurchflussmodul\/#breadcrumb\"},\"inLanguage\":\"de-DE\",\"potentialAction\":[{\"@type\":\"ReadAction\",\"target\":[\"https:\/\/technofittings.com\/de\/prodotto\/criterion-d500-druckunempfindliches-massendurchflussmodul\/\"]}]},{\"@type\":\"ImageObject\",\"inLanguage\":\"de-DE\",\"@id\":\"https:\/\/technofittings.com\/de\/prodotto\/criterion-d500-druckunempfindliches-massendurchflussmodul\/#primaryimage\",\"url\":\"https:\/\/technofittings.com\/wp\/wp-content\/uploads\/2019\/05\/d500.jpg\",\"contentUrl\":\"https:\/\/technofittings.com\/wp\/wp-content\/uploads\/2019\/05\/d500.jpg\",\"width\":463,\"height\":600},{\"@type\":\"BreadcrumbList\",\"@id\":\"https:\/\/technofittings.com\/de\/prodotto\/criterion-d500-druckunempfindliches-massendurchflussmodul\/#breadcrumb\",\"itemListElement\":[{\"@type\":\"ListItem\",\"position\":1,\"name\":\"Home\",\"item\":\"https:\/\/technofittings.com\/de\/\"},{\"@type\":\"ListItem\",\"position\":2,\"name\":\"Shop\",\"item\":\"https:\/\/technofittings.com\/en\/shop\/\"},{\"@type\":\"ListItem\",\"position\":3,\"name\":\"CRITERION D500 | Druckunempfindliches Massendurchflussmodul\"}]},{\"@type\":\"WebSite\",\"@id\":\"https:\/\/technofittings.com\/#website\",\"url\":\"https:\/\/technofittings.com\/\",\"name\":\"Techno Fittings\",\"description\":\"Prodotti e Servizi per l&#039;Industria e la Ricerca Scientifica\",\"publisher\":{\"@id\":\"https:\/\/technofittings.com\/#organization\"},\"potentialAction\":[{\"@type\":\"SearchAction\",\"target\":{\"@type\":\"EntryPoint\",\"urlTemplate\":\"https:\/\/technofittings.com\/?s={search_term_string}\"},\"query-input\":{\"@type\":\"PropertyValueSpecification\",\"valueRequired\":true,\"valueName\":\"search_term_string\"}}],\"inLanguage\":\"de-DE\"},{\"@type\":\"Organization\",\"@id\":\"https:\/\/technofittings.com\/#organization\",\"name\":\"Techno Fittings S.r.l.\",\"url\":\"https:\/\/technofittings.com\/\",\"logo\":{\"@type\":\"ImageObject\",\"inLanguage\":\"de-DE\",\"@id\":\"https:\/\/technofittings.com\/#\/schema\/logo\/image\/\",\"url\":\"https:\/\/technofittings.com\/wp\/wp-content\/uploads\/2020\/01\/cropped-ico.png\",\"contentUrl\":\"https:\/\/technofittings.com\/wp\/wp-content\/uploads\/2020\/01\/cropped-ico.png\",\"width\":512,\"height\":512,\"caption\":\"Techno Fittings S.r.l.\"},\"image\":{\"@id\":\"https:\/\/technofittings.com\/#\/schema\/logo\/image\/\"}}]}<\/script>\n<!-- \/ Yoast SEO plugin. -->","yoast_head_json":{"title":"CRITERION D500 | Druckunempfindliches Massendurchflussmodul - Techno Fittings","robots":{"index":"index","follow":"follow","max-snippet":"max-snippet:-1","max-image-preview":"max-image-preview:large","max-video-preview":"max-video-preview:-1"},"canonical":"https:\/\/technofittings.com\/de\/prodotto\/criterion-d500-druckunempfindliches-massendurchflussmodul\/","og_locale":"de_DE","og_type":"article","og_title":"CRITERION D500 | Druckunempfindliches Massendurchflussmodul - Techno Fittings","og_description":"Dieses druckunempfindliche Massendurchflussmodul an der Vorderkante ist mit einer Differenzdruckerkennung und einem Piezoaktuatorventil ausgestattet. Die hohe Leistung des CRITERION D500 stellt sicher, dass er f\u00fcr eine Reihe fortschrittlicher Halbleiterfertigungsprozesse verwendet werden kann. druckunempfindlich, Multi-Range \/ Multi-Gas \/ Multi-Pressure, G-LIFE (Gasgesetzpr\u00fcfung der Gleichung f\u00fcr integrierte Durchflussbegrenzer) Selbstdiagnosefunktion, hohe Genauigkeit, schnelle Reaktion, gro\u00dfe Reichweite und Ganzmetall.  \u00a0Scarica Datasheet","og_url":"https:\/\/technofittings.com\/de\/prodotto\/criterion-d500-druckunempfindliches-massendurchflussmodul\/","og_site_name":"Techno Fittings","article_modified_time":"2021-03-23T09:58:21+00:00","og_image":[{"width":463,"height":600,"url":"https:\/\/technofittings.com\/wp\/wp-content\/uploads\/2019\/05\/d500.jpg","type":"image\/jpeg"}],"twitter_card":"summary_large_image","schema":{"@context":"https:\/\/schema.org","@graph":[{"@type":"WebPage","@id":"https:\/\/technofittings.com\/de\/prodotto\/criterion-d500-druckunempfindliches-massendurchflussmodul\/","url":"https:\/\/technofittings.com\/de\/prodotto\/criterion-d500-druckunempfindliches-massendurchflussmodul\/","name":"CRITERION D500 | Druckunempfindliches Massendurchflussmodul - Techno Fittings","isPartOf":{"@id":"https:\/\/technofittings.com\/#website"},"primaryImageOfPage":{"@id":"https:\/\/technofittings.com\/de\/prodotto\/criterion-d500-druckunempfindliches-massendurchflussmodul\/#primaryimage"},"image":{"@id":"https:\/\/technofittings.com\/de\/prodotto\/criterion-d500-druckunempfindliches-massendurchflussmodul\/#primaryimage"},"thumbnailUrl":"https:\/\/technofittings.com\/wp\/wp-content\/uploads\/2019\/05\/d500.jpg","datePublished":"2021-03-23T09:58:20+00:00","dateModified":"2021-03-23T09:58:21+00:00","breadcrumb":{"@id":"https:\/\/technofittings.com\/de\/prodotto\/criterion-d500-druckunempfindliches-massendurchflussmodul\/#breadcrumb"},"inLanguage":"de-DE","potentialAction":[{"@type":"ReadAction","target":["https:\/\/technofittings.com\/de\/prodotto\/criterion-d500-druckunempfindliches-massendurchflussmodul\/"]}]},{"@type":"ImageObject","inLanguage":"de-DE","@id":"https:\/\/technofittings.com\/de\/prodotto\/criterion-d500-druckunempfindliches-massendurchflussmodul\/#primaryimage","url":"https:\/\/technofittings.com\/wp\/wp-content\/uploads\/2019\/05\/d500.jpg","contentUrl":"https:\/\/technofittings.com\/wp\/wp-content\/uploads\/2019\/05\/d500.jpg","width":463,"height":600},{"@type":"BreadcrumbList","@id":"https:\/\/technofittings.com\/de\/prodotto\/criterion-d500-druckunempfindliches-massendurchflussmodul\/#breadcrumb","itemListElement":[{"@type":"ListItem","position":1,"name":"Home","item":"https:\/\/technofittings.com\/de\/"},{"@type":"ListItem","position":2,"name":"Shop","item":"https:\/\/technofittings.com\/en\/shop\/"},{"@type":"ListItem","position":3,"name":"CRITERION D500 | Druckunempfindliches Massendurchflussmodul"}]},{"@type":"WebSite","@id":"https:\/\/technofittings.com\/#website","url":"https:\/\/technofittings.com\/","name":"Techno Fittings","description":"Prodotti e Servizi per l&#039;Industria e la Ricerca Scientifica","publisher":{"@id":"https:\/\/technofittings.com\/#organization"},"potentialAction":[{"@type":"SearchAction","target":{"@type":"EntryPoint","urlTemplate":"https:\/\/technofittings.com\/?s={search_term_string}"},"query-input":{"@type":"PropertyValueSpecification","valueRequired":true,"valueName":"search_term_string"}}],"inLanguage":"de-DE"},{"@type":"Organization","@id":"https:\/\/technofittings.com\/#organization","name":"Techno Fittings S.r.l.","url":"https:\/\/technofittings.com\/","logo":{"@type":"ImageObject","inLanguage":"de-DE","@id":"https:\/\/technofittings.com\/#\/schema\/logo\/image\/","url":"https:\/\/technofittings.com\/wp\/wp-content\/uploads\/2020\/01\/cropped-ico.png","contentUrl":"https:\/\/technofittings.com\/wp\/wp-content\/uploads\/2020\/01\/cropped-ico.png","width":512,"height":512,"caption":"Techno Fittings S.r.l."},"image":{"@id":"https:\/\/technofittings.com\/#\/schema\/logo\/image\/"}}]}},"_links":{"self":[{"href":"https:\/\/technofittings.com\/de\/wp-json\/wp\/v2\/product\/1731","targetHints":{"allow":["GET"]}}],"collection":[{"href":"https:\/\/technofittings.com\/de\/wp-json\/wp\/v2\/product"}],"about":[{"href":"https:\/\/technofittings.com\/de\/wp-json\/wp\/v2\/types\/product"}],"wp:featuredmedia":[{"embeddable":true,"href":"https:\/\/technofittings.com\/de\/wp-json\/wp\/v2\/media\/1732"}],"wp:attachment":[{"href":"https:\/\/technofittings.com\/de\/wp-json\/wp\/v2\/media?parent=1731"}],"wp:term":[{"taxonomy":"product_brand","embeddable":true,"href":"https:\/\/technofittings.com\/de\/wp-json\/wp\/v2\/product_brand?post=1731"},{"taxonomy":"product_cat","embeddable":true,"href":"https:\/\/technofittings.com\/de\/wp-json\/wp\/v2\/product_cat?post=1731"},{"taxonomy":"product_tag","embeddable":true,"href":"https:\/\/technofittings.com\/de\/wp-json\/wp\/v2\/product_tag?post=1731"}],"curies":[{"name":"wp","href":"https:\/\/api.w.org\/{rel}","templated":true}]}}