{"id":1728,"date":"2021-03-23T10:29:45","date_gmt":"2021-03-23T09:29:45","guid":{"rendered":"https:\/\/technofittings.com\/?post_type=product&#038;p=1728"},"modified":"2021-03-23T10:29:45","modified_gmt":"2021-03-23T09:29:45","slug":"sec-z700x-series-druckunempfindlicher-massendurchflussregler","status":"publish","type":"product","link":"https:\/\/technofittings.com\/de\/prodotto\/sec-z700x-series-druckunempfindlicher-massendurchflussregler\/","title":{"rendered":"SEC-Z700X Series | Druckunempfindlicher Massendurchflussregler"},"content":{"rendered":"","protected":false},"excerpt":{"rendered":"<p>Die SEC-Z700X-Serie ist mit zuverl\u00e4ssigen W\u00e4rmesensoren und einer druckunempfindlichen Funktion f\u00fcr eine stabile Durchflussregelung ausgestattet. Die On-Board-Druckmessung reduziert die Kosten, Gr\u00f6\u00dfe und Komplexit\u00e4t von Gasversorgungssystemen.<\/p>\n<p><strong>Druckunempfindlich<\/strong><br \/>\nEine neue Hochleistungsfunktion sorgt f\u00fcr ein vereinfachtes Gasversorgungssystem. Typische Mehrkammergasleitungen haben einen Leitungsregler, einen Drucksensor und einen Filter, um ein durch Druckschwankungen verursachtes \u00dcbersprechen des Massendurchflussreglers zu vermeiden. Die SEC-Z700X-Serie verf\u00fcgt \u00fcber ein hohes Ma\u00df an Stabilit\u00e4t und steuert den Gasfluss, ohne die Druckschwankungen vor und nach dem Ger\u00e4t zu beeinflussen. Durchfluss-, Temperatur- und Druckwerte werden bereitgestellt.<\/p>\n<p><a href=\"https:\/\/technofittings.com\/wp\/wp-content\/uploads\/2019\/05\/D500.pdf\" target=\"_blank\" rel=\"noopener noreferrer\"><img loading=\"lazy\" decoding=\"async\" class=\"alignnone wp-image-1784 size-medium\" src=\"https:\/\/technofittings.com\/wp\/wp-content\/uploads\/pdf.png\" alt=\"\" width=\"24\" height=\"29\" \/>\u00a0Scarica Datasheet<\/a><\/p>\n","protected":false},"featured_media":1729,"template":"","meta":{"_acf_changed":false,"_monsterinsights_skip_tracking":false,"_monsterinsights_sitenote_active":false,"_monsterinsights_sitenote_note":"","_monsterinsights_sitenote_category":0},"product_brand":[],"product_cat":[87,91],"product_tag":[],"class_list":{"0":"post-1728","1":"product","2":"type-product","3":"status-publish","4":"has-post-thumbnail","6":"product_cat-messgerate-mass-flow-controller","7":"product_cat-pressure-insensitive-de","9":"first","10":"instock","11":"taxable","12":"shipping-taxable","13":"purchasable","14":"product-type-simple"},"acf":[],"yoast_head":"<!-- This site is optimized with the Yoast SEO plugin v26.9 - https:\/\/yoast.com\/product\/yoast-seo-wordpress\/ -->\n<title>SEC-Z700X Series | Druckunempfindlicher Massendurchflussregler - Techno Fittings<\/title>\n<meta name=\"robots\" content=\"index, follow, max-snippet:-1, max-image-preview:large, max-video-preview:-1\" \/>\n<link rel=\"canonical\" href=\"https:\/\/technofittings.com\/de\/prodotto\/sec-z700x-series-druckunempfindlicher-massendurchflussregler\/\" \/>\n<meta property=\"og:locale\" content=\"de_DE\" \/>\n<meta property=\"og:type\" content=\"article\" \/>\n<meta property=\"og:title\" content=\"SEC-Z700X Series | Druckunempfindlicher Massendurchflussregler - Techno Fittings\" \/>\n<meta property=\"og:description\" content=\"Die SEC-Z700X-Serie ist mit zuverl\u00e4ssigen W\u00e4rmesensoren und einer druckunempfindlichen Funktion f\u00fcr eine stabile Durchflussregelung ausgestattet. Die On-Board-Druckmessung reduziert die Kosten, Gr\u00f6\u00dfe und Komplexit\u00e4t von Gasversorgungssystemen.  Druckunempfindlich Eine neue Hochleistungsfunktion sorgt f\u00fcr ein vereinfachtes Gasversorgungssystem. Typische Mehrkammergasleitungen haben einen Leitungsregler, einen Drucksensor und einen Filter, um ein durch Druckschwankungen verursachtes \u00dcbersprechen des Massendurchflussreglers zu vermeiden. Die SEC-Z700X-Serie verf\u00fcgt \u00fcber ein hohes Ma\u00df an Stabilit\u00e4t und steuert den Gasfluss, ohne die Druckschwankungen vor und nach dem Ger\u00e4t zu beeinflussen. Durchfluss-, Temperatur- und Druckwerte werden bereitgestellt.  \u00a0Scarica Datasheet\" \/>\n<meta property=\"og:url\" content=\"https:\/\/technofittings.com\/de\/prodotto\/sec-z700x-series-druckunempfindlicher-massendurchflussregler\/\" \/>\n<meta property=\"og:site_name\" content=\"Techno Fittings\" \/>\n<meta property=\"og:image\" content=\"https:\/\/technofittings.com\/wp\/wp-content\/uploads\/2019\/05\/sec_z700.jpg\" \/>\n\t<meta property=\"og:image:width\" content=\"315\" \/>\n\t<meta property=\"og:image:height\" content=\"391\" \/>\n\t<meta property=\"og:image:type\" content=\"image\/jpeg\" \/>\n<meta name=\"twitter:card\" content=\"summary_large_image\" \/>\n<script type=\"application\/ld+json\" class=\"yoast-schema-graph\">{\"@context\":\"https:\/\/schema.org\",\"@graph\":[{\"@type\":\"WebPage\",\"@id\":\"https:\/\/technofittings.com\/de\/prodotto\/sec-z700x-series-druckunempfindlicher-massendurchflussregler\/\",\"url\":\"https:\/\/technofittings.com\/de\/prodotto\/sec-z700x-series-druckunempfindlicher-massendurchflussregler\/\",\"name\":\"SEC-Z700X Series | Druckunempfindlicher Massendurchflussregler - Techno Fittings\",\"isPartOf\":{\"@id\":\"https:\/\/technofittings.com\/#website\"},\"primaryImageOfPage\":{\"@id\":\"https:\/\/technofittings.com\/de\/prodotto\/sec-z700x-series-druckunempfindlicher-massendurchflussregler\/#primaryimage\"},\"image\":{\"@id\":\"https:\/\/technofittings.com\/de\/prodotto\/sec-z700x-series-druckunempfindlicher-massendurchflussregler\/#primaryimage\"},\"thumbnailUrl\":\"https:\/\/technofittings.com\/wp\/wp-content\/uploads\/2019\/05\/sec_z700.jpg\",\"datePublished\":\"2021-03-23T09:29:45+00:00\",\"breadcrumb\":{\"@id\":\"https:\/\/technofittings.com\/de\/prodotto\/sec-z700x-series-druckunempfindlicher-massendurchflussregler\/#breadcrumb\"},\"inLanguage\":\"de-DE\",\"potentialAction\":[{\"@type\":\"ReadAction\",\"target\":[\"https:\/\/technofittings.com\/de\/prodotto\/sec-z700x-series-druckunempfindlicher-massendurchflussregler\/\"]}]},{\"@type\":\"ImageObject\",\"inLanguage\":\"de-DE\",\"@id\":\"https:\/\/technofittings.com\/de\/prodotto\/sec-z700x-series-druckunempfindlicher-massendurchflussregler\/#primaryimage\",\"url\":\"https:\/\/technofittings.com\/wp\/wp-content\/uploads\/2019\/05\/sec_z700.jpg\",\"contentUrl\":\"https:\/\/technofittings.com\/wp\/wp-content\/uploads\/2019\/05\/sec_z700.jpg\",\"width\":315,\"height\":391},{\"@type\":\"BreadcrumbList\",\"@id\":\"https:\/\/technofittings.com\/de\/prodotto\/sec-z700x-series-druckunempfindlicher-massendurchflussregler\/#breadcrumb\",\"itemListElement\":[{\"@type\":\"ListItem\",\"position\":1,\"name\":\"Home\",\"item\":\"https:\/\/technofittings.com\/de\/\"},{\"@type\":\"ListItem\",\"position\":2,\"name\":\"Shop\",\"item\":\"https:\/\/technofittings.com\/en\/shop\/\"},{\"@type\":\"ListItem\",\"position\":3,\"name\":\"SEC-Z700X Series | Druckunempfindlicher Massendurchflussregler\"}]},{\"@type\":\"WebSite\",\"@id\":\"https:\/\/technofittings.com\/#website\",\"url\":\"https:\/\/technofittings.com\/\",\"name\":\"Techno Fittings\",\"description\":\"Prodotti e Servizi per l&#039;Industria e la Ricerca Scientifica\",\"publisher\":{\"@id\":\"https:\/\/technofittings.com\/#organization\"},\"potentialAction\":[{\"@type\":\"SearchAction\",\"target\":{\"@type\":\"EntryPoint\",\"urlTemplate\":\"https:\/\/technofittings.com\/?s={search_term_string}\"},\"query-input\":{\"@type\":\"PropertyValueSpecification\",\"valueRequired\":true,\"valueName\":\"search_term_string\"}}],\"inLanguage\":\"de-DE\"},{\"@type\":\"Organization\",\"@id\":\"https:\/\/technofittings.com\/#organization\",\"name\":\"Techno Fittings S.r.l.\",\"url\":\"https:\/\/technofittings.com\/\",\"logo\":{\"@type\":\"ImageObject\",\"inLanguage\":\"de-DE\",\"@id\":\"https:\/\/technofittings.com\/#\/schema\/logo\/image\/\",\"url\":\"https:\/\/technofittings.com\/wp\/wp-content\/uploads\/2020\/01\/cropped-ico.png\",\"contentUrl\":\"https:\/\/technofittings.com\/wp\/wp-content\/uploads\/2020\/01\/cropped-ico.png\",\"width\":512,\"height\":512,\"caption\":\"Techno Fittings S.r.l.\"},\"image\":{\"@id\":\"https:\/\/technofittings.com\/#\/schema\/logo\/image\/\"}}]}<\/script>\n<!-- \/ Yoast SEO plugin. -->","yoast_head_json":{"title":"SEC-Z700X Series | Druckunempfindlicher Massendurchflussregler - Techno Fittings","robots":{"index":"index","follow":"follow","max-snippet":"max-snippet:-1","max-image-preview":"max-image-preview:large","max-video-preview":"max-video-preview:-1"},"canonical":"https:\/\/technofittings.com\/de\/prodotto\/sec-z700x-series-druckunempfindlicher-massendurchflussregler\/","og_locale":"de_DE","og_type":"article","og_title":"SEC-Z700X Series | Druckunempfindlicher Massendurchflussregler - Techno Fittings","og_description":"Die SEC-Z700X-Serie ist mit zuverl\u00e4ssigen W\u00e4rmesensoren und einer druckunempfindlichen Funktion f\u00fcr eine stabile Durchflussregelung ausgestattet. Die On-Board-Druckmessung reduziert die Kosten, Gr\u00f6\u00dfe und Komplexit\u00e4t von Gasversorgungssystemen.  Druckunempfindlich Eine neue Hochleistungsfunktion sorgt f\u00fcr ein vereinfachtes Gasversorgungssystem. Typische Mehrkammergasleitungen haben einen Leitungsregler, einen Drucksensor und einen Filter, um ein durch Druckschwankungen verursachtes \u00dcbersprechen des Massendurchflussreglers zu vermeiden. Die SEC-Z700X-Serie verf\u00fcgt \u00fcber ein hohes Ma\u00df an Stabilit\u00e4t und steuert den Gasfluss, ohne die Druckschwankungen vor und nach dem Ger\u00e4t zu beeinflussen. Durchfluss-, Temperatur- und Druckwerte werden bereitgestellt.  \u00a0Scarica Datasheet","og_url":"https:\/\/technofittings.com\/de\/prodotto\/sec-z700x-series-druckunempfindlicher-massendurchflussregler\/","og_site_name":"Techno Fittings","og_image":[{"width":315,"height":391,"url":"https:\/\/technofittings.com\/wp\/wp-content\/uploads\/2019\/05\/sec_z700.jpg","type":"image\/jpeg"}],"twitter_card":"summary_large_image","schema":{"@context":"https:\/\/schema.org","@graph":[{"@type":"WebPage","@id":"https:\/\/technofittings.com\/de\/prodotto\/sec-z700x-series-druckunempfindlicher-massendurchflussregler\/","url":"https:\/\/technofittings.com\/de\/prodotto\/sec-z700x-series-druckunempfindlicher-massendurchflussregler\/","name":"SEC-Z700X Series | Druckunempfindlicher Massendurchflussregler - Techno Fittings","isPartOf":{"@id":"https:\/\/technofittings.com\/#website"},"primaryImageOfPage":{"@id":"https:\/\/technofittings.com\/de\/prodotto\/sec-z700x-series-druckunempfindlicher-massendurchflussregler\/#primaryimage"},"image":{"@id":"https:\/\/technofittings.com\/de\/prodotto\/sec-z700x-series-druckunempfindlicher-massendurchflussregler\/#primaryimage"},"thumbnailUrl":"https:\/\/technofittings.com\/wp\/wp-content\/uploads\/2019\/05\/sec_z700.jpg","datePublished":"2021-03-23T09:29:45+00:00","breadcrumb":{"@id":"https:\/\/technofittings.com\/de\/prodotto\/sec-z700x-series-druckunempfindlicher-massendurchflussregler\/#breadcrumb"},"inLanguage":"de-DE","potentialAction":[{"@type":"ReadAction","target":["https:\/\/technofittings.com\/de\/prodotto\/sec-z700x-series-druckunempfindlicher-massendurchflussregler\/"]}]},{"@type":"ImageObject","inLanguage":"de-DE","@id":"https:\/\/technofittings.com\/de\/prodotto\/sec-z700x-series-druckunempfindlicher-massendurchflussregler\/#primaryimage","url":"https:\/\/technofittings.com\/wp\/wp-content\/uploads\/2019\/05\/sec_z700.jpg","contentUrl":"https:\/\/technofittings.com\/wp\/wp-content\/uploads\/2019\/05\/sec_z700.jpg","width":315,"height":391},{"@type":"BreadcrumbList","@id":"https:\/\/technofittings.com\/de\/prodotto\/sec-z700x-series-druckunempfindlicher-massendurchflussregler\/#breadcrumb","itemListElement":[{"@type":"ListItem","position":1,"name":"Home","item":"https:\/\/technofittings.com\/de\/"},{"@type":"ListItem","position":2,"name":"Shop","item":"https:\/\/technofittings.com\/en\/shop\/"},{"@type":"ListItem","position":3,"name":"SEC-Z700X Series | Druckunempfindlicher Massendurchflussregler"}]},{"@type":"WebSite","@id":"https:\/\/technofittings.com\/#website","url":"https:\/\/technofittings.com\/","name":"Techno Fittings","description":"Prodotti e Servizi per l&#039;Industria e la Ricerca Scientifica","publisher":{"@id":"https:\/\/technofittings.com\/#organization"},"potentialAction":[{"@type":"SearchAction","target":{"@type":"EntryPoint","urlTemplate":"https:\/\/technofittings.com\/?s={search_term_string}"},"query-input":{"@type":"PropertyValueSpecification","valueRequired":true,"valueName":"search_term_string"}}],"inLanguage":"de-DE"},{"@type":"Organization","@id":"https:\/\/technofittings.com\/#organization","name":"Techno Fittings S.r.l.","url":"https:\/\/technofittings.com\/","logo":{"@type":"ImageObject","inLanguage":"de-DE","@id":"https:\/\/technofittings.com\/#\/schema\/logo\/image\/","url":"https:\/\/technofittings.com\/wp\/wp-content\/uploads\/2020\/01\/cropped-ico.png","contentUrl":"https:\/\/technofittings.com\/wp\/wp-content\/uploads\/2020\/01\/cropped-ico.png","width":512,"height":512,"caption":"Techno Fittings S.r.l."},"image":{"@id":"https:\/\/technofittings.com\/#\/schema\/logo\/image\/"}}]}},"_links":{"self":[{"href":"https:\/\/technofittings.com\/de\/wp-json\/wp\/v2\/product\/1728","targetHints":{"allow":["GET"]}}],"collection":[{"href":"https:\/\/technofittings.com\/de\/wp-json\/wp\/v2\/product"}],"about":[{"href":"https:\/\/technofittings.com\/de\/wp-json\/wp\/v2\/types\/product"}],"wp:featuredmedia":[{"embeddable":true,"href":"https:\/\/technofittings.com\/de\/wp-json\/wp\/v2\/media\/1729"}],"wp:attachment":[{"href":"https:\/\/technofittings.com\/de\/wp-json\/wp\/v2\/media?parent=1728"}],"wp:term":[{"taxonomy":"product_brand","embeddable":true,"href":"https:\/\/technofittings.com\/de\/wp-json\/wp\/v2\/product_brand?post=1728"},{"taxonomy":"product_cat","embeddable":true,"href":"https:\/\/technofittings.com\/de\/wp-json\/wp\/v2\/product_cat?post=1728"},{"taxonomy":"product_tag","embeddable":true,"href":"https:\/\/technofittings.com\/de\/wp-json\/wp\/v2\/product_tag?post=1728"}],"curies":[{"name":"wp","href":"https:\/\/api.w.org\/{rel}","templated":true}]}}