{"id":1706,"date":"2021-03-16T10:18:00","date_gmt":"2021-03-16T09:18:00","guid":{"rendered":"https:\/\/technofittings.com\/?post_type=product&#038;p=1706"},"modified":"2021-03-16T10:18:00","modified_gmt":"2021-03-16T09:18:00","slug":"sec-n100-serie-digitaler-massenflussregler","status":"publish","type":"product","link":"https:\/\/technofittings.com\/de\/prodotto\/sec-n100-serie-digitaler-massenflussregler\/","title":{"rendered":"SEC-N100 Serie | Digitaler Massenflussregler"},"content":{"rendered":"","protected":false},"excerpt":{"rendered":"<p>Die SEC-N100-Serie eignet sich f\u00fcr eine Vielzahl von Branchen und Anwendungen. Dieser Massendurchflussregler kann einen weiten Bereich von Durchfl\u00fcssen steuern: von 10 SCCM bis 1000 SLM. F\u00fcr die SEC-N100-Serie stehen auch verschiedene Arten der Kommunikation zur Verf\u00fcgung, z. B. Digital \/ Analog, DeviceNet \u2122, CC-Link\u00ae, PROFIBUS \u2122 und EtherCAT\u00ae. Die SEC-N100-Serie bietet eine hohe Genauigkeit (+\/- 1,0% S.P. * 1) und ein schnelles Ansprechverhalten. Dieser Massendurchflussregler verf\u00fcgt au\u00dferdem \u00fcber eine Multi-Gas- \/ Multi-Range-Funktion, die die Kostensenkungsm\u00f6glichkeiten in Ihrem Prozess hervorhebt.<\/p>\n<p><a href=\"https:\/\/technofittings.com\/wp\/wp-content\/uploads\/2019\/05\/SECF-N100-new-brochure.pdf\" target=\"_blank\" rel=\"noopener noreferrer\"><img loading=\"lazy\" decoding=\"async\" class=\"alignnone wp-image-1784 size-medium\" src=\"https:\/\/technofittings.com\/wp\/wp-content\/uploads\/pdf.png\" alt=\"\" width=\"24\" height=\"29\" \/>\u00a0Scarica Datasheet<\/a><\/p>\n","protected":false},"featured_media":1707,"template":"","meta":{"_acf_changed":false,"_monsterinsights_skip_tracking":false,"_monsterinsights_sitenote_active":false,"_monsterinsights_sitenote_note":"","_monsterinsights_sitenote_category":0},"product_brand":[],"product_cat":[89,87],"product_tag":[],"class_list":{"0":"post-1706","1":"product","2":"type-product","3":"status-publish","4":"has-post-thumbnail","6":"product_cat-digital-de","7":"product_cat-messgerate-mass-flow-controller","9":"first","10":"instock","11":"taxable","12":"shipping-taxable","13":"purchasable","14":"product-type-simple"},"acf":[],"yoast_head":"<!-- This site is optimized with the Yoast SEO plugin v26.9 - https:\/\/yoast.com\/product\/yoast-seo-wordpress\/ -->\n<title>SEC-N100 Serie | Digitaler Massenflussregler - Techno Fittings<\/title>\n<meta name=\"robots\" content=\"index, follow, max-snippet:-1, max-image-preview:large, max-video-preview:-1\" \/>\n<link rel=\"canonical\" href=\"https:\/\/technofittings.com\/de\/prodotto\/sec-n100-serie-digitaler-massenflussregler\/\" \/>\n<meta property=\"og:locale\" content=\"de_DE\" \/>\n<meta property=\"og:type\" content=\"article\" \/>\n<meta property=\"og:title\" content=\"SEC-N100 Serie | Digitaler Massenflussregler - Techno Fittings\" \/>\n<meta property=\"og:description\" content=\"Die SEC-N100-Serie eignet sich f\u00fcr eine Vielzahl von Branchen und Anwendungen. Dieser Massendurchflussregler kann einen weiten Bereich von Durchfl\u00fcssen steuern: von 10 SCCM bis 1000 SLM. F\u00fcr die SEC-N100-Serie stehen auch verschiedene Arten der Kommunikation zur Verf\u00fcgung, z. B. Digital \/ Analog, DeviceNet \u2122, CC-Link\u00ae, PROFIBUS \u2122 und EtherCAT\u00ae. Die SEC-N100-Serie bietet eine hohe Genauigkeit (+\/- 1,0% S.P. * 1) und ein schnelles Ansprechverhalten. Dieser Massendurchflussregler verf\u00fcgt au\u00dferdem \u00fcber eine Multi-Gas- \/ Multi-Range-Funktion, die die Kostensenkungsm\u00f6glichkeiten in Ihrem Prozess hervorhebt.  \u00a0Scarica Datasheet\" \/>\n<meta property=\"og:url\" content=\"https:\/\/technofittings.com\/de\/prodotto\/sec-n100-serie-digitaler-massenflussregler\/\" \/>\n<meta property=\"og:site_name\" content=\"Techno Fittings\" \/>\n<meta property=\"og:image\" content=\"https:\/\/technofittings.com\/wp\/wp-content\/uploads\/2019\/05\/sec_n100.jpg\" \/>\n\t<meta property=\"og:image:width\" content=\"219\" \/>\n\t<meta property=\"og:image:height\" content=\"320\" \/>\n\t<meta property=\"og:image:type\" content=\"image\/jpeg\" \/>\n<meta name=\"twitter:card\" content=\"summary_large_image\" \/>\n<script type=\"application\/ld+json\" class=\"yoast-schema-graph\">{\"@context\":\"https:\/\/schema.org\",\"@graph\":[{\"@type\":\"WebPage\",\"@id\":\"https:\/\/technofittings.com\/de\/prodotto\/sec-n100-serie-digitaler-massenflussregler\/\",\"url\":\"https:\/\/technofittings.com\/de\/prodotto\/sec-n100-serie-digitaler-massenflussregler\/\",\"name\":\"SEC-N100 Serie | Digitaler Massenflussregler - Techno Fittings\",\"isPartOf\":{\"@id\":\"https:\/\/technofittings.com\/#website\"},\"primaryImageOfPage\":{\"@id\":\"https:\/\/technofittings.com\/de\/prodotto\/sec-n100-serie-digitaler-massenflussregler\/#primaryimage\"},\"image\":{\"@id\":\"https:\/\/technofittings.com\/de\/prodotto\/sec-n100-serie-digitaler-massenflussregler\/#primaryimage\"},\"thumbnailUrl\":\"https:\/\/technofittings.com\/wp\/wp-content\/uploads\/2019\/05\/sec_n100.jpg\",\"datePublished\":\"2021-03-16T09:18:00+00:00\",\"breadcrumb\":{\"@id\":\"https:\/\/technofittings.com\/de\/prodotto\/sec-n100-serie-digitaler-massenflussregler\/#breadcrumb\"},\"inLanguage\":\"de-DE\",\"potentialAction\":[{\"@type\":\"ReadAction\",\"target\":[\"https:\/\/technofittings.com\/de\/prodotto\/sec-n100-serie-digitaler-massenflussregler\/\"]}]},{\"@type\":\"ImageObject\",\"inLanguage\":\"de-DE\",\"@id\":\"https:\/\/technofittings.com\/de\/prodotto\/sec-n100-serie-digitaler-massenflussregler\/#primaryimage\",\"url\":\"https:\/\/technofittings.com\/wp\/wp-content\/uploads\/2019\/05\/sec_n100.jpg\",\"contentUrl\":\"https:\/\/technofittings.com\/wp\/wp-content\/uploads\/2019\/05\/sec_n100.jpg\",\"width\":219,\"height\":320},{\"@type\":\"BreadcrumbList\",\"@id\":\"https:\/\/technofittings.com\/de\/prodotto\/sec-n100-serie-digitaler-massenflussregler\/#breadcrumb\",\"itemListElement\":[{\"@type\":\"ListItem\",\"position\":1,\"name\":\"Home\",\"item\":\"https:\/\/technofittings.com\/de\/\"},{\"@type\":\"ListItem\",\"position\":2,\"name\":\"Shop\",\"item\":\"https:\/\/technofittings.com\/en\/shop\/\"},{\"@type\":\"ListItem\",\"position\":3,\"name\":\"SEC-N100 Serie | Digitaler Massenflussregler\"}]},{\"@type\":\"WebSite\",\"@id\":\"https:\/\/technofittings.com\/#website\",\"url\":\"https:\/\/technofittings.com\/\",\"name\":\"Techno Fittings\",\"description\":\"Prodotti e Servizi per l&#039;Industria e la Ricerca Scientifica\",\"publisher\":{\"@id\":\"https:\/\/technofittings.com\/#organization\"},\"potentialAction\":[{\"@type\":\"SearchAction\",\"target\":{\"@type\":\"EntryPoint\",\"urlTemplate\":\"https:\/\/technofittings.com\/?s={search_term_string}\"},\"query-input\":{\"@type\":\"PropertyValueSpecification\",\"valueRequired\":true,\"valueName\":\"search_term_string\"}}],\"inLanguage\":\"de-DE\"},{\"@type\":\"Organization\",\"@id\":\"https:\/\/technofittings.com\/#organization\",\"name\":\"Techno Fittings S.r.l.\",\"url\":\"https:\/\/technofittings.com\/\",\"logo\":{\"@type\":\"ImageObject\",\"inLanguage\":\"de-DE\",\"@id\":\"https:\/\/technofittings.com\/#\/schema\/logo\/image\/\",\"url\":\"https:\/\/technofittings.com\/wp\/wp-content\/uploads\/2020\/01\/cropped-ico.png\",\"contentUrl\":\"https:\/\/technofittings.com\/wp\/wp-content\/uploads\/2020\/01\/cropped-ico.png\",\"width\":512,\"height\":512,\"caption\":\"Techno Fittings S.r.l.\"},\"image\":{\"@id\":\"https:\/\/technofittings.com\/#\/schema\/logo\/image\/\"}}]}<\/script>\n<!-- \/ Yoast SEO plugin. -->","yoast_head_json":{"title":"SEC-N100 Serie | Digitaler Massenflussregler - Techno Fittings","robots":{"index":"index","follow":"follow","max-snippet":"max-snippet:-1","max-image-preview":"max-image-preview:large","max-video-preview":"max-video-preview:-1"},"canonical":"https:\/\/technofittings.com\/de\/prodotto\/sec-n100-serie-digitaler-massenflussregler\/","og_locale":"de_DE","og_type":"article","og_title":"SEC-N100 Serie | Digitaler Massenflussregler - Techno Fittings","og_description":"Die SEC-N100-Serie eignet sich f\u00fcr eine Vielzahl von Branchen und Anwendungen. Dieser Massendurchflussregler kann einen weiten Bereich von Durchfl\u00fcssen steuern: von 10 SCCM bis 1000 SLM. F\u00fcr die SEC-N100-Serie stehen auch verschiedene Arten der Kommunikation zur Verf\u00fcgung, z. B. Digital \/ Analog, DeviceNet \u2122, CC-Link\u00ae, PROFIBUS \u2122 und EtherCAT\u00ae. Die SEC-N100-Serie bietet eine hohe Genauigkeit (+\/- 1,0% S.P. * 1) und ein schnelles Ansprechverhalten. Dieser Massendurchflussregler verf\u00fcgt au\u00dferdem \u00fcber eine Multi-Gas- \/ Multi-Range-Funktion, die die Kostensenkungsm\u00f6glichkeiten in Ihrem Prozess hervorhebt.  \u00a0Scarica Datasheet","og_url":"https:\/\/technofittings.com\/de\/prodotto\/sec-n100-serie-digitaler-massenflussregler\/","og_site_name":"Techno Fittings","og_image":[{"width":219,"height":320,"url":"https:\/\/technofittings.com\/wp\/wp-content\/uploads\/2019\/05\/sec_n100.jpg","type":"image\/jpeg"}],"twitter_card":"summary_large_image","schema":{"@context":"https:\/\/schema.org","@graph":[{"@type":"WebPage","@id":"https:\/\/technofittings.com\/de\/prodotto\/sec-n100-serie-digitaler-massenflussregler\/","url":"https:\/\/technofittings.com\/de\/prodotto\/sec-n100-serie-digitaler-massenflussregler\/","name":"SEC-N100 Serie | Digitaler Massenflussregler - Techno Fittings","isPartOf":{"@id":"https:\/\/technofittings.com\/#website"},"primaryImageOfPage":{"@id":"https:\/\/technofittings.com\/de\/prodotto\/sec-n100-serie-digitaler-massenflussregler\/#primaryimage"},"image":{"@id":"https:\/\/technofittings.com\/de\/prodotto\/sec-n100-serie-digitaler-massenflussregler\/#primaryimage"},"thumbnailUrl":"https:\/\/technofittings.com\/wp\/wp-content\/uploads\/2019\/05\/sec_n100.jpg","datePublished":"2021-03-16T09:18:00+00:00","breadcrumb":{"@id":"https:\/\/technofittings.com\/de\/prodotto\/sec-n100-serie-digitaler-massenflussregler\/#breadcrumb"},"inLanguage":"de-DE","potentialAction":[{"@type":"ReadAction","target":["https:\/\/technofittings.com\/de\/prodotto\/sec-n100-serie-digitaler-massenflussregler\/"]}]},{"@type":"ImageObject","inLanguage":"de-DE","@id":"https:\/\/technofittings.com\/de\/prodotto\/sec-n100-serie-digitaler-massenflussregler\/#primaryimage","url":"https:\/\/technofittings.com\/wp\/wp-content\/uploads\/2019\/05\/sec_n100.jpg","contentUrl":"https:\/\/technofittings.com\/wp\/wp-content\/uploads\/2019\/05\/sec_n100.jpg","width":219,"height":320},{"@type":"BreadcrumbList","@id":"https:\/\/technofittings.com\/de\/prodotto\/sec-n100-serie-digitaler-massenflussregler\/#breadcrumb","itemListElement":[{"@type":"ListItem","position":1,"name":"Home","item":"https:\/\/technofittings.com\/de\/"},{"@type":"ListItem","position":2,"name":"Shop","item":"https:\/\/technofittings.com\/en\/shop\/"},{"@type":"ListItem","position":3,"name":"SEC-N100 Serie | Digitaler Massenflussregler"}]},{"@type":"WebSite","@id":"https:\/\/technofittings.com\/#website","url":"https:\/\/technofittings.com\/","name":"Techno Fittings","description":"Prodotti e Servizi per l&#039;Industria e la Ricerca Scientifica","publisher":{"@id":"https:\/\/technofittings.com\/#organization"},"potentialAction":[{"@type":"SearchAction","target":{"@type":"EntryPoint","urlTemplate":"https:\/\/technofittings.com\/?s={search_term_string}"},"query-input":{"@type":"PropertyValueSpecification","valueRequired":true,"valueName":"search_term_string"}}],"inLanguage":"de-DE"},{"@type":"Organization","@id":"https:\/\/technofittings.com\/#organization","name":"Techno Fittings S.r.l.","url":"https:\/\/technofittings.com\/","logo":{"@type":"ImageObject","inLanguage":"de-DE","@id":"https:\/\/technofittings.com\/#\/schema\/logo\/image\/","url":"https:\/\/technofittings.com\/wp\/wp-content\/uploads\/2020\/01\/cropped-ico.png","contentUrl":"https:\/\/technofittings.com\/wp\/wp-content\/uploads\/2020\/01\/cropped-ico.png","width":512,"height":512,"caption":"Techno Fittings S.r.l."},"image":{"@id":"https:\/\/technofittings.com\/#\/schema\/logo\/image\/"}}]}},"_links":{"self":[{"href":"https:\/\/technofittings.com\/de\/wp-json\/wp\/v2\/product\/1706","targetHints":{"allow":["GET"]}}],"collection":[{"href":"https:\/\/technofittings.com\/de\/wp-json\/wp\/v2\/product"}],"about":[{"href":"https:\/\/technofittings.com\/de\/wp-json\/wp\/v2\/types\/product"}],"wp:featuredmedia":[{"embeddable":true,"href":"https:\/\/technofittings.com\/de\/wp-json\/wp\/v2\/media\/1707"}],"wp:attachment":[{"href":"https:\/\/technofittings.com\/de\/wp-json\/wp\/v2\/media?parent=1706"}],"wp:term":[{"taxonomy":"product_brand","embeddable":true,"href":"https:\/\/technofittings.com\/de\/wp-json\/wp\/v2\/product_brand?post=1706"},{"taxonomy":"product_cat","embeddable":true,"href":"https:\/\/technofittings.com\/de\/wp-json\/wp\/v2\/product_cat?post=1706"},{"taxonomy":"product_tag","embeddable":true,"href":"https:\/\/technofittings.com\/de\/wp-json\/wp\/v2\/product_tag?post=1706"}],"curies":[{"name":"wp","href":"https:\/\/api.w.org\/{rel}","templated":true}]}}