{"id":1699,"date":"2021-03-16T10:04:46","date_gmt":"2021-03-16T09:04:46","guid":{"rendered":"https:\/\/technofittings.com\/?post_type=product&#038;p=1699"},"modified":"2021-03-16T10:04:46","modified_gmt":"2021-03-16T09:04:46","slug":"lf-f-lv-f-serie-digitale-massenflussregler-fuer-fluessigkeiten","status":"publish","type":"product","link":"https:\/\/technofittings.com\/de\/prodotto\/lf-f-lv-f-serie-digitale-massenflussregler-fuer-fluessigkeiten\/","title":{"rendered":"LF-F\/LV-F Serie | Digitale Massenflussregler f\u00fcr Fl\u00fcssigkeiten"},"content":{"rendered":"","protected":false},"excerpt":{"rendered":"<p>LF-F und LV-F Serie sind digitale\u00a0Massenflussregler f\u00fcr Fl\u00fcssigkeiten mit einem Peltier Element, das die\u00a0Fl\u00fcssigkeit abk\u00fchlt anstatt die \u00fcblichere Methode der thermischen Erw\u00e4rmung zu verwenden. Diese Technik eliminiert das Risiko von siedenden Chemikalien mit niedrigem Siedepunkt und erm\u00f6glicht so eine bessere Kontrolle der Chemikalien.<\/p>\n<p><a href=\"https:\/\/technofittings.com\/wp\/wp-content\/uploads\/2019\/05\/LF-F-LV-F-series-Brochure_201506.pdf\" target=\"_blank\" rel=\"noopener noreferrer\"><img loading=\"lazy\" decoding=\"async\" class=\"alignnone wp-image-1784 size-medium\" src=\"https:\/\/technofittings.com\/wp\/wp-content\/uploads\/pdf.png\" alt=\"\" width=\"24\" height=\"29\" \/>\u00a0Scarica Datasheet<\/a><\/p>\n","protected":false},"featured_media":1701,"template":"","meta":{"_acf_changed":false,"_monsterinsights_skip_tracking":false,"_monsterinsights_sitenote_active":false,"_monsterinsights_sitenote_note":"","_monsterinsights_sitenote_category":0},"product_brand":[],"product_cat":[89,87],"product_tag":[],"class_list":{"0":"post-1699","1":"product","2":"type-product","3":"status-publish","4":"has-post-thumbnail","6":"product_cat-digital-de","7":"product_cat-messgerate-mass-flow-controller","9":"first","10":"instock","11":"taxable","12":"shipping-taxable","13":"purchasable","14":"product-type-simple"},"acf":[],"yoast_head":"<!-- This site is optimized with the Yoast SEO plugin v26.9 - https:\/\/yoast.com\/product\/yoast-seo-wordpress\/ -->\n<title>LF-F\/LV-F Serie | Digitale Massenflussregler f\u00fcr Fl\u00fcssigkeiten - Techno Fittings<\/title>\n<meta name=\"robots\" content=\"index, follow, max-snippet:-1, max-image-preview:large, max-video-preview:-1\" \/>\n<link rel=\"canonical\" href=\"https:\/\/technofittings.com\/de\/prodotto\/lf-f-lv-f-serie-digitale-massenflussregler-fuer-fluessigkeiten\/\" \/>\n<meta property=\"og:locale\" content=\"de_DE\" \/>\n<meta property=\"og:type\" content=\"article\" \/>\n<meta property=\"og:title\" content=\"LF-F\/LV-F Serie | Digitale Massenflussregler f\u00fcr Fl\u00fcssigkeiten - Techno Fittings\" \/>\n<meta property=\"og:description\" content=\"LF-F und LV-F Serie sind digitale\u00a0Massenflussregler f\u00fcr Fl\u00fcssigkeiten mit einem Peltier Element, das die\u00a0Fl\u00fcssigkeit abk\u00fchlt anstatt die \u00fcblichere Methode der thermischen Erw\u00e4rmung zu verwenden. Diese Technik eliminiert das Risiko von siedenden Chemikalien mit niedrigem Siedepunkt und erm\u00f6glicht so eine bessere Kontrolle der Chemikalien.  \u00a0Scarica Datasheet\" \/>\n<meta property=\"og:url\" content=\"https:\/\/technofittings.com\/de\/prodotto\/lf-f-lv-f-serie-digitale-massenflussregler-fuer-fluessigkeiten\/\" \/>\n<meta property=\"og:site_name\" content=\"Techno Fittings\" \/>\n<meta property=\"og:image\" content=\"https:\/\/technofittings.com\/wp\/wp-content\/uploads\/2019\/05\/LF_LV.jpg\" \/>\n\t<meta property=\"og:image:width\" content=\"353\" \/>\n\t<meta property=\"og:image:height\" content=\"258\" \/>\n\t<meta property=\"og:image:type\" content=\"image\/jpeg\" \/>\n<meta name=\"twitter:card\" content=\"summary_large_image\" \/>\n<script type=\"application\/ld+json\" class=\"yoast-schema-graph\">{\"@context\":\"https:\/\/schema.org\",\"@graph\":[{\"@type\":\"WebPage\",\"@id\":\"https:\/\/technofittings.com\/de\/prodotto\/lf-f-lv-f-serie-digitale-massenflussregler-fuer-fluessigkeiten\/\",\"url\":\"https:\/\/technofittings.com\/de\/prodotto\/lf-f-lv-f-serie-digitale-massenflussregler-fuer-fluessigkeiten\/\",\"name\":\"LF-F\/LV-F Serie | Digitale Massenflussregler f\u00fcr Fl\u00fcssigkeiten - Techno Fittings\",\"isPartOf\":{\"@id\":\"https:\/\/technofittings.com\/#website\"},\"primaryImageOfPage\":{\"@id\":\"https:\/\/technofittings.com\/de\/prodotto\/lf-f-lv-f-serie-digitale-massenflussregler-fuer-fluessigkeiten\/#primaryimage\"},\"image\":{\"@id\":\"https:\/\/technofittings.com\/de\/prodotto\/lf-f-lv-f-serie-digitale-massenflussregler-fuer-fluessigkeiten\/#primaryimage\"},\"thumbnailUrl\":\"https:\/\/technofittings.com\/wp\/wp-content\/uploads\/2019\/05\/LF_LV.jpg\",\"datePublished\":\"2021-03-16T09:04:46+00:00\",\"breadcrumb\":{\"@id\":\"https:\/\/technofittings.com\/de\/prodotto\/lf-f-lv-f-serie-digitale-massenflussregler-fuer-fluessigkeiten\/#breadcrumb\"},\"inLanguage\":\"de-DE\",\"potentialAction\":[{\"@type\":\"ReadAction\",\"target\":[\"https:\/\/technofittings.com\/de\/prodotto\/lf-f-lv-f-serie-digitale-massenflussregler-fuer-fluessigkeiten\/\"]}]},{\"@type\":\"ImageObject\",\"inLanguage\":\"de-DE\",\"@id\":\"https:\/\/technofittings.com\/de\/prodotto\/lf-f-lv-f-serie-digitale-massenflussregler-fuer-fluessigkeiten\/#primaryimage\",\"url\":\"https:\/\/technofittings.com\/wp\/wp-content\/uploads\/2019\/05\/LF_LV.jpg\",\"contentUrl\":\"https:\/\/technofittings.com\/wp\/wp-content\/uploads\/2019\/05\/LF_LV.jpg\",\"width\":353,\"height\":258},{\"@type\":\"BreadcrumbList\",\"@id\":\"https:\/\/technofittings.com\/de\/prodotto\/lf-f-lv-f-serie-digitale-massenflussregler-fuer-fluessigkeiten\/#breadcrumb\",\"itemListElement\":[{\"@type\":\"ListItem\",\"position\":1,\"name\":\"Home\",\"item\":\"https:\/\/technofittings.com\/de\/\"},{\"@type\":\"ListItem\",\"position\":2,\"name\":\"Shop\",\"item\":\"https:\/\/technofittings.com\/en\/shop\/\"},{\"@type\":\"ListItem\",\"position\":3,\"name\":\"LF-F\/LV-F Serie | Digitale Massenflussregler f\u00fcr Fl\u00fcssigkeiten\"}]},{\"@type\":\"WebSite\",\"@id\":\"https:\/\/technofittings.com\/#website\",\"url\":\"https:\/\/technofittings.com\/\",\"name\":\"Techno Fittings\",\"description\":\"Prodotti e Servizi per l&#039;Industria e la Ricerca Scientifica\",\"publisher\":{\"@id\":\"https:\/\/technofittings.com\/#organization\"},\"potentialAction\":[{\"@type\":\"SearchAction\",\"target\":{\"@type\":\"EntryPoint\",\"urlTemplate\":\"https:\/\/technofittings.com\/?s={search_term_string}\"},\"query-input\":{\"@type\":\"PropertyValueSpecification\",\"valueRequired\":true,\"valueName\":\"search_term_string\"}}],\"inLanguage\":\"de-DE\"},{\"@type\":\"Organization\",\"@id\":\"https:\/\/technofittings.com\/#organization\",\"name\":\"Techno Fittings S.r.l.\",\"url\":\"https:\/\/technofittings.com\/\",\"logo\":{\"@type\":\"ImageObject\",\"inLanguage\":\"de-DE\",\"@id\":\"https:\/\/technofittings.com\/#\/schema\/logo\/image\/\",\"url\":\"https:\/\/technofittings.com\/wp\/wp-content\/uploads\/2020\/01\/cropped-ico.png\",\"contentUrl\":\"https:\/\/technofittings.com\/wp\/wp-content\/uploads\/2020\/01\/cropped-ico.png\",\"width\":512,\"height\":512,\"caption\":\"Techno Fittings S.r.l.\"},\"image\":{\"@id\":\"https:\/\/technofittings.com\/#\/schema\/logo\/image\/\"}}]}<\/script>\n<!-- \/ Yoast SEO plugin. -->","yoast_head_json":{"title":"LF-F\/LV-F Serie | Digitale Massenflussregler f\u00fcr Fl\u00fcssigkeiten - Techno Fittings","robots":{"index":"index","follow":"follow","max-snippet":"max-snippet:-1","max-image-preview":"max-image-preview:large","max-video-preview":"max-video-preview:-1"},"canonical":"https:\/\/technofittings.com\/de\/prodotto\/lf-f-lv-f-serie-digitale-massenflussregler-fuer-fluessigkeiten\/","og_locale":"de_DE","og_type":"article","og_title":"LF-F\/LV-F Serie | Digitale Massenflussregler f\u00fcr Fl\u00fcssigkeiten - Techno Fittings","og_description":"LF-F und LV-F Serie sind digitale\u00a0Massenflussregler f\u00fcr Fl\u00fcssigkeiten mit einem Peltier Element, das die\u00a0Fl\u00fcssigkeit abk\u00fchlt anstatt die \u00fcblichere Methode der thermischen Erw\u00e4rmung zu verwenden. Diese Technik eliminiert das Risiko von siedenden Chemikalien mit niedrigem Siedepunkt und erm\u00f6glicht so eine bessere Kontrolle der Chemikalien.  \u00a0Scarica Datasheet","og_url":"https:\/\/technofittings.com\/de\/prodotto\/lf-f-lv-f-serie-digitale-massenflussregler-fuer-fluessigkeiten\/","og_site_name":"Techno Fittings","og_image":[{"width":353,"height":258,"url":"https:\/\/technofittings.com\/wp\/wp-content\/uploads\/2019\/05\/LF_LV.jpg","type":"image\/jpeg"}],"twitter_card":"summary_large_image","schema":{"@context":"https:\/\/schema.org","@graph":[{"@type":"WebPage","@id":"https:\/\/technofittings.com\/de\/prodotto\/lf-f-lv-f-serie-digitale-massenflussregler-fuer-fluessigkeiten\/","url":"https:\/\/technofittings.com\/de\/prodotto\/lf-f-lv-f-serie-digitale-massenflussregler-fuer-fluessigkeiten\/","name":"LF-F\/LV-F Serie | Digitale Massenflussregler f\u00fcr Fl\u00fcssigkeiten - Techno Fittings","isPartOf":{"@id":"https:\/\/technofittings.com\/#website"},"primaryImageOfPage":{"@id":"https:\/\/technofittings.com\/de\/prodotto\/lf-f-lv-f-serie-digitale-massenflussregler-fuer-fluessigkeiten\/#primaryimage"},"image":{"@id":"https:\/\/technofittings.com\/de\/prodotto\/lf-f-lv-f-serie-digitale-massenflussregler-fuer-fluessigkeiten\/#primaryimage"},"thumbnailUrl":"https:\/\/technofittings.com\/wp\/wp-content\/uploads\/2019\/05\/LF_LV.jpg","datePublished":"2021-03-16T09:04:46+00:00","breadcrumb":{"@id":"https:\/\/technofittings.com\/de\/prodotto\/lf-f-lv-f-serie-digitale-massenflussregler-fuer-fluessigkeiten\/#breadcrumb"},"inLanguage":"de-DE","potentialAction":[{"@type":"ReadAction","target":["https:\/\/technofittings.com\/de\/prodotto\/lf-f-lv-f-serie-digitale-massenflussregler-fuer-fluessigkeiten\/"]}]},{"@type":"ImageObject","inLanguage":"de-DE","@id":"https:\/\/technofittings.com\/de\/prodotto\/lf-f-lv-f-serie-digitale-massenflussregler-fuer-fluessigkeiten\/#primaryimage","url":"https:\/\/technofittings.com\/wp\/wp-content\/uploads\/2019\/05\/LF_LV.jpg","contentUrl":"https:\/\/technofittings.com\/wp\/wp-content\/uploads\/2019\/05\/LF_LV.jpg","width":353,"height":258},{"@type":"BreadcrumbList","@id":"https:\/\/technofittings.com\/de\/prodotto\/lf-f-lv-f-serie-digitale-massenflussregler-fuer-fluessigkeiten\/#breadcrumb","itemListElement":[{"@type":"ListItem","position":1,"name":"Home","item":"https:\/\/technofittings.com\/de\/"},{"@type":"ListItem","position":2,"name":"Shop","item":"https:\/\/technofittings.com\/en\/shop\/"},{"@type":"ListItem","position":3,"name":"LF-F\/LV-F Serie | Digitale Massenflussregler f\u00fcr Fl\u00fcssigkeiten"}]},{"@type":"WebSite","@id":"https:\/\/technofittings.com\/#website","url":"https:\/\/technofittings.com\/","name":"Techno Fittings","description":"Prodotti e Servizi per l&#039;Industria e la Ricerca Scientifica","publisher":{"@id":"https:\/\/technofittings.com\/#organization"},"potentialAction":[{"@type":"SearchAction","target":{"@type":"EntryPoint","urlTemplate":"https:\/\/technofittings.com\/?s={search_term_string}"},"query-input":{"@type":"PropertyValueSpecification","valueRequired":true,"valueName":"search_term_string"}}],"inLanguage":"de-DE"},{"@type":"Organization","@id":"https:\/\/technofittings.com\/#organization","name":"Techno Fittings S.r.l.","url":"https:\/\/technofittings.com\/","logo":{"@type":"ImageObject","inLanguage":"de-DE","@id":"https:\/\/technofittings.com\/#\/schema\/logo\/image\/","url":"https:\/\/technofittings.com\/wp\/wp-content\/uploads\/2020\/01\/cropped-ico.png","contentUrl":"https:\/\/technofittings.com\/wp\/wp-content\/uploads\/2020\/01\/cropped-ico.png","width":512,"height":512,"caption":"Techno Fittings S.r.l."},"image":{"@id":"https:\/\/technofittings.com\/#\/schema\/logo\/image\/"}}]}},"_links":{"self":[{"href":"https:\/\/technofittings.com\/de\/wp-json\/wp\/v2\/product\/1699","targetHints":{"allow":["GET"]}}],"collection":[{"href":"https:\/\/technofittings.com\/de\/wp-json\/wp\/v2\/product"}],"about":[{"href":"https:\/\/technofittings.com\/de\/wp-json\/wp\/v2\/types\/product"}],"wp:featuredmedia":[{"embeddable":true,"href":"https:\/\/technofittings.com\/de\/wp-json\/wp\/v2\/media\/1701"}],"wp:attachment":[{"href":"https:\/\/technofittings.com\/de\/wp-json\/wp\/v2\/media?parent=1699"}],"wp:term":[{"taxonomy":"product_brand","embeddable":true,"href":"https:\/\/technofittings.com\/de\/wp-json\/wp\/v2\/product_brand?post=1699"},{"taxonomy":"product_cat","embeddable":true,"href":"https:\/\/technofittings.com\/de\/wp-json\/wp\/v2\/product_cat?post=1699"},{"taxonomy":"product_tag","embeddable":true,"href":"https:\/\/technofittings.com\/de\/wp-json\/wp\/v2\/product_tag?post=1699"}],"curies":[{"name":"wp","href":"https:\/\/api.w.org\/{rel}","templated":true}]}}