{"id":1438,"date":"2021-01-11T09:45:12","date_gmt":"2021-01-11T08:45:12","guid":{"rendered":"https:\/\/technofittings.com\/?post_type=product&#038;p=1438"},"modified":"2021-02-16T10:53:18","modified_gmt":"2021-02-16T09:53:18","slug":"4071210-5um-filter-kit","status":"publish","type":"product","link":"https:\/\/technofittings.com\/de\/prodotto\/4071210-5um-filter-kit\/","title":{"rendered":"4071210 &#8211; 5um Filter Kit"},"content":{"rendered":"","protected":false},"excerpt":{"rendered":"<p><strong>Produktnummer 4071210.<\/strong> Filter Kit f\u00fcr 5um Filter. Die Filter verhindern, da\u00df sch\u00e4dliches Material in die Luftleitung gelangt. Wir empfehlen den Filter nach 2000 Betriebstunden oder nach sechs Monate auszutauschen.\u00a0 In allen JUN-AIR Kompressoren verwendet.<\/p>\n<p>&nbsp;<\/p>\n","protected":false},"featured_media":768,"template":"","meta":{"_acf_changed":false,"_monsterinsights_skip_tracking":false,"_monsterinsights_sitenote_active":false,"_monsterinsights_sitenote_note":"","_monsterinsights_sitenote_category":0},"product_brand":[],"product_cat":[70,80],"product_tag":[],"class_list":{"0":"post-1438","1":"product","2":"type-product","3":"status-publish","4":"has-post-thumbnail","6":"product_cat-kompressoren-de","7":"product_cat-zubehor-ersatzteile","9":"first","10":"instock","11":"taxable","12":"shipping-taxable","13":"product-type-simple"},"acf":[],"yoast_head":"<!-- This site is optimized with the Yoast SEO plugin v26.9 - https:\/\/yoast.com\/product\/yoast-seo-wordpress\/ -->\n<title>4071210 - 5um Filter Kit - Techno Fittings<\/title>\n<meta name=\"robots\" content=\"index, follow, max-snippet:-1, max-image-preview:large, max-video-preview:-1\" \/>\n<link rel=\"canonical\" href=\"https:\/\/technofittings.com\/de\/prodotto\/4071210-5um-filter-kit\/\" \/>\n<meta property=\"og:locale\" content=\"de_DE\" \/>\n<meta property=\"og:type\" content=\"article\" \/>\n<meta property=\"og:title\" content=\"4071210 - 5um Filter Kit - Techno Fittings\" \/>\n<meta property=\"og:description\" content=\"Produktnummer 4071210. Filter Kit f\u00fcr 5um Filter. Die Filter verhindern, da\u00df sch\u00e4dliches Material in die Luftleitung gelangt. Wir empfehlen den Filter nach 2000 Betriebstunden oder nach sechs Monate auszutauschen.\u00a0 In allen JUN-AIR Kompressoren verwendet.  &nbsp;\" \/>\n<meta property=\"og:url\" content=\"https:\/\/technofittings.com\/de\/prodotto\/4071210-5um-filter-kit\/\" \/>\n<meta property=\"og:site_name\" content=\"Techno Fittings\" \/>\n<meta property=\"article:modified_time\" content=\"2021-02-16T09:53:18+00:00\" \/>\n<meta property=\"og:image\" content=\"https:\/\/technofittings.com\/wp\/wp-content\/uploads\/2020\/12\/51LfKhjAaAL._AC_UL640_QL65_.jpg\" \/>\n\t<meta property=\"og:image:width\" content=\"640\" \/>\n\t<meta property=\"og:image:height\" content=\"332\" \/>\n\t<meta property=\"og:image:type\" content=\"image\/jpeg\" \/>\n<meta name=\"twitter:card\" content=\"summary_large_image\" \/>\n<script type=\"application\/ld+json\" class=\"yoast-schema-graph\">{\"@context\":\"https:\/\/schema.org\",\"@graph\":[{\"@type\":\"WebPage\",\"@id\":\"https:\/\/technofittings.com\/de\/prodotto\/4071210-5um-filter-kit\/\",\"url\":\"https:\/\/technofittings.com\/de\/prodotto\/4071210-5um-filter-kit\/\",\"name\":\"4071210 - 5um Filter Kit - Techno Fittings\",\"isPartOf\":{\"@id\":\"https:\/\/technofittings.com\/#website\"},\"primaryImageOfPage\":{\"@id\":\"https:\/\/technofittings.com\/de\/prodotto\/4071210-5um-filter-kit\/#primaryimage\"},\"image\":{\"@id\":\"https:\/\/technofittings.com\/de\/prodotto\/4071210-5um-filter-kit\/#primaryimage\"},\"thumbnailUrl\":\"https:\/\/technofittings.com\/wp\/wp-content\/uploads\/2020\/12\/51LfKhjAaAL._AC_UL640_QL65_.jpg\",\"datePublished\":\"2021-01-11T08:45:12+00:00\",\"dateModified\":\"2021-02-16T09:53:18+00:00\",\"breadcrumb\":{\"@id\":\"https:\/\/technofittings.com\/de\/prodotto\/4071210-5um-filter-kit\/#breadcrumb\"},\"inLanguage\":\"de-DE\",\"potentialAction\":[{\"@type\":\"ReadAction\",\"target\":[\"https:\/\/technofittings.com\/de\/prodotto\/4071210-5um-filter-kit\/\"]}]},{\"@type\":\"ImageObject\",\"inLanguage\":\"de-DE\",\"@id\":\"https:\/\/technofittings.com\/de\/prodotto\/4071210-5um-filter-kit\/#primaryimage\",\"url\":\"https:\/\/technofittings.com\/wp\/wp-content\/uploads\/2020\/12\/51LfKhjAaAL._AC_UL640_QL65_.jpg\",\"contentUrl\":\"https:\/\/technofittings.com\/wp\/wp-content\/uploads\/2020\/12\/51LfKhjAaAL._AC_UL640_QL65_.jpg\",\"width\":640,\"height\":332},{\"@type\":\"BreadcrumbList\",\"@id\":\"https:\/\/technofittings.com\/de\/prodotto\/4071210-5um-filter-kit\/#breadcrumb\",\"itemListElement\":[{\"@type\":\"ListItem\",\"position\":1,\"name\":\"Home\",\"item\":\"https:\/\/technofittings.com\/de\/\"},{\"@type\":\"ListItem\",\"position\":2,\"name\":\"Shop\",\"item\":\"https:\/\/technofittings.com\/en\/shop\/\"},{\"@type\":\"ListItem\",\"position\":3,\"name\":\"4071210 &#8211; 5um Filter Kit\"}]},{\"@type\":\"WebSite\",\"@id\":\"https:\/\/technofittings.com\/#website\",\"url\":\"https:\/\/technofittings.com\/\",\"name\":\"Techno Fittings\",\"description\":\"Prodotti e Servizi per l&#039;Industria e la Ricerca Scientifica\",\"publisher\":{\"@id\":\"https:\/\/technofittings.com\/#organization\"},\"potentialAction\":[{\"@type\":\"SearchAction\",\"target\":{\"@type\":\"EntryPoint\",\"urlTemplate\":\"https:\/\/technofittings.com\/?s={search_term_string}\"},\"query-input\":{\"@type\":\"PropertyValueSpecification\",\"valueRequired\":true,\"valueName\":\"search_term_string\"}}],\"inLanguage\":\"de-DE\"},{\"@type\":\"Organization\",\"@id\":\"https:\/\/technofittings.com\/#organization\",\"name\":\"Techno Fittings S.r.l.\",\"url\":\"https:\/\/technofittings.com\/\",\"logo\":{\"@type\":\"ImageObject\",\"inLanguage\":\"de-DE\",\"@id\":\"https:\/\/technofittings.com\/#\/schema\/logo\/image\/\",\"url\":\"https:\/\/technofittings.com\/wp\/wp-content\/uploads\/2020\/01\/cropped-ico.png\",\"contentUrl\":\"https:\/\/technofittings.com\/wp\/wp-content\/uploads\/2020\/01\/cropped-ico.png\",\"width\":512,\"height\":512,\"caption\":\"Techno Fittings S.r.l.\"},\"image\":{\"@id\":\"https:\/\/technofittings.com\/#\/schema\/logo\/image\/\"}}]}<\/script>\n<!-- \/ Yoast SEO plugin. -->","yoast_head_json":{"title":"4071210 - 5um Filter Kit - Techno Fittings","robots":{"index":"index","follow":"follow","max-snippet":"max-snippet:-1","max-image-preview":"max-image-preview:large","max-video-preview":"max-video-preview:-1"},"canonical":"https:\/\/technofittings.com\/de\/prodotto\/4071210-5um-filter-kit\/","og_locale":"de_DE","og_type":"article","og_title":"4071210 - 5um Filter Kit - Techno Fittings","og_description":"Produktnummer 4071210. Filter Kit f\u00fcr 5um Filter. Die Filter verhindern, da\u00df sch\u00e4dliches Material in die Luftleitung gelangt. Wir empfehlen den Filter nach 2000 Betriebstunden oder nach sechs Monate auszutauschen.\u00a0 In allen JUN-AIR Kompressoren verwendet.  &nbsp;","og_url":"https:\/\/technofittings.com\/de\/prodotto\/4071210-5um-filter-kit\/","og_site_name":"Techno Fittings","article_modified_time":"2021-02-16T09:53:18+00:00","og_image":[{"width":640,"height":332,"url":"https:\/\/technofittings.com\/wp\/wp-content\/uploads\/2020\/12\/51LfKhjAaAL._AC_UL640_QL65_.jpg","type":"image\/jpeg"}],"twitter_card":"summary_large_image","schema":{"@context":"https:\/\/schema.org","@graph":[{"@type":"WebPage","@id":"https:\/\/technofittings.com\/de\/prodotto\/4071210-5um-filter-kit\/","url":"https:\/\/technofittings.com\/de\/prodotto\/4071210-5um-filter-kit\/","name":"4071210 - 5um Filter Kit - Techno Fittings","isPartOf":{"@id":"https:\/\/technofittings.com\/#website"},"primaryImageOfPage":{"@id":"https:\/\/technofittings.com\/de\/prodotto\/4071210-5um-filter-kit\/#primaryimage"},"image":{"@id":"https:\/\/technofittings.com\/de\/prodotto\/4071210-5um-filter-kit\/#primaryimage"},"thumbnailUrl":"https:\/\/technofittings.com\/wp\/wp-content\/uploads\/2020\/12\/51LfKhjAaAL._AC_UL640_QL65_.jpg","datePublished":"2021-01-11T08:45:12+00:00","dateModified":"2021-02-16T09:53:18+00:00","breadcrumb":{"@id":"https:\/\/technofittings.com\/de\/prodotto\/4071210-5um-filter-kit\/#breadcrumb"},"inLanguage":"de-DE","potentialAction":[{"@type":"ReadAction","target":["https:\/\/technofittings.com\/de\/prodotto\/4071210-5um-filter-kit\/"]}]},{"@type":"ImageObject","inLanguage":"de-DE","@id":"https:\/\/technofittings.com\/de\/prodotto\/4071210-5um-filter-kit\/#primaryimage","url":"https:\/\/technofittings.com\/wp\/wp-content\/uploads\/2020\/12\/51LfKhjAaAL._AC_UL640_QL65_.jpg","contentUrl":"https:\/\/technofittings.com\/wp\/wp-content\/uploads\/2020\/12\/51LfKhjAaAL._AC_UL640_QL65_.jpg","width":640,"height":332},{"@type":"BreadcrumbList","@id":"https:\/\/technofittings.com\/de\/prodotto\/4071210-5um-filter-kit\/#breadcrumb","itemListElement":[{"@type":"ListItem","position":1,"name":"Home","item":"https:\/\/technofittings.com\/de\/"},{"@type":"ListItem","position":2,"name":"Shop","item":"https:\/\/technofittings.com\/en\/shop\/"},{"@type":"ListItem","position":3,"name":"4071210 &#8211; 5um Filter Kit"}]},{"@type":"WebSite","@id":"https:\/\/technofittings.com\/#website","url":"https:\/\/technofittings.com\/","name":"Techno Fittings","description":"Prodotti e Servizi per l&#039;Industria e la Ricerca Scientifica","publisher":{"@id":"https:\/\/technofittings.com\/#organization"},"potentialAction":[{"@type":"SearchAction","target":{"@type":"EntryPoint","urlTemplate":"https:\/\/technofittings.com\/?s={search_term_string}"},"query-input":{"@type":"PropertyValueSpecification","valueRequired":true,"valueName":"search_term_string"}}],"inLanguage":"de-DE"},{"@type":"Organization","@id":"https:\/\/technofittings.com\/#organization","name":"Techno Fittings S.r.l.","url":"https:\/\/technofittings.com\/","logo":{"@type":"ImageObject","inLanguage":"de-DE","@id":"https:\/\/technofittings.com\/#\/schema\/logo\/image\/","url":"https:\/\/technofittings.com\/wp\/wp-content\/uploads\/2020\/01\/cropped-ico.png","contentUrl":"https:\/\/technofittings.com\/wp\/wp-content\/uploads\/2020\/01\/cropped-ico.png","width":512,"height":512,"caption":"Techno Fittings S.r.l."},"image":{"@id":"https:\/\/technofittings.com\/#\/schema\/logo\/image\/"}}]}},"_links":{"self":[{"href":"https:\/\/technofittings.com\/de\/wp-json\/wp\/v2\/product\/1438","targetHints":{"allow":["GET"]}}],"collection":[{"href":"https:\/\/technofittings.com\/de\/wp-json\/wp\/v2\/product"}],"about":[{"href":"https:\/\/technofittings.com\/de\/wp-json\/wp\/v2\/types\/product"}],"wp:featuredmedia":[{"embeddable":true,"href":"https:\/\/technofittings.com\/de\/wp-json\/wp\/v2\/media\/768"}],"wp:attachment":[{"href":"https:\/\/technofittings.com\/de\/wp-json\/wp\/v2\/media?parent=1438"}],"wp:term":[{"taxonomy":"product_brand","embeddable":true,"href":"https:\/\/technofittings.com\/de\/wp-json\/wp\/v2\/product_brand?post=1438"},{"taxonomy":"product_cat","embeddable":true,"href":"https:\/\/technofittings.com\/de\/wp-json\/wp\/v2\/product_cat?post=1438"},{"taxonomy":"product_tag","embeddable":true,"href":"https:\/\/technofittings.com\/de\/wp-json\/wp\/v2\/product_tag?post=1438"}],"curies":[{"name":"wp","href":"https:\/\/api.w.org\/{rel}","templated":true}]}}