{"id":1588,"date":"2020-01-31T23:15:00","date_gmt":"2020-01-31T22:15:00","guid":{"rendered":"https:\/\/technofittings.com\/?page_id=1588"},"modified":"2021-10-17T22:58:23","modified_gmt":"2021-10-17T20:58:23","slug":"zertifikate","status":"publish","type":"page","link":"https:\/\/technofittings.com\/de\/zertifikate\/","title":{"rendered":"Zertifikate"},"content":{"rendered":"<div class=\"wpb-content-wrapper\"><p>[vc_row full_width=&#8221;stretch_row_content&#8221; el_class=&#8221;header_int&#8221; css=&#8221;.vc_custom_1580508672511{background-image: url(https:\/\/technofittings.com\/wp\/wp-content\/uploads\/2020\/01\/CERTIFICAZIONI.jpg?id=413) !important;}&#8221;][vc_column][\/vc_column][\/vc_row][vc_row el_class=&#8221;int_tit_all&#8221;][vc_column][vc_column_text el_class=&#8221;int_tit&#8221;]Certificazioni[\/vc_column_text][\/vc_column][\/vc_row][vc_row][vc_column][vc_column_text]<strong>Die\u00a0Qualitat geh\u00f6rt\u00a0unserer Geschichte.<\/strong><\/p>\n<p>Wir sind fuehrend in der Branche, weil unser Ziel dasselbe in den Zeiten geblieben ist: <strong>die Qualitat unserer Produkte und Leistungen immer zu verbessern.\u00a0<\/strong><\/p>\n<p>Unsere Aktivitaten (Produkte Verteilung, Design und Produktion) respektieren <strong>die Umwelt<\/strong> und <strong>die Sicherheit :\u00a0wir arbeiten nach europaischen und weltweiten Richtlinien. <\/strong>Unsere schnelle Firmenorganisation bietet\u00a0Professionalit\u00e4t und Kompetenz, mit einem Problemlosungansatz an. Wir garantieren\u00a0Verl\u00e4sslichkeit und lange anhaltende Ergebnisse<\/p>\n<p>Seit 2006 ist Unser Qualitatsystem nach Iso 9001 zertifiziert.<\/p>\n<p><strong>Unsere Qualitat ist Eure beste Garantie.\u00a0<\/strong><\/p>\n<p style=\"text-align: center;\"><strong>Qualitatsrichtlinie<\/strong><\/p>\n<p>Das Management verpflichtet sich, eine Richtlinie zu erstellen, umzusetzen und aufrechtzuerhalten, die:<\/p>\n<ul>\n<li style=\"list-style-type: none;\">\n<ul>\n<li style=\"list-style-type: none;\">\n<ul>\n<li>den Zwecken und dem Kontext f\u00fcr die Unterst\u00fctzung der strategischen Leitlinien angemessen ist<\/li>\n<li>einen Rahmen f\u00fcr das Setzen von Zielen bietet<\/li>\n<li>die Verpflichtung zur Erf\u00fcllung der Anforderungen und zur kontinuierlichen Verbesserung des Qualit\u00e4tsmanagementsystems auch zur Leistungssteigerung mit Fokus auf die Kundenzufriedenheit beinhaltet.<\/li>\n<\/ul>\n<\/li>\n<\/ul>\n<\/li>\n<\/ul>\n<p>Der strategische Input, den die Unternehmensleitung vorgetragen hat, geht von folgendem Grundsatz aus: Der Begriff der Wettbewerbsf\u00e4higkeit muss mit der F\u00e4higkeit korreliert werden, alle Wettbewerbshebel des eigenen Gesch\u00e4ftsbereichs besser zu steuern. Dies bedeutet, dass Sie den Gesch\u00e4ftsbereich und die Gesch\u00e4ftsparameter des Unternehmens vorab identifiziert haben.<\/p>\n<p>F\u00fcr unser Unternehmen bedeutet Qualit\u00e4t, st\u00e4ndig auf allen Ebenen daran zu arbeiten, interne Gesch\u00e4ftsprozesse kontinuierlich zu verbessern, Dienstleistungen anzubieten und durchzuf\u00fchren, die den wachsenden und sich \u00e4ndernden Erwartungen unserer Kunden entsprechen.<\/p>\n<p>Die Unternehmensleitung strebt hierf\u00fcr ein modernes Qualit\u00e4tsmanagement durch eine ad\u00e4quate Organisationsstruktur und eine optimale Ressourcenorganisation an; dies, um die Zufriedenheit seiner Kunden zu erreichen und eine effektive Zusammenarbeit mit ihnen und mit Lieferanten aufzubauen, um durch die Integration unterschiedlicher F\u00e4higkeiten maximale Effizienz zu erreichen.<\/p>\n<p>Die von der Unternehmensleitung formulierte Strategie zur Qualit\u00e4tspolitik, damit diese auf allen Unternehmensebenen verstanden, umgesetzt und unterst\u00fctzt wird, ist in folgenden Punkten zusammengefasst:<\/p>\n<ul>\n<li style=\"list-style-type: none;\">\n<ul>\n<li style=\"list-style-type: none;\">\n<ul>\n<li>Das grundlegende Ziel ist die maximale Kundenzufriedenheit;<\/li>\n<li>Der zufriedene Kunde ist das Ergebnis optimierter Gesch\u00e4ftsprozesse, die die Qualit\u00e4tsergebnisse maximieren;<\/li>\n<li>Die Bem\u00fchungen der gesamten Organisation m\u00fcssen auf das Streben nach kontinuierlicher Verbesserung der Leistung des Qualit\u00e4tsmanagementsystems, der Prozesse und Produkte verschwendet werden, um folglich Qualit\u00e4tsprodukte und -dienstleistungen zu erhalten;<\/li>\n<li>Um das zu erreichen, ist die globale Beteiligung aller Mitarbeiter erforderlich, die durch den Einsatz der SGQ-Methoden und -Techniken handeln m\u00fcssen;<\/li>\n<li>Wesentliche Elemente der Qualit\u00e4t der erbrachten Dienstleistung sind die Pflege des Kundeneigentums und die Kompetenz der Techniker.<\/li>\n<li>Mitarbeiterschulungen gelten als strategische Aktivit\u00e4ten und m\u00fcssen alle Unternehmensebenen einbeziehen, da sie wesentliche Voraussetzungen f\u00fcr das Erreichen einer kontinuierlichen Verbesserung innerhalb der Organisation sind;<\/li>\n<\/ul>\n<\/li>\n<\/ul>\n<\/li>\n<\/ul>\n<p>Die Erreichung und Aufrechterhaltung der Ziele dieser Qualit\u00e4tspolitik sind an die st\u00e4ndige und effektive Zusammenarbeit aller Mitarbeiter der Organisation <b>TECHNO FITTINGS <\/b>gebunden.[\/vc_column_text][\/vc_column][\/vc_row]<\/p>\n<\/div>","protected":false},"excerpt":{"rendered":"<p>[vc_row full_width=&#8221;stretch_row_content&#8221; el_class=&#8221;header_int&#8221; css=&#8221;.vc_custom_1580508672511{background-image: url(https:\/\/technofittings.com\/wp\/wp-content\/uploads\/2020\/01\/CERTIFICAZIONI.jpg?id=413) !important;}&#8221;][vc_column][\/vc_column][\/vc_row][vc_row el_class=&#8221;int_tit_all&#8221;][vc_column][vc_column_text el_class=&#8221;int_tit&#8221;]Certificazioni[\/vc_column_text][\/vc_column][\/vc_row][vc_row][vc_column][vc_column_text]Die\u00a0Qualitat geh\u00f6rt\u00a0unserer Geschichte. Wir sind fuehrend in der Branche, weil unser Ziel dasselbe in den Zeiten geblieben ist: die Qualitat unserer Produkte und Leistungen immer zu verbessern.\u00a0 Unsere Aktivitaten (Produkte Verteilung, Design und Produktion) respektieren die Umwelt und die Sicherheit :\u00a0wir arbeiten nach europaischen und weltweiten Richtlinien. Unsere &hellip; <a href=\"https:\/\/technofittings.com\/de\/zertifikate\/\" class=\"more-link\">Continue reading<span class=\"screen-reader-text\"> &#8220;Zertifikate&#8221;<\/span><\/a><\/p>\n","protected":false},"author":1,"featured_media":0,"parent":0,"menu_order":0,"comment_status":"closed","ping_status":"closed","template":"","meta":{"_acf_changed":false,"_monsterinsights_skip_tracking":false,"_monsterinsights_sitenote_active":false,"_monsterinsights_sitenote_note":"","_monsterinsights_sitenote_category":0,"footnotes":""},"class_list":["post-1588","page","type-page","status-publish","hentry"],"acf":[],"yoast_head":"<!-- This site is optimized with the Yoast SEO plugin v26.9 - https:\/\/yoast.com\/product\/yoast-seo-wordpress\/ -->\n<title>Zertifikate - Techno Fittings<\/title>\n<meta name=\"robots\" content=\"index, follow, max-snippet:-1, max-image-preview:large, max-video-preview:-1\" \/>\n<link rel=\"canonical\" href=\"https:\/\/technofittings.com\/de\/zertifikate\/\" \/>\n<meta property=\"og:locale\" content=\"de_DE\" \/>\n<meta property=\"og:type\" content=\"article\" \/>\n<meta property=\"og:title\" content=\"Zertifikate - Techno Fittings\" \/>\n<meta property=\"og:description\" content=\"[vc_row full_width=&#8221;stretch_row_content&#8221; el_class=&#8221;header_int&#8221; css=&#8221;.vc_custom_1580508672511{background-image: url(https:\/\/technofittings.com\/wp\/wp-content\/uploads\/2020\/01\/CERTIFICAZIONI.jpg?id=413) !important;}&#8221;][vc_column][\/vc_column][\/vc_row][vc_row el_class=&#8221;int_tit_all&#8221;][vc_column][vc_column_text el_class=&#8221;int_tit&#8221;]Certificazioni[\/vc_column_text][\/vc_column][\/vc_row][vc_row][vc_column][vc_column_text]Die\u00a0Qualitat geh\u00f6rt\u00a0unserer Geschichte. Wir sind fuehrend in der Branche, weil unser Ziel dasselbe in den Zeiten geblieben ist: die Qualitat unserer Produkte und Leistungen immer zu verbessern.\u00a0 Unsere Aktivitaten (Produkte Verteilung, Design und Produktion) respektieren die Umwelt und die Sicherheit :\u00a0wir arbeiten nach europaischen und weltweiten Richtlinien. Unsere &hellip; Continue reading &quot;Zertifikate&quot;\" \/>\n<meta property=\"og:url\" content=\"https:\/\/technofittings.com\/de\/zertifikate\/\" \/>\n<meta property=\"og:site_name\" content=\"Techno Fittings\" \/>\n<meta property=\"article:modified_time\" content=\"2021-10-17T20:58:23+00:00\" \/>\n<meta name=\"twitter:card\" content=\"summary_large_image\" \/>\n<meta name=\"twitter:label1\" content=\"Est. reading time\" \/>\n\t<meta name=\"twitter:data1\" content=\"2 minutes\" \/>\n<script type=\"application\/ld+json\" class=\"yoast-schema-graph\">{\"@context\":\"https:\/\/schema.org\",\"@graph\":[{\"@type\":\"WebPage\",\"@id\":\"https:\/\/technofittings.com\/de\/zertifikate\/\",\"url\":\"https:\/\/technofittings.com\/de\/zertifikate\/\",\"name\":\"Zertifikate - Techno Fittings\",\"isPartOf\":{\"@id\":\"https:\/\/technofittings.com\/#website\"},\"datePublished\":\"2020-01-31T22:15:00+00:00\",\"dateModified\":\"2021-10-17T20:58:23+00:00\",\"breadcrumb\":{\"@id\":\"https:\/\/technofittings.com\/de\/zertifikate\/#breadcrumb\"},\"inLanguage\":\"de-DE\",\"potentialAction\":[{\"@type\":\"ReadAction\",\"target\":[\"https:\/\/technofittings.com\/de\/zertifikate\/\"]}]},{\"@type\":\"BreadcrumbList\",\"@id\":\"https:\/\/technofittings.com\/de\/zertifikate\/#breadcrumb\",\"itemListElement\":[{\"@type\":\"ListItem\",\"position\":1,\"name\":\"Home\",\"item\":\"https:\/\/technofittings.com\/de\/\"},{\"@type\":\"ListItem\",\"position\":2,\"name\":\"Zertifikate\"}]},{\"@type\":\"WebSite\",\"@id\":\"https:\/\/technofittings.com\/#website\",\"url\":\"https:\/\/technofittings.com\/\",\"name\":\"Techno Fittings\",\"description\":\"Prodotti e Servizi per l&#039;Industria e la Ricerca Scientifica\",\"publisher\":{\"@id\":\"https:\/\/technofittings.com\/#organization\"},\"potentialAction\":[{\"@type\":\"SearchAction\",\"target\":{\"@type\":\"EntryPoint\",\"urlTemplate\":\"https:\/\/technofittings.com\/?s={search_term_string}\"},\"query-input\":{\"@type\":\"PropertyValueSpecification\",\"valueRequired\":true,\"valueName\":\"search_term_string\"}}],\"inLanguage\":\"de-DE\"},{\"@type\":\"Organization\",\"@id\":\"https:\/\/technofittings.com\/#organization\",\"name\":\"Techno Fittings S.r.l.\",\"url\":\"https:\/\/technofittings.com\/\",\"logo\":{\"@type\":\"ImageObject\",\"inLanguage\":\"de-DE\",\"@id\":\"https:\/\/technofittings.com\/#\/schema\/logo\/image\/\",\"url\":\"https:\/\/technofittings.com\/wp\/wp-content\/uploads\/2020\/01\/cropped-ico.png\",\"contentUrl\":\"https:\/\/technofittings.com\/wp\/wp-content\/uploads\/2020\/01\/cropped-ico.png\",\"width\":512,\"height\":512,\"caption\":\"Techno Fittings S.r.l.\"},\"image\":{\"@id\":\"https:\/\/technofittings.com\/#\/schema\/logo\/image\/\"}}]}<\/script>\n<!-- \/ Yoast SEO plugin. -->","yoast_head_json":{"title":"Zertifikate - Techno Fittings","robots":{"index":"index","follow":"follow","max-snippet":"max-snippet:-1","max-image-preview":"max-image-preview:large","max-video-preview":"max-video-preview:-1"},"canonical":"https:\/\/technofittings.com\/de\/zertifikate\/","og_locale":"de_DE","og_type":"article","og_title":"Zertifikate - Techno Fittings","og_description":"[vc_row full_width=&#8221;stretch_row_content&#8221; el_class=&#8221;header_int&#8221; css=&#8221;.vc_custom_1580508672511{background-image: url(https:\/\/technofittings.com\/wp\/wp-content\/uploads\/2020\/01\/CERTIFICAZIONI.jpg?id=413) !important;}&#8221;][vc_column][\/vc_column][\/vc_row][vc_row el_class=&#8221;int_tit_all&#8221;][vc_column][vc_column_text el_class=&#8221;int_tit&#8221;]Certificazioni[\/vc_column_text][\/vc_column][\/vc_row][vc_row][vc_column][vc_column_text]Die\u00a0Qualitat geh\u00f6rt\u00a0unserer Geschichte. Wir sind fuehrend in der Branche, weil unser Ziel dasselbe in den Zeiten geblieben ist: die Qualitat unserer Produkte und Leistungen immer zu verbessern.\u00a0 Unsere Aktivitaten (Produkte Verteilung, Design und Produktion) respektieren die Umwelt und die Sicherheit :\u00a0wir arbeiten nach europaischen und weltweiten Richtlinien. Unsere &hellip; Continue reading \"Zertifikate\"","og_url":"https:\/\/technofittings.com\/de\/zertifikate\/","og_site_name":"Techno Fittings","article_modified_time":"2021-10-17T20:58:23+00:00","twitter_card":"summary_large_image","twitter_misc":{"Est. reading time":"2 minutes"},"schema":{"@context":"https:\/\/schema.org","@graph":[{"@type":"WebPage","@id":"https:\/\/technofittings.com\/de\/zertifikate\/","url":"https:\/\/technofittings.com\/de\/zertifikate\/","name":"Zertifikate - Techno Fittings","isPartOf":{"@id":"https:\/\/technofittings.com\/#website"},"datePublished":"2020-01-31T22:15:00+00:00","dateModified":"2021-10-17T20:58:23+00:00","breadcrumb":{"@id":"https:\/\/technofittings.com\/de\/zertifikate\/#breadcrumb"},"inLanguage":"de-DE","potentialAction":[{"@type":"ReadAction","target":["https:\/\/technofittings.com\/de\/zertifikate\/"]}]},{"@type":"BreadcrumbList","@id":"https:\/\/technofittings.com\/de\/zertifikate\/#breadcrumb","itemListElement":[{"@type":"ListItem","position":1,"name":"Home","item":"https:\/\/technofittings.com\/de\/"},{"@type":"ListItem","position":2,"name":"Zertifikate"}]},{"@type":"WebSite","@id":"https:\/\/technofittings.com\/#website","url":"https:\/\/technofittings.com\/","name":"Techno Fittings","description":"Prodotti e Servizi per l&#039;Industria e la Ricerca Scientifica","publisher":{"@id":"https:\/\/technofittings.com\/#organization"},"potentialAction":[{"@type":"SearchAction","target":{"@type":"EntryPoint","urlTemplate":"https:\/\/technofittings.com\/?s={search_term_string}"},"query-input":{"@type":"PropertyValueSpecification","valueRequired":true,"valueName":"search_term_string"}}],"inLanguage":"de-DE"},{"@type":"Organization","@id":"https:\/\/technofittings.com\/#organization","name":"Techno Fittings S.r.l.","url":"https:\/\/technofittings.com\/","logo":{"@type":"ImageObject","inLanguage":"de-DE","@id":"https:\/\/technofittings.com\/#\/schema\/logo\/image\/","url":"https:\/\/technofittings.com\/wp\/wp-content\/uploads\/2020\/01\/cropped-ico.png","contentUrl":"https:\/\/technofittings.com\/wp\/wp-content\/uploads\/2020\/01\/cropped-ico.png","width":512,"height":512,"caption":"Techno Fittings S.r.l."},"image":{"@id":"https:\/\/technofittings.com\/#\/schema\/logo\/image\/"}}]}},"_links":{"self":[{"href":"https:\/\/technofittings.com\/de\/wp-json\/wp\/v2\/pages\/1588","targetHints":{"allow":["GET"]}}],"collection":[{"href":"https:\/\/technofittings.com\/de\/wp-json\/wp\/v2\/pages"}],"about":[{"href":"https:\/\/technofittings.com\/de\/wp-json\/wp\/v2\/types\/page"}],"author":[{"embeddable":true,"href":"https:\/\/technofittings.com\/de\/wp-json\/wp\/v2\/users\/1"}],"replies":[{"embeddable":true,"href":"https:\/\/technofittings.com\/de\/wp-json\/wp\/v2\/comments?post=1588"}],"version-history":[{"count":3,"href":"https:\/\/technofittings.com\/de\/wp-json\/wp\/v2\/pages\/1588\/revisions"}],"predecessor-version":[{"id":1829,"href":"https:\/\/technofittings.com\/de\/wp-json\/wp\/v2\/pages\/1588\/revisions\/1829"}],"wp:attachment":[{"href":"https:\/\/technofittings.com\/de\/wp-json\/wp\/v2\/media?parent=1588"}],"curies":[{"name":"wp","href":"https:\/\/api.w.org\/{rel}","templated":true}]}}