{"id":1573,"date":"2021-02-03T16:54:48","date_gmt":"2021-02-03T15:54:48","guid":{"rendered":"https:\/\/technofittings.com\/?page_id=1573"},"modified":"2021-02-09T11:06:25","modified_gmt":"2021-02-09T10:06:25","slug":"leistungen","status":"publish","type":"page","link":"https:\/\/technofittings.com\/de\/leistungen\/","title":{"rendered":"Leistungen"},"content":{"rendered":"<div class=\"wpb-content-wrapper\"><p>[vc_row full_width=&#8221;stretch_row_content&#8221; el_class=&#8221;header_int&#8221; css=&#8221;.vc_custom_1580769724355{background-image: url(https:\/\/technofittings.com\/wp\/wp-content\/uploads\/2020\/02\/servizi.jpg?id=493) !important;}&#8221;][vc_column][\/vc_column][\/vc_row][vc_row el_class=&#8221;int_tit_all&#8221;][vc_column][vc_column_text el_class=&#8221;int_tit&#8221;]Leistungen[\/vc_column_text][\/vc_column][\/vc_row][vc_row][vc_column width=&#8221;1\/3&#8243;][vc_single_image image=&#8221;433&#8243; img_size=&#8221;full&#8221; el_class=&#8221;servizi_img&#8221;][vc_column_text el_class=&#8221;int_txt_sx servizi_txt&#8221;]VERTRIEB UND VERKAUF[\/vc_column_text][\/vc_column][vc_column width=&#8221;2\/3&#8243;][vc_column_text el_class=&#8221;int_txt_dx&#8221;]Vertrieb des folgenden Marken : Fujikin, Greene Tweed, Sakaguchi, Jun-Air, Horiba Stec.<br \/>\nVertrieb von: elektronische Ger\u00e4te, Ventile, Rohre, Vakuumdichtungen, Duchflussregler.<br \/>\nRemote Lagerverwaltung mit sofortiger Verf\u00fcgbarkeit aus unserem Stock.[\/vc_column_text][\/vc_column][\/vc_row][vc_row][vc_column][vc_separator color=&#8221;custom&#8221; accent_color=&#8221;#d8d8d8&#8243; el_class=&#8221;separatore_int&#8221;][\/vc_column][\/vc_row][vc_row][vc_column width=&#8221;1\/3&#8243;][vc_single_image image=&#8221;429&#8243; img_size=&#8221;full&#8221; el_class=&#8221;servizi_img&#8221;][vc_column_text el_class=&#8221;int_txt_sx servizi_txt&#8221;]HOCHWERTIGE TECHNISCHE ASSISTENZ F\u00dcR JUN AIR-KOMPRESSOREN[\/vc_column_text][\/vc_column][vc_column width=&#8221;2\/3&#8243;][vc_column_text el_class=&#8221;int_txt_dx&#8221;]Technische Assistenz f\u00fcr Jun-Air Kompressoren : Reparaturen, ordentliche und au\u00dfergew\u00f6hnliche Wartung mit Originalersatz.<br \/>\nWir kontrollieren und kalibrieren unsere Instrumente\u00a0regelm\u00e4\u00dfig um Eiffizienz und\u00a0Verl\u00e4sslichkeit zu garantieren.<br \/>\nEs ist m\u00f6glich\u00a0Servicevertr\u00e4ge zu vereinbaren mit geplanten Wartungen bei den Kunden.[\/vc_column_text][\/vc_column][\/vc_row][vc_row][vc_column][vc_separator color=&#8221;custom&#8221; accent_color=&#8221;#d8d8d8&#8243; el_class=&#8221;separatore_int&#8221;][\/vc_column][\/vc_row][vc_row][vc_column width=&#8221;1\/3&#8243;][vc_single_image image=&#8221;427&#8243; img_size=&#8221;full&#8221; el_class=&#8221;servizi_img&#8221;][vc_column_text el_class=&#8221;int_txt_sx servizi_txt&#8221;]DESIGN UND PRODUKTION HARDWARE \/ SOFTWARE SYSTEME[\/vc_column_text][\/vc_column][vc_column width=&#8221;2\/3&#8243;][vc_column_text el_class=&#8221;int_txt_dx&#8221;]Unser qualifiziertes Staff ist in Design und Produktion f\u00fcr Hardware\u00a0und Software Systeme spezialisiert, zusammen mit den besten Technologien auf dem Markt. Die technologische Innovation ist ein wichtiges Element f\u00fcr eine schnelle Gesch\u00e4ftsentwicklung.<\/p>\n<p>Der komplette Planungs- und Konstruktionsservice f\u00fcr Hardware- und Softwaresysteme umfasst:<\/p>\n<ul>\n<li>sofortige telefonische oder telematische Beratung\u00a0(Chat, Videokonferenz, VoIP) um die Kundenanfrage zu verstehen und um eine schnelle L\u00f6sung zu finden.<\/li>\n<li>Unser Staff wird die Anfrage detailliert bewerten und in kurzer Zeit die Details des Projekts bereitstellen, wodurch Kosten und Zeit reduziert werden.<\/li>\n<\/ul>\n<p>Die Realisierung des Projekts erfolgt in folgenden Produktionsphasen:<\/p>\n<ul>\n<li>System-Design<\/li>\n<li>Herstellung eines Prototyps<\/li>\n<li>Tests mit Simulation der Arbeitsbedingungen des Systems und eventuellen Korrekturen am Prototyps<\/li>\n<li>Herstellung des fertigen Produkts und Lieferung an den Endkunden<\/li>\n<\/ul>\n<p>[\/vc_column_text][\/vc_column][\/vc_row]<\/p>\n<\/div>","protected":false},"excerpt":{"rendered":"<p>[vc_row full_width=&#8221;stretch_row_content&#8221; el_class=&#8221;header_int&#8221; css=&#8221;.vc_custom_1580769724355{background-image: url(https:\/\/technofittings.com\/wp\/wp-content\/uploads\/2020\/02\/servizi.jpg?id=493) !important;}&#8221;][vc_column][\/vc_column][\/vc_row][vc_row el_class=&#8221;int_tit_all&#8221;][vc_column][vc_column_text el_class=&#8221;int_tit&#8221;]Leistungen[\/vc_column_text][\/vc_column][\/vc_row][vc_row][vc_column width=&#8221;1\/3&#8243;][vc_single_image image=&#8221;433&#8243; img_size=&#8221;full&#8221; el_class=&#8221;servizi_img&#8221;][vc_column_text el_class=&#8221;int_txt_sx servizi_txt&#8221;]VERTRIEB UND VERKAUF[\/vc_column_text][\/vc_column][vc_column width=&#8221;2\/3&#8243;][vc_column_text el_class=&#8221;int_txt_dx&#8221;]Vertrieb des folgenden Marken : Fujikin, Greene Tweed, Sakaguchi, Jun-Air, Horiba Stec. Vertrieb von: elektronische Ger\u00e4te, Ventile, Rohre, Vakuumdichtungen, Duchflussregler. Remote Lagerverwaltung mit sofortiger Verf\u00fcgbarkeit aus unserem Stock.[\/vc_column_text][\/vc_column][\/vc_row][vc_row][vc_column][vc_separator color=&#8221;custom&#8221; accent_color=&#8221;#d8d8d8&#8243; el_class=&#8221;separatore_int&#8221;][\/vc_column][\/vc_row][vc_row][vc_column width=&#8221;1\/3&#8243;][vc_single_image image=&#8221;429&#8243; img_size=&#8221;full&#8221; el_class=&#8221;servizi_img&#8221;][vc_column_text el_class=&#8221;int_txt_sx servizi_txt&#8221;]HOCHWERTIGE TECHNISCHE &hellip; <a href=\"https:\/\/technofittings.com\/de\/leistungen\/\" class=\"more-link\">Continue reading<span class=\"screen-reader-text\"> &#8220;Leistungen&#8221;<\/span><\/a><\/p>\n","protected":false},"author":1,"featured_media":0,"parent":0,"menu_order":0,"comment_status":"closed","ping_status":"closed","template":"","meta":{"_acf_changed":false,"_monsterinsights_skip_tracking":false,"_monsterinsights_sitenote_active":false,"_monsterinsights_sitenote_note":"","_monsterinsights_sitenote_category":0,"footnotes":""},"class_list":["post-1573","page","type-page","status-publish","hentry"],"acf":[],"yoast_head":"<!-- This site is optimized with the Yoast SEO plugin v26.9 - https:\/\/yoast.com\/product\/yoast-seo-wordpress\/ -->\n<title>Leistungen - Techno Fittings<\/title>\n<meta name=\"robots\" content=\"index, follow, max-snippet:-1, max-image-preview:large, max-video-preview:-1\" \/>\n<link rel=\"canonical\" href=\"https:\/\/technofittings.com\/de\/leistungen\/\" \/>\n<meta property=\"og:locale\" content=\"de_DE\" \/>\n<meta property=\"og:type\" content=\"article\" \/>\n<meta property=\"og:title\" content=\"Leistungen - Techno Fittings\" \/>\n<meta property=\"og:description\" content=\"[vc_row full_width=&#8221;stretch_row_content&#8221; el_class=&#8221;header_int&#8221; css=&#8221;.vc_custom_1580769724355{background-image: url(https:\/\/technofittings.com\/wp\/wp-content\/uploads\/2020\/02\/servizi.jpg?id=493) !important;}&#8221;][vc_column][\/vc_column][\/vc_row][vc_row el_class=&#8221;int_tit_all&#8221;][vc_column][vc_column_text el_class=&#8221;int_tit&#8221;]Leistungen[\/vc_column_text][\/vc_column][\/vc_row][vc_row][vc_column width=&#8221;1\/3&#8243;][vc_single_image image=&#8221;433&#8243; img_size=&#8221;full&#8221; el_class=&#8221;servizi_img&#8221;][vc_column_text el_class=&#8221;int_txt_sx servizi_txt&#8221;]VERTRIEB UND VERKAUF[\/vc_column_text][\/vc_column][vc_column width=&#8221;2\/3&#8243;][vc_column_text el_class=&#8221;int_txt_dx&#8221;]Vertrieb des folgenden Marken : Fujikin, Greene Tweed, Sakaguchi, Jun-Air, Horiba Stec. Vertrieb von: elektronische Ger\u00e4te, Ventile, Rohre, Vakuumdichtungen, Duchflussregler. Remote Lagerverwaltung mit sofortiger Verf\u00fcgbarkeit aus unserem Stock.[\/vc_column_text][\/vc_column][\/vc_row][vc_row][vc_column][vc_separator color=&#8221;custom&#8221; accent_color=&#8221;#d8d8d8&#8243; el_class=&#8221;separatore_int&#8221;][\/vc_column][\/vc_row][vc_row][vc_column width=&#8221;1\/3&#8243;][vc_single_image image=&#8221;429&#8243; img_size=&#8221;full&#8221; el_class=&#8221;servizi_img&#8221;][vc_column_text el_class=&#8221;int_txt_sx servizi_txt&#8221;]HOCHWERTIGE TECHNISCHE &hellip; Continue reading &quot;Leistungen&quot;\" \/>\n<meta property=\"og:url\" content=\"https:\/\/technofittings.com\/de\/leistungen\/\" \/>\n<meta property=\"og:site_name\" content=\"Techno Fittings\" \/>\n<meta property=\"article:modified_time\" content=\"2021-02-09T10:06:25+00:00\" \/>\n<meta name=\"twitter:card\" content=\"summary_large_image\" \/>\n<meta name=\"twitter:label1\" content=\"Est. reading time\" \/>\n\t<meta name=\"twitter:data1\" content=\"2 minutes\" \/>\n<script type=\"application\/ld+json\" class=\"yoast-schema-graph\">{\"@context\":\"https:\/\/schema.org\",\"@graph\":[{\"@type\":\"WebPage\",\"@id\":\"https:\/\/technofittings.com\/de\/leistungen\/\",\"url\":\"https:\/\/technofittings.com\/de\/leistungen\/\",\"name\":\"Leistungen - Techno Fittings\",\"isPartOf\":{\"@id\":\"https:\/\/technofittings.com\/#website\"},\"datePublished\":\"2021-02-03T15:54:48+00:00\",\"dateModified\":\"2021-02-09T10:06:25+00:00\",\"breadcrumb\":{\"@id\":\"https:\/\/technofittings.com\/de\/leistungen\/#breadcrumb\"},\"inLanguage\":\"de-DE\",\"potentialAction\":[{\"@type\":\"ReadAction\",\"target\":[\"https:\/\/technofittings.com\/de\/leistungen\/\"]}]},{\"@type\":\"BreadcrumbList\",\"@id\":\"https:\/\/technofittings.com\/de\/leistungen\/#breadcrumb\",\"itemListElement\":[{\"@type\":\"ListItem\",\"position\":1,\"name\":\"Home\",\"item\":\"https:\/\/technofittings.com\/de\/\"},{\"@type\":\"ListItem\",\"position\":2,\"name\":\"Leistungen\"}]},{\"@type\":\"WebSite\",\"@id\":\"https:\/\/technofittings.com\/#website\",\"url\":\"https:\/\/technofittings.com\/\",\"name\":\"Techno Fittings\",\"description\":\"Prodotti e Servizi per l&#039;Industria e la Ricerca Scientifica\",\"publisher\":{\"@id\":\"https:\/\/technofittings.com\/#organization\"},\"potentialAction\":[{\"@type\":\"SearchAction\",\"target\":{\"@type\":\"EntryPoint\",\"urlTemplate\":\"https:\/\/technofittings.com\/?s={search_term_string}\"},\"query-input\":{\"@type\":\"PropertyValueSpecification\",\"valueRequired\":true,\"valueName\":\"search_term_string\"}}],\"inLanguage\":\"de-DE\"},{\"@type\":\"Organization\",\"@id\":\"https:\/\/technofittings.com\/#organization\",\"name\":\"Techno Fittings S.r.l.\",\"url\":\"https:\/\/technofittings.com\/\",\"logo\":{\"@type\":\"ImageObject\",\"inLanguage\":\"de-DE\",\"@id\":\"https:\/\/technofittings.com\/#\/schema\/logo\/image\/\",\"url\":\"https:\/\/technofittings.com\/wp\/wp-content\/uploads\/2020\/01\/cropped-ico.png\",\"contentUrl\":\"https:\/\/technofittings.com\/wp\/wp-content\/uploads\/2020\/01\/cropped-ico.png\",\"width\":512,\"height\":512,\"caption\":\"Techno Fittings S.r.l.\"},\"image\":{\"@id\":\"https:\/\/technofittings.com\/#\/schema\/logo\/image\/\"}}]}<\/script>\n<!-- \/ Yoast SEO plugin. -->","yoast_head_json":{"title":"Leistungen - Techno Fittings","robots":{"index":"index","follow":"follow","max-snippet":"max-snippet:-1","max-image-preview":"max-image-preview:large","max-video-preview":"max-video-preview:-1"},"canonical":"https:\/\/technofittings.com\/de\/leistungen\/","og_locale":"de_DE","og_type":"article","og_title":"Leistungen - Techno Fittings","og_description":"[vc_row full_width=&#8221;stretch_row_content&#8221; el_class=&#8221;header_int&#8221; css=&#8221;.vc_custom_1580769724355{background-image: url(https:\/\/technofittings.com\/wp\/wp-content\/uploads\/2020\/02\/servizi.jpg?id=493) !important;}&#8221;][vc_column][\/vc_column][\/vc_row][vc_row el_class=&#8221;int_tit_all&#8221;][vc_column][vc_column_text el_class=&#8221;int_tit&#8221;]Leistungen[\/vc_column_text][\/vc_column][\/vc_row][vc_row][vc_column width=&#8221;1\/3&#8243;][vc_single_image image=&#8221;433&#8243; img_size=&#8221;full&#8221; el_class=&#8221;servizi_img&#8221;][vc_column_text el_class=&#8221;int_txt_sx servizi_txt&#8221;]VERTRIEB UND VERKAUF[\/vc_column_text][\/vc_column][vc_column width=&#8221;2\/3&#8243;][vc_column_text el_class=&#8221;int_txt_dx&#8221;]Vertrieb des folgenden Marken : Fujikin, Greene Tweed, Sakaguchi, Jun-Air, Horiba Stec. Vertrieb von: elektronische Ger\u00e4te, Ventile, Rohre, Vakuumdichtungen, Duchflussregler. Remote Lagerverwaltung mit sofortiger Verf\u00fcgbarkeit aus unserem Stock.[\/vc_column_text][\/vc_column][\/vc_row][vc_row][vc_column][vc_separator color=&#8221;custom&#8221; accent_color=&#8221;#d8d8d8&#8243; el_class=&#8221;separatore_int&#8221;][\/vc_column][\/vc_row][vc_row][vc_column width=&#8221;1\/3&#8243;][vc_single_image image=&#8221;429&#8243; img_size=&#8221;full&#8221; el_class=&#8221;servizi_img&#8221;][vc_column_text el_class=&#8221;int_txt_sx servizi_txt&#8221;]HOCHWERTIGE TECHNISCHE &hellip; Continue reading \"Leistungen\"","og_url":"https:\/\/technofittings.com\/de\/leistungen\/","og_site_name":"Techno Fittings","article_modified_time":"2021-02-09T10:06:25+00:00","twitter_card":"summary_large_image","twitter_misc":{"Est. reading time":"2 minutes"},"schema":{"@context":"https:\/\/schema.org","@graph":[{"@type":"WebPage","@id":"https:\/\/technofittings.com\/de\/leistungen\/","url":"https:\/\/technofittings.com\/de\/leistungen\/","name":"Leistungen - Techno Fittings","isPartOf":{"@id":"https:\/\/technofittings.com\/#website"},"datePublished":"2021-02-03T15:54:48+00:00","dateModified":"2021-02-09T10:06:25+00:00","breadcrumb":{"@id":"https:\/\/technofittings.com\/de\/leistungen\/#breadcrumb"},"inLanguage":"de-DE","potentialAction":[{"@type":"ReadAction","target":["https:\/\/technofittings.com\/de\/leistungen\/"]}]},{"@type":"BreadcrumbList","@id":"https:\/\/technofittings.com\/de\/leistungen\/#breadcrumb","itemListElement":[{"@type":"ListItem","position":1,"name":"Home","item":"https:\/\/technofittings.com\/de\/"},{"@type":"ListItem","position":2,"name":"Leistungen"}]},{"@type":"WebSite","@id":"https:\/\/technofittings.com\/#website","url":"https:\/\/technofittings.com\/","name":"Techno Fittings","description":"Prodotti e Servizi per l&#039;Industria e la Ricerca Scientifica","publisher":{"@id":"https:\/\/technofittings.com\/#organization"},"potentialAction":[{"@type":"SearchAction","target":{"@type":"EntryPoint","urlTemplate":"https:\/\/technofittings.com\/?s={search_term_string}"},"query-input":{"@type":"PropertyValueSpecification","valueRequired":true,"valueName":"search_term_string"}}],"inLanguage":"de-DE"},{"@type":"Organization","@id":"https:\/\/technofittings.com\/#organization","name":"Techno Fittings S.r.l.","url":"https:\/\/technofittings.com\/","logo":{"@type":"ImageObject","inLanguage":"de-DE","@id":"https:\/\/technofittings.com\/#\/schema\/logo\/image\/","url":"https:\/\/technofittings.com\/wp\/wp-content\/uploads\/2020\/01\/cropped-ico.png","contentUrl":"https:\/\/technofittings.com\/wp\/wp-content\/uploads\/2020\/01\/cropped-ico.png","width":512,"height":512,"caption":"Techno Fittings S.r.l."},"image":{"@id":"https:\/\/technofittings.com\/#\/schema\/logo\/image\/"}}]}},"_links":{"self":[{"href":"https:\/\/technofittings.com\/de\/wp-json\/wp\/v2\/pages\/1573","targetHints":{"allow":["GET"]}}],"collection":[{"href":"https:\/\/technofittings.com\/de\/wp-json\/wp\/v2\/pages"}],"about":[{"href":"https:\/\/technofittings.com\/de\/wp-json\/wp\/v2\/types\/page"}],"author":[{"embeddable":true,"href":"https:\/\/technofittings.com\/de\/wp-json\/wp\/v2\/users\/1"}],"replies":[{"embeddable":true,"href":"https:\/\/technofittings.com\/de\/wp-json\/wp\/v2\/comments?post=1573"}],"version-history":[{"count":0,"href":"https:\/\/technofittings.com\/de\/wp-json\/wp\/v2\/pages\/1573\/revisions"}],"wp:attachment":[{"href":"https:\/\/technofittings.com\/de\/wp-json\/wp\/v2\/media?parent=1573"}],"curies":[{"name":"wp","href":"https:\/\/api.w.org\/{rel}","templated":true}]}}