{"id":1492,"date":"2021-01-26T15:59:21","date_gmt":"2021-01-26T14:59:21","guid":{"rendered":"https:\/\/technofittings.com\/?page_id=1492"},"modified":"2021-02-08T15:58:27","modified_gmt":"2021-02-08T14:58:27","slug":"wer-sind-wir","status":"publish","type":"page","link":"https:\/\/technofittings.com\/de\/wer-sind-wir\/","title":{"rendered":"\u00dcber uns"},"content":{"rendered":"<div class=\"wpb-content-wrapper\"><p>[vc_row full_width=&#8221;stretch_row_content&#8221; el_class=&#8221;header_int&#8221; css=&#8221;.vc_custom_1580405326526{background-image: url(https:\/\/technofittings.com\/wp\/wp-content\/uploads\/2020\/01\/chi-siamo.jpg?id=421) !important;}&#8221;][vc_column][\/vc_column][\/vc_row][vc_row el_class=&#8221;int_tit_all&#8221;][vc_column][vc_column_text el_class=&#8221;int_tit&#8221;]\u00dcBER UNS[\/vc_column_text][\/vc_column][\/vc_row][vc_row][vc_column width=&#8221;1\/3&#8243;][vc_column_text el_class=&#8221;int_txt_sx&#8221;]Die Leidenschaft f\u00fcr neue Ideen und Innovation ist unsere Antrieb um L\u00f6sungen zu schaffen zur Verbesserung der Effizienz der industriellen Phasen.[\/vc_column_text][\/vc_column][vc_column width=&#8221;2\/3&#8243;][vc_column_text el_class=&#8221;int_txt_dx&#8221;]<\/p>\n<p style=\"text-align: left;\">Techno Fittings ist im Jahr 1989 in Rom geboren mit dem Ziel Produkte und Instrumente fur das <strong>Management von Flussigkeiten und Gasen<\/strong> zu verkaufen, die in der <strong>Industrie<\/strong> und wissenschaftlichen <strong>Forschung<\/strong> verwendet sind. In den Jahren, nach der Marketswiklung und den neuen Kundenw\u00fcnschen, hat die Firma ihre Kompetenzen verbessert und verst\u00e4rkt mit einer Erweiterung ihrer Pr\u00e4senz in der Branche.<\/p>\n<p>Zur Zeit k\u00fcmmert sich die Firma \u00fcber :<\/p>\n<ul>\n<li><strong>Vertrieb und Verkauf von Produkte und Instrumente f\u00fcrs Management von Fl\u00fcssigkeiten und Gasen<\/strong><\/li>\n<li><strong>Gestaltung und Konstruktion Custom Systems<\/strong>\u00a0<b>hardware und software<\/b><\/li>\n<li><b>Gestaltung und Konstruktion\u00a0<\/b><strong>hardware<\/strong>\u00a0und\u00a0<strong>software<\/strong>\u00a0Systems auf unserem Katalog<\/li>\n<li><strong>Tecniche Assistenz\u00a0auf unsere Produkte<\/strong><\/li>\n<\/ul>\n<p>Unsere Aufgabe ist <strong>hochwertige Leistungen<\/strong> anzubieten und unsere Kunden mit der Wahl der besten <strong>Produkte<\/strong> und <strong>Technologie<\/strong> zu helfen.[\/vc_column_text][\/vc_column][\/vc_row]<\/p>\n<\/div>","protected":false},"excerpt":{"rendered":"<p>[vc_row full_width=&#8221;stretch_row_content&#8221; el_class=&#8221;header_int&#8221; css=&#8221;.vc_custom_1580405326526{background-image: url(https:\/\/technofittings.com\/wp\/wp-content\/uploads\/2020\/01\/chi-siamo.jpg?id=421) !important;}&#8221;][vc_column][\/vc_column][\/vc_row][vc_row el_class=&#8221;int_tit_all&#8221;][vc_column][vc_column_text el_class=&#8221;int_tit&#8221;]\u00dcBER UNS[\/vc_column_text][\/vc_column][\/vc_row][vc_row][vc_column width=&#8221;1\/3&#8243;][vc_column_text el_class=&#8221;int_txt_sx&#8221;]Die Leidenschaft f\u00fcr neue Ideen und Innovation ist unsere Antrieb um L\u00f6sungen zu schaffen zur Verbesserung der Effizienz der industriellen Phasen.[\/vc_column_text][\/vc_column][vc_column width=&#8221;2\/3&#8243;][vc_column_text el_class=&#8221;int_txt_dx&#8221;] Techno Fittings ist im Jahr 1989 in Rom geboren mit dem Ziel Produkte und Instrumente fur das Management von Flussigkeiten und Gasen &hellip; <a href=\"https:\/\/technofittings.com\/de\/wer-sind-wir\/\" class=\"more-link\">Continue reading<span class=\"screen-reader-text\"> &#8220;\u00dcber uns&#8221;<\/span><\/a><\/p>\n","protected":false},"author":1,"featured_media":0,"parent":0,"menu_order":0,"comment_status":"closed","ping_status":"closed","template":"","meta":{"_acf_changed":false,"_monsterinsights_skip_tracking":false,"_monsterinsights_sitenote_active":false,"_monsterinsights_sitenote_note":"","_monsterinsights_sitenote_category":0,"footnotes":""},"class_list":["post-1492","page","type-page","status-publish","hentry"],"acf":[],"yoast_head":"<!-- This site is optimized with the Yoast SEO plugin v26.9 - https:\/\/yoast.com\/product\/yoast-seo-wordpress\/ -->\n<title>\u00dcber uns - Techno Fittings<\/title>\n<meta name=\"robots\" content=\"index, follow, max-snippet:-1, max-image-preview:large, max-video-preview:-1\" \/>\n<link rel=\"canonical\" href=\"https:\/\/technofittings.com\/de\/wer-sind-wir\/\" \/>\n<meta property=\"og:locale\" content=\"de_DE\" \/>\n<meta property=\"og:type\" content=\"article\" \/>\n<meta property=\"og:title\" content=\"\u00dcber uns - Techno Fittings\" \/>\n<meta property=\"og:description\" content=\"[vc_row full_width=&#8221;stretch_row_content&#8221; el_class=&#8221;header_int&#8221; css=&#8221;.vc_custom_1580405326526{background-image: url(https:\/\/technofittings.com\/wp\/wp-content\/uploads\/2020\/01\/chi-siamo.jpg?id=421) !important;}&#8221;][vc_column][\/vc_column][\/vc_row][vc_row el_class=&#8221;int_tit_all&#8221;][vc_column][vc_column_text el_class=&#8221;int_tit&#8221;]\u00dcBER UNS[\/vc_column_text][\/vc_column][\/vc_row][vc_row][vc_column width=&#8221;1\/3&#8243;][vc_column_text el_class=&#8221;int_txt_sx&#8221;]Die Leidenschaft f\u00fcr neue Ideen und Innovation ist unsere Antrieb um L\u00f6sungen zu schaffen zur Verbesserung der Effizienz der industriellen Phasen.[\/vc_column_text][\/vc_column][vc_column width=&#8221;2\/3&#8243;][vc_column_text el_class=&#8221;int_txt_dx&#8221;] Techno Fittings ist im Jahr 1989 in Rom geboren mit dem Ziel Produkte und Instrumente fur das Management von Flussigkeiten und Gasen &hellip; Continue reading &quot;\u00dcber uns&quot;\" \/>\n<meta property=\"og:url\" content=\"https:\/\/technofittings.com\/de\/wer-sind-wir\/\" \/>\n<meta property=\"og:site_name\" content=\"Techno Fittings\" \/>\n<meta property=\"article:modified_time\" content=\"2021-02-08T14:58:27+00:00\" \/>\n<meta name=\"twitter:card\" content=\"summary_large_image\" \/>\n<meta name=\"twitter:label1\" content=\"Est. reading time\" \/>\n\t<meta name=\"twitter:data1\" content=\"1 minute\" \/>\n<script type=\"application\/ld+json\" class=\"yoast-schema-graph\">{\"@context\":\"https:\/\/schema.org\",\"@graph\":[{\"@type\":\"WebPage\",\"@id\":\"https:\/\/technofittings.com\/de\/wer-sind-wir\/\",\"url\":\"https:\/\/technofittings.com\/de\/wer-sind-wir\/\",\"name\":\"\u00dcber uns - Techno Fittings\",\"isPartOf\":{\"@id\":\"https:\/\/technofittings.com\/#website\"},\"datePublished\":\"2021-01-26T14:59:21+00:00\",\"dateModified\":\"2021-02-08T14:58:27+00:00\",\"breadcrumb\":{\"@id\":\"https:\/\/technofittings.com\/de\/wer-sind-wir\/#breadcrumb\"},\"inLanguage\":\"de-DE\",\"potentialAction\":[{\"@type\":\"ReadAction\",\"target\":[\"https:\/\/technofittings.com\/de\/wer-sind-wir\/\"]}]},{\"@type\":\"BreadcrumbList\",\"@id\":\"https:\/\/technofittings.com\/de\/wer-sind-wir\/#breadcrumb\",\"itemListElement\":[{\"@type\":\"ListItem\",\"position\":1,\"name\":\"Home\",\"item\":\"https:\/\/technofittings.com\/de\/\"},{\"@type\":\"ListItem\",\"position\":2,\"name\":\"\u00dcber uns\"}]},{\"@type\":\"WebSite\",\"@id\":\"https:\/\/technofittings.com\/#website\",\"url\":\"https:\/\/technofittings.com\/\",\"name\":\"Techno Fittings\",\"description\":\"Prodotti e Servizi per l&#039;Industria e la Ricerca Scientifica\",\"publisher\":{\"@id\":\"https:\/\/technofittings.com\/#organization\"},\"potentialAction\":[{\"@type\":\"SearchAction\",\"target\":{\"@type\":\"EntryPoint\",\"urlTemplate\":\"https:\/\/technofittings.com\/?s={search_term_string}\"},\"query-input\":{\"@type\":\"PropertyValueSpecification\",\"valueRequired\":true,\"valueName\":\"search_term_string\"}}],\"inLanguage\":\"de-DE\"},{\"@type\":\"Organization\",\"@id\":\"https:\/\/technofittings.com\/#organization\",\"name\":\"Techno Fittings S.r.l.\",\"url\":\"https:\/\/technofittings.com\/\",\"logo\":{\"@type\":\"ImageObject\",\"inLanguage\":\"de-DE\",\"@id\":\"https:\/\/technofittings.com\/#\/schema\/logo\/image\/\",\"url\":\"https:\/\/technofittings.com\/wp\/wp-content\/uploads\/2020\/01\/cropped-ico.png\",\"contentUrl\":\"https:\/\/technofittings.com\/wp\/wp-content\/uploads\/2020\/01\/cropped-ico.png\",\"width\":512,\"height\":512,\"caption\":\"Techno Fittings S.r.l.\"},\"image\":{\"@id\":\"https:\/\/technofittings.com\/#\/schema\/logo\/image\/\"}}]}<\/script>\n<!-- \/ Yoast SEO plugin. -->","yoast_head_json":{"title":"\u00dcber uns - Techno Fittings","robots":{"index":"index","follow":"follow","max-snippet":"max-snippet:-1","max-image-preview":"max-image-preview:large","max-video-preview":"max-video-preview:-1"},"canonical":"https:\/\/technofittings.com\/de\/wer-sind-wir\/","og_locale":"de_DE","og_type":"article","og_title":"\u00dcber uns - Techno Fittings","og_description":"[vc_row full_width=&#8221;stretch_row_content&#8221; el_class=&#8221;header_int&#8221; css=&#8221;.vc_custom_1580405326526{background-image: url(https:\/\/technofittings.com\/wp\/wp-content\/uploads\/2020\/01\/chi-siamo.jpg?id=421) !important;}&#8221;][vc_column][\/vc_column][\/vc_row][vc_row el_class=&#8221;int_tit_all&#8221;][vc_column][vc_column_text el_class=&#8221;int_tit&#8221;]\u00dcBER UNS[\/vc_column_text][\/vc_column][\/vc_row][vc_row][vc_column width=&#8221;1\/3&#8243;][vc_column_text el_class=&#8221;int_txt_sx&#8221;]Die Leidenschaft f\u00fcr neue Ideen und Innovation ist unsere Antrieb um L\u00f6sungen zu schaffen zur Verbesserung der Effizienz der industriellen Phasen.[\/vc_column_text][\/vc_column][vc_column width=&#8221;2\/3&#8243;][vc_column_text el_class=&#8221;int_txt_dx&#8221;] Techno Fittings ist im Jahr 1989 in Rom geboren mit dem Ziel Produkte und Instrumente fur das Management von Flussigkeiten und Gasen &hellip; Continue reading \"\u00dcber uns\"","og_url":"https:\/\/technofittings.com\/de\/wer-sind-wir\/","og_site_name":"Techno Fittings","article_modified_time":"2021-02-08T14:58:27+00:00","twitter_card":"summary_large_image","twitter_misc":{"Est. reading time":"1 minute"},"schema":{"@context":"https:\/\/schema.org","@graph":[{"@type":"WebPage","@id":"https:\/\/technofittings.com\/de\/wer-sind-wir\/","url":"https:\/\/technofittings.com\/de\/wer-sind-wir\/","name":"\u00dcber uns - Techno Fittings","isPartOf":{"@id":"https:\/\/technofittings.com\/#website"},"datePublished":"2021-01-26T14:59:21+00:00","dateModified":"2021-02-08T14:58:27+00:00","breadcrumb":{"@id":"https:\/\/technofittings.com\/de\/wer-sind-wir\/#breadcrumb"},"inLanguage":"de-DE","potentialAction":[{"@type":"ReadAction","target":["https:\/\/technofittings.com\/de\/wer-sind-wir\/"]}]},{"@type":"BreadcrumbList","@id":"https:\/\/technofittings.com\/de\/wer-sind-wir\/#breadcrumb","itemListElement":[{"@type":"ListItem","position":1,"name":"Home","item":"https:\/\/technofittings.com\/de\/"},{"@type":"ListItem","position":2,"name":"\u00dcber uns"}]},{"@type":"WebSite","@id":"https:\/\/technofittings.com\/#website","url":"https:\/\/technofittings.com\/","name":"Techno Fittings","description":"Prodotti e Servizi per l&#039;Industria e la Ricerca Scientifica","publisher":{"@id":"https:\/\/technofittings.com\/#organization"},"potentialAction":[{"@type":"SearchAction","target":{"@type":"EntryPoint","urlTemplate":"https:\/\/technofittings.com\/?s={search_term_string}"},"query-input":{"@type":"PropertyValueSpecification","valueRequired":true,"valueName":"search_term_string"}}],"inLanguage":"de-DE"},{"@type":"Organization","@id":"https:\/\/technofittings.com\/#organization","name":"Techno Fittings S.r.l.","url":"https:\/\/technofittings.com\/","logo":{"@type":"ImageObject","inLanguage":"de-DE","@id":"https:\/\/technofittings.com\/#\/schema\/logo\/image\/","url":"https:\/\/technofittings.com\/wp\/wp-content\/uploads\/2020\/01\/cropped-ico.png","contentUrl":"https:\/\/technofittings.com\/wp\/wp-content\/uploads\/2020\/01\/cropped-ico.png","width":512,"height":512,"caption":"Techno Fittings S.r.l."},"image":{"@id":"https:\/\/technofittings.com\/#\/schema\/logo\/image\/"}}]}},"_links":{"self":[{"href":"https:\/\/technofittings.com\/de\/wp-json\/wp\/v2\/pages\/1492","targetHints":{"allow":["GET"]}}],"collection":[{"href":"https:\/\/technofittings.com\/de\/wp-json\/wp\/v2\/pages"}],"about":[{"href":"https:\/\/technofittings.com\/de\/wp-json\/wp\/v2\/types\/page"}],"author":[{"embeddable":true,"href":"https:\/\/technofittings.com\/de\/wp-json\/wp\/v2\/users\/1"}],"replies":[{"embeddable":true,"href":"https:\/\/technofittings.com\/de\/wp-json\/wp\/v2\/comments?post=1492"}],"version-history":[{"count":0,"href":"https:\/\/technofittings.com\/de\/wp-json\/wp\/v2\/pages\/1492\/revisions"}],"wp:attachment":[{"href":"https:\/\/technofittings.com\/de\/wp-json\/wp\/v2\/media?parent=1492"}],"curies":[{"name":"wp","href":"https:\/\/api.w.org\/{rel}","templated":true}]}}